{"id":98780,"date":"2019-02-15T00:09:45","date_gmt":"2019-02-14T23:09:45","guid":{"rendered":"http:\/\/wikicollection.fr\/?post_type=product&#038;p=98780"},"modified":"2022-10-12T05:31:45","modified_gmt":"2022-10-12T04:31:45","slug":"ouvrage-numerise-annales-des-mines-essai-sur-les-jetons-et-medailles-de-mines-par-m-jules-florange","status":"publish","type":"product","link":"https:\/\/wikicollection.fr\/?product=ouvrage-numerise-annales-des-mines-essai-sur-les-jetons-et-medailles-de-mines-par-m-jules-florange","title":{"rendered":"Ouvrage num\u00e9ris\u00e9 &#8211; Essai sur les jetons et m\u00e9dailles de mines par M. Jules Florange"},"content":{"rendered":"<p>Superbe ouvrage qui vient compl\u00e9ter celui des jetons des mines et carri\u00e8res \u00e9dit\u00e9s par l&rsquo;ACJM. De nombreux jetons et m\u00e9dailles sont d\u00e9crits de mani\u00e8re pr\u00e9cise avec des explications quant \u00e0 leurs utilisations.<\/p>\n<p><strong>Ann\u00e9e de publication :<\/strong> 1904<br \/>\n<strong>Nombre de pages :<\/strong> 64<\/p>\n<p><a href=\"http:\/\/wikicollection.fr\/wp-content\/uploads\/2019\/02\/mine-florange1.jpg\" data-rel=\"lightbox-image-0\" data-magnific_type=\"image\" data-rl_title=\"\" data-rl_caption=\"\" title=\"\"><img loading=\"lazy\" decoding=\"async\" class=\"alignnone wp-image-98779\" src=\"http:\/\/wikicollection.fr\/wp-content\/uploads\/2019\/02\/mine-florange1.jpg\" alt=\"\" width=\"461\" height=\"703\" srcset=\"https:\/\/wikicollection.fr\/wp-content\/uploads\/2019\/02\/mine-florange1.jpg 1060w, https:\/\/wikicollection.fr\/wp-content\/uploads\/2019\/02\/mine-florange1-445x678.jpg 445w, https:\/\/wikicollection.fr\/wp-content\/uploads\/2019\/02\/mine-florange1-197x300.jpg 197w, https:\/\/wikicollection.fr\/wp-content\/uploads\/2019\/02\/mine-florange1-768x1171.jpg 768w, https:\/\/wikicollection.fr\/wp-content\/uploads\/2019\/02\/mine-florange1-672x1024.jpg 672w\" sizes=\"auto, (max-width: 461px) 100vw, 461px\" \/><\/a><\/p>\n","protected":false},"excerpt":{"rendered":"<p>Superbe ouvrage qui vient compl\u00e9ter celui des jetons des mines et carri\u00e8res \u00e9dit\u00e9s par l&rsquo;ACJM. De nombreux jetons et m\u00e9dailles<\/p>\n","protected":false},"featured_media":98782,"comment_status":"open","ping_status":"closed","template":"","meta":[],"product_cat":[203],"product_tag":[],"class_list":{"0":"post-98780","1":"product","2":"type-product","3":"status-publish","4":"has-post-thumbnail","6":"product_cat-etudes","8":"first","9":"instock","10":"sale","11":"downloadable","12":"virtual","13":"purchasable","14":"product-type-simple"},"_links":{"self":[{"href":"https:\/\/wikicollection.fr\/index.php?rest_route=\/wp\/v2\/product\/98780","targetHints":{"allow":["GET"]}}],"collection":[{"href":"https:\/\/wikicollection.fr\/index.php?rest_route=\/wp\/v2\/product"}],"about":[{"href":"https:\/\/wikicollection.fr\/index.php?rest_route=\/wp\/v2\/types\/product"}],"replies":[{"embeddable":true,"href":"https:\/\/wikicollection.fr\/index.php?rest_route=%2Fwp%2Fv2%2Fcomments&post=98780"}],"wp:featuredmedia":[{"embeddable":true,"href":"https:\/\/wikicollection.fr\/index.php?rest_route=\/wp\/v2\/media\/98782"}],"wp:attachment":[{"href":"https:\/\/wikicollection.fr\/index.php?rest_route=%2Fwp%2Fv2%2Fmedia&parent=98780"}],"wp:term":[{"taxonomy":"product_cat","embeddable":true,"href":"https:\/\/wikicollection.fr\/index.php?rest_route=%2Fwp%2Fv2%2Fproduct_cat&post=98780"},{"taxonomy":"product_tag","embeddable":true,"href":"https:\/\/wikicollection.fr\/index.php?rest_route=%2Fwp%2Fv2%2Fproduct_tag&post=98780"}],"curies":[{"name":"wp","href":"https:\/\/api.w.org\/{rel}","templated":true}]}}