{"id":92997,"date":"2018-10-17T22:06:40","date_gmt":"2018-10-17T21:06:40","guid":{"rendered":"http:\/\/wikicollection.fr\/?post_type=product&#038;p=92997"},"modified":"2019-11-23T10:52:39","modified_gmt":"2019-11-23T09:52:39","slug":"article-acjm-saint-freres-la-prevoyance-par-jean-paul-ligne","status":"publish","type":"product","link":"https:\/\/wikicollection.fr\/?product=article-acjm-saint-freres-la-prevoyance-par-jean-paul-ligne","title":{"rendered":"Article num\u00e9rique ACJM &#8211; Saint Fr\u00e8res, la Pr\u00e9voyance par Jean-Paul Lign\u00e9"},"content":{"rendered":"<p><strong>Saint Fr\u00e8res, la Pr\u00e9voyance\u00a0 par Jean-Paul Lign\u00e9<br \/>\n<\/strong>Les collectionneurs connaissent sans doute mieux les jetons des soci\u00e9t\u00e9 coop\u00e9rative de consommation de la pr\u00e9voyance de Beauval, Cond\u00e9-Folie, l&rsquo;Etoile (les moulins bleus), Flixecourt, Pont-R\u00e9my et Saint Ouen, qui \u00e9taient toutes des succursales d&rsquo;une des usines de lin du groupe Saint Fr\u00e8res dans la Somme. Le lecteur trouvera dans cet article, l&rsquo;histoire de cette soci\u00e9t\u00e9, l&rsquo;implantation de ses usines et diff\u00e9rents exemplaires des jetons de pain utilis\u00e9s dans ces \u00e9tablissements.<\/p>\n","protected":false},"excerpt":{"rendered":"<p>Cet article est gratuit pour les adh\u00e9rents ACJM \u00e0 jour de leurs cotisations annuelles (utiliser l&rsquo;option paiement \u00e0 la livraison).<\/p>\n","protected":false},"featured_media":92999,"comment_status":"open","ping_status":"closed","template":"","meta":[],"product_cat":[45],"product_tag":[],"class_list":{"0":"post-92997","1":"product","2":"type-product","3":"status-publish","4":"has-post-thumbnail","6":"product_cat-bibliographie","8":"first","9":"instock","10":"downloadable","11":"virtual","12":"purchasable","13":"product-type-simple"},"_links":{"self":[{"href":"https:\/\/wikicollection.fr\/index.php?rest_route=\/wp\/v2\/product\/92997","targetHints":{"allow":["GET"]}}],"collection":[{"href":"https:\/\/wikicollection.fr\/index.php?rest_route=\/wp\/v2\/product"}],"about":[{"href":"https:\/\/wikicollection.fr\/index.php?rest_route=\/wp\/v2\/types\/product"}],"replies":[{"embeddable":true,"href":"https:\/\/wikicollection.fr\/index.php?rest_route=%2Fwp%2Fv2%2Fcomments&post=92997"}],"wp:featuredmedia":[{"embeddable":true,"href":"https:\/\/wikicollection.fr\/index.php?rest_route=\/wp\/v2\/media\/92999"}],"wp:attachment":[{"href":"https:\/\/wikicollection.fr\/index.php?rest_route=%2Fwp%2Fv2%2Fmedia&parent=92997"}],"wp:term":[{"taxonomy":"product_cat","embeddable":true,"href":"https:\/\/wikicollection.fr\/index.php?rest_route=%2Fwp%2Fv2%2Fproduct_cat&post=92997"},{"taxonomy":"product_tag","embeddable":true,"href":"https:\/\/wikicollection.fr\/index.php?rest_route=%2Fwp%2Fv2%2Fproduct_tag&post=92997"}],"curies":[{"name":"wp","href":"https:\/\/api.w.org\/{rel}","templated":true}]}}