{"id":92962,"date":"2018-10-15T21:31:31","date_gmt":"2018-10-15T20:31:31","guid":{"rendered":"http:\/\/wikicollection.fr\/?post_type=product&#038;p=92962"},"modified":"2025-01-12T20:30:11","modified_gmt":"2025-01-12T19:30:11","slug":"les-bains-lyonnais-histoire-billets-jetons-1800-1950-par-serge-dufour","status":"publish","type":"product","link":"https:\/\/wikicollection.fr\/?product=les-bains-lyonnais-histoire-billets-jetons-1800-1950-par-serge-dufour","title":{"rendered":"Les Bains Lyonnais &#8211; Histoire, billets &#038; jetons 1800-1950 par Serge Dufour"},"content":{"rendered":"<p><strong>Auteur :<\/strong> Serge DUFOUR<br \/>\n<strong>Editeur :<\/strong> l\u2019ACJM et le CERCLE LYONNAIS de NUMISMATIQUE<br \/>\n<strong>Langue :<\/strong> Fran\u00e7ais<br \/>\n<strong>Caract\u00e9ristiques :<\/strong> Paris 2014, broch\u00e9, (21 x 29,7 cm), 258 p., illustrations en couleur<br \/>\n<strong>Poids :<\/strong> 1080 g.<\/p>\n<p><a href=\"http:\/\/wikicollection.fr\/wp-content\/uploads\/2018\/10\/bains-lyon.jpg\" data-rel=\"lightbox-image-0\" data-magnific_type=\"image\" data-rl_title=\"\" data-rl_caption=\"\" title=\"\"><img loading=\"lazy\" decoding=\"async\" class=\" wp-image-92963\" src=\"http:\/\/wikicollection.fr\/wp-content\/uploads\/2018\/10\/bains-lyon.jpg\" alt=\"\" width=\"719\" height=\"1006\" srcset=\"https:\/\/wikicollection.fr\/wp-content\/uploads\/2018\/10\/bains-lyon.jpg 1400w, https:\/\/wikicollection.fr\/wp-content\/uploads\/2018\/10\/bains-lyon-445x623.jpg 445w, https:\/\/wikicollection.fr\/wp-content\/uploads\/2018\/10\/bains-lyon-214x300.jpg 214w, https:\/\/wikicollection.fr\/wp-content\/uploads\/2018\/10\/bains-lyon-768x1075.jpg 768w, https:\/\/wikicollection.fr\/wp-content\/uploads\/2018\/10\/bains-lyon-732x1024.jpg 732w\" sizes=\"auto, (max-width: 719px) 100vw, 719px\" \/><\/a><\/p>\n","protected":false},"excerpt":{"rendered":"<p>Avec cet ouvrage Monsieur Dufour nous offre une v\u00e9ritable mine de renseignements sur l&rsquo;un de ces \u00ab\u00a0petits m\u00e9tiers\u00a0\u00bb aujourd&rsquo;hui disparus. Ces jetons, patiemment rassembl\u00e9s, servent de fil conducteur \u00e0 une \u00e9tude fouill\u00e9e des \u00e9tablissements de bain qui contribuaient \u00e0 agr\u00e9menter la vie des Lyonnais du XIXe si\u00e8cle et du d\u00e9but du XXe si\u00e8cle. Ce sont aussi ces jetons qui permettent de classer le travail de Serge Dufour parmi les \u00e9tudes numismatiques.<br \/>\nTir\u00e9 de la pr\u00e9face par Jean-Pold Donn\u00e9, Pr\u00e9sident du Cercle Lyonnais de Numismatique.<\/p>\n","protected":false},"featured_media":92964,"comment_status":"open","ping_status":"closed","template":"","meta":[],"product_cat":[45],"product_tag":[],"class_list":{"0":"post-92962","1":"product","2":"type-product","3":"status-publish","4":"has-post-thumbnail","6":"product_cat-bibliographie","7":"product_shipping_class-livraison-colissimo","9":"first","10":"instock","11":"purchasable","12":"product-type-simple"},"_links":{"self":[{"href":"https:\/\/wikicollection.fr\/index.php?rest_route=\/wp\/v2\/product\/92962","targetHints":{"allow":["GET"]}}],"collection":[{"href":"https:\/\/wikicollection.fr\/index.php?rest_route=\/wp\/v2\/product"}],"about":[{"href":"https:\/\/wikicollection.fr\/index.php?rest_route=\/wp\/v2\/types\/product"}],"replies":[{"embeddable":true,"href":"https:\/\/wikicollection.fr\/index.php?rest_route=%2Fwp%2Fv2%2Fcomments&post=92962"}],"wp:featuredmedia":[{"embeddable":true,"href":"https:\/\/wikicollection.fr\/index.php?rest_route=\/wp\/v2\/media\/92964"}],"wp:attachment":[{"href":"https:\/\/wikicollection.fr\/index.php?rest_route=%2Fwp%2Fv2%2Fmedia&parent=92962"}],"wp:term":[{"taxonomy":"product_cat","embeddable":true,"href":"https:\/\/wikicollection.fr\/index.php?rest_route=%2Fwp%2Fv2%2Fproduct_cat&post=92962"},{"taxonomy":"product_tag","embeddable":true,"href":"https:\/\/wikicollection.fr\/index.php?rest_route=%2Fwp%2Fv2%2Fproduct_tag&post=92962"}],"curies":[{"name":"wp","href":"https:\/\/api.w.org\/{rel}","templated":true}]}}