{"id":92513,"date":"2018-10-02T23:15:33","date_gmt":"2018-10-02T22:15:33","guid":{"rendered":"http:\/\/wikicollection.fr\/?post_type=product&#038;p=92513"},"modified":"2019-11-14T20:13:44","modified_gmt":"2019-11-14T19:13:44","slug":"the-token-book-17th-18th-19th-century","status":"publish","type":"product","link":"https:\/\/wikicollection.fr\/?product=the-token-book-17th-18th-19th-century","title":{"rendered":"The token book \/ 17th 18th &#038; 19th Century"},"content":{"rendered":"<p><strong>THE TOKEN BOOK 17th, 18th &amp; 19th century British tokens and their values by P &amp; B R Withers<\/strong><br \/>\nWinner of the Royal Numismatic Society&rsquo;s LHOTKA PRIZE.<\/p>\n<p>20 page introduction with a brief account of how to understand tokens, and a list of the standard reference works for each main type.<\/p>\n<p>Nearly 3500 17th century tokens listed, with Williamson\/Dickinson ref. numbers, and prices for Fine condition. Over 2,500 of these are illustrated, including the most commonly found pieces, the most interesting, those that are heart-shaped, square, hexagonal or octagonal, and those depicting the tools and products of various trades and activities, inn signs, and the arms of the livery companies.<\/p>\n<p>For each county there are details of the token-issuing towns, cities and villages with the number of tokens they issued.<\/p>\n<p>18th century tokens listed with Dalton &amp; Hamer references, all types listed, with edge varieties, and prices for up to three grades. Gives more information and has many more illustrations than the Schwer guide.<\/p>\n<p>19th century silver tokens listed with Dalton references. All types listed, prices for EF condition.<\/p>\n<p>19th century copper tokens listed with Withers references. All types listed, prices for three grades.<\/p>\n<p>Evasion halfpennies and farthings listed with Atkins references, prices for fair or Fine condition.<\/p>\n<p>Select bibliography.\u00a0 Detailed index with 2000 entries.<\/p>\n<p><strong>14 x 22 cm<br \/>\n512 pages<\/strong><\/p>\n<p><a href=\"http:\/\/wikicollection.fr\/wp-content\/uploads\/2018\/10\/436.jpg\" data-rel=\"lightbox-image-0\" data-magnific_type=\"image\" data-rl_title=\"\" data-rl_caption=\"\" title=\"\"><img loading=\"lazy\" decoding=\"async\" class=\"alignnone size-full wp-image-92514\" src=\"http:\/\/wikicollection.fr\/wp-content\/uploads\/2018\/10\/436.jpg\" alt=\"\" width=\"480\" height=\"749\" srcset=\"https:\/\/wikicollection.fr\/wp-content\/uploads\/2018\/10\/436.jpg 480w, https:\/\/wikicollection.fr\/wp-content\/uploads\/2018\/10\/436-445x694.jpg 445w, https:\/\/wikicollection.fr\/wp-content\/uploads\/2018\/10\/436-192x300.jpg 192w\" sizes=\"auto, (max-width: 480px) 100vw, 480px\" \/><\/a><\/p>\n<p><a href=\"http:\/\/wikicollection.fr\/wp-content\/uploads\/2018\/10\/70b.jpg\" data-rel=\"lightbox-image-1\" data-magnific_type=\"image\" data-rl_title=\"\" data-rl_caption=\"\" title=\"\"><img loading=\"lazy\" decoding=\"async\" class=\"alignnone size-full wp-image-92519\" src=\"http:\/\/wikicollection.fr\/wp-content\/uploads\/2018\/10\/70b.jpg\" alt=\"\" width=\"482\" height=\"756\" srcset=\"https:\/\/wikicollection.fr\/wp-content\/uploads\/2018\/10\/70b.jpg 482w, https:\/\/wikicollection.fr\/wp-content\/uploads\/2018\/10\/70b-445x698.jpg 445w, https:\/\/wikicollection.fr\/wp-content\/uploads\/2018\/10\/70b-191x300.jpg 191w\" sizes=\"auto, (max-width: 482px) 100vw, 482px\" \/><\/a><\/p>\n<p><a href=\"http:\/\/wikicollection.fr\/wp-content\/uploads\/2018\/10\/71b.jpg\" data-rel=\"lightbox-image-2\" data-magnific_type=\"image\" data-rl_title=\"\" data-rl_caption=\"\" title=\"\"><img loading=\"lazy\" decoding=\"async\" class=\"alignnone size-full wp-image-92520\" src=\"http:\/\/wikicollection.fr\/wp-content\/uploads\/2018\/10\/71b.jpg\" alt=\"\" width=\"482\" height=\"756\" srcset=\"https:\/\/wikicollection.fr\/wp-content\/uploads\/2018\/10\/71b.jpg 482w, https:\/\/wikicollection.fr\/wp-content\/uploads\/2018\/10\/71b-445x698.jpg 445w, https:\/\/wikicollection.fr\/wp-content\/uploads\/2018\/10\/71b-191x300.jpg 191w\" sizes=\"auto, (max-width: 482px) 100vw, 482px\" \/><\/a><\/p>\n","protected":false},"excerpt":{"rendered":"<p>Superbe ouvrage dont toutes les pages sont agr\u00e9ment\u00e9es de num\u00e9risations en couleur.<\/p>\n","protected":false},"featured_media":92521,"comment_status":"open","ping_status":"closed","template":"","meta":[],"product_cat":[45],"product_tag":[],"class_list":{"0":"post-92513","1":"product","2":"type-product","3":"status-publish","4":"has-post-thumbnail","6":"product_cat-bibliographie","7":"product_shipping_class-livraison-colissimo","9":"first","10":"outofstock","11":"sale","12":"purchasable","13":"product-type-simple"},"_links":{"self":[{"href":"https:\/\/wikicollection.fr\/index.php?rest_route=\/wp\/v2\/product\/92513","targetHints":{"allow":["GET"]}}],"collection":[{"href":"https:\/\/wikicollection.fr\/index.php?rest_route=\/wp\/v2\/product"}],"about":[{"href":"https:\/\/wikicollection.fr\/index.php?rest_route=\/wp\/v2\/types\/product"}],"replies":[{"embeddable":true,"href":"https:\/\/wikicollection.fr\/index.php?rest_route=%2Fwp%2Fv2%2Fcomments&post=92513"}],"wp:featuredmedia":[{"embeddable":true,"href":"https:\/\/wikicollection.fr\/index.php?rest_route=\/wp\/v2\/media\/92521"}],"wp:attachment":[{"href":"https:\/\/wikicollection.fr\/index.php?rest_route=%2Fwp%2Fv2%2Fmedia&parent=92513"}],"wp:term":[{"taxonomy":"product_cat","embeddable":true,"href":"https:\/\/wikicollection.fr\/index.php?rest_route=%2Fwp%2Fv2%2Fproduct_cat&post=92513"},{"taxonomy":"product_tag","embeddable":true,"href":"https:\/\/wikicollection.fr\/index.php?rest_route=%2Fwp%2Fv2%2Fproduct_tag&post=92513"}],"curies":[{"name":"wp","href":"https:\/\/api.w.org\/{rel}","templated":true}]}}