{"id":91461,"date":"2018-09-02T23:12:49","date_gmt":"2018-09-02T22:12:49","guid":{"rendered":"http:\/\/wikicollection.fr\/?post_type=product&#038;p=91461"},"modified":"2019-11-23T10:47:52","modified_gmt":"2019-11-23T09:47:52","slug":"article-acjm-les-jetons-de-lotissage-des-halles-de-paris-roland-elie-et-lucien-lariche","status":"publish","type":"product","link":"https:\/\/wikicollection.fr\/?product=article-acjm-les-jetons-de-lotissage-des-halles-de-paris-roland-elie-et-lucien-lariche","title":{"rendered":"Article num\u00e9rique ACJM &#8211; Les jetons de lotissage des Halles de Paris par Roland Elie et Lucien Lariche"},"content":{"rendered":"<p><strong>Les jetons de lotissage des Halles de Paris par Roland Elie et Lucien Lariche<\/strong><\/p>\n<p>Ces pi\u00e8ces de cuivre, de laiton, ou de bronze sont apparues au d\u00e9but du XVII si\u00e8cle et portent souvent d&rsquo;un cot\u00e9, le nom d&rsquo;un individu et de l&rsquo;autre un symbole, une fleur de de lys ou des initiales.<\/p>\n<p>Un certain de jetons pr\u00e9sent\u00e9s dans cet article sont issus du mus\u00e9e Carnavalet de Paris sont class\u00e9s par caract\u00e8re graphique ou d\u00e9coratif. Leur utilisation y est d\u00e9crite sur la base des r\u00e8gles retrouv\u00e9es en usage \u00e0 cette \u00e9poque\u00a0; Leur utilisation prit fin probablement au milieu du XVIII\u00e8me si\u00e8cle.<\/p>\n","protected":false},"excerpt":{"rendered":"<p>Cet article est gratuit pour les adh\u00e9rents ACJM \u00e0 jour de leurs cotisations annuelles (utiliser l&rsquo;option paiement \u00e0 la livraison).<\/p>\n","protected":false},"featured_media":91463,"comment_status":"open","ping_status":"closed","template":"","meta":[],"product_cat":[203],"product_tag":[],"class_list":{"0":"post-91461","1":"product","2":"type-product","3":"status-publish","4":"has-post-thumbnail","6":"product_cat-etudes","8":"first","9":"instock","10":"downloadable","11":"virtual","12":"purchasable","13":"product-type-simple"},"_links":{"self":[{"href":"https:\/\/wikicollection.fr\/index.php?rest_route=\/wp\/v2\/product\/91461","targetHints":{"allow":["GET"]}}],"collection":[{"href":"https:\/\/wikicollection.fr\/index.php?rest_route=\/wp\/v2\/product"}],"about":[{"href":"https:\/\/wikicollection.fr\/index.php?rest_route=\/wp\/v2\/types\/product"}],"replies":[{"embeddable":true,"href":"https:\/\/wikicollection.fr\/index.php?rest_route=%2Fwp%2Fv2%2Fcomments&post=91461"}],"wp:featuredmedia":[{"embeddable":true,"href":"https:\/\/wikicollection.fr\/index.php?rest_route=\/wp\/v2\/media\/91463"}],"wp:attachment":[{"href":"https:\/\/wikicollection.fr\/index.php?rest_route=%2Fwp%2Fv2%2Fmedia&parent=91461"}],"wp:term":[{"taxonomy":"product_cat","embeddable":true,"href":"https:\/\/wikicollection.fr\/index.php?rest_route=%2Fwp%2Fv2%2Fproduct_cat&post=91461"},{"taxonomy":"product_tag","embeddable":true,"href":"https:\/\/wikicollection.fr\/index.php?rest_route=%2Fwp%2Fv2%2Fproduct_tag&post=91461"}],"curies":[{"name":"wp","href":"https:\/\/api.w.org\/{rel}","templated":true}]}}