{"id":90275,"date":"2018-07-30T23:17:42","date_gmt":"2018-07-30T22:17:42","guid":{"rendered":"http:\/\/wikicollection.fr\/?post_type=product&#038;p=90275"},"modified":"2022-01-04T17:22:37","modified_gmt":"2022-01-04T16:22:37","slug":"jetons-metalliques-des-cercles-et-casinos-francais-et-coloniaux-par-r-elie","status":"publish","type":"product","link":"https:\/\/wikicollection.fr\/?product=jetons-metalliques-des-cercles-et-casinos-francais-et-coloniaux-par-r-elie","title":{"rendered":"Jetons m\u00e9talliques des cercles et casinos fran\u00e7ais et coloniaux par R. Elie"},"content":{"rendered":"<p>Ce catalogue recense les jetons m\u00e9talliques de cercle et casino. Il comprend bien s\u00fbr de nombreux jetons-monnaies pour la France et ses colonies mais est avant tout tr\u00e8s largement document\u00e9.<\/p>\n<p><strong>Editeur:<\/strong>\u00a0<a href=\"http:\/\/wikicollection.fr\/?p=41766\">ACJM \u2013 Association des Collectionneurs de Jetons-Monnaie<\/a><br \/>\n<strong>Auteur:<\/strong> Collectif<br \/>\n<strong>Ann\u00e9e d\u2019\u00e9dition:<\/strong> 1994<br \/>\n<strong>Format:<\/strong> 20,5\u00d729,4<br \/>\n<strong>Poids:<\/strong> 480 g<br \/>\n<strong>Langue:<\/strong> Fran\u00e7ais<br \/>\n<strong>Nombre de pages:<\/strong> 171<br \/>\n<strong>Prix public:<\/strong> 20\u20ac<br \/>\nOuvrage broch\u00e9.<\/p>\n<p><a href=\"http:\/\/wikicollection.fr\/wp-content\/uploads\/2018\/07\/jeton-casino.jpg\" data-rel=\"lightbox-image-0\" data-magnific_type=\"image\" data-rl_title=\"\" data-rl_caption=\"\" title=\"\"><img loading=\"lazy\" decoding=\"async\" class=\"alignnone size-full wp-image-90276\" src=\"http:\/\/wikicollection.fr\/wp-content\/uploads\/2018\/07\/jeton-casino.jpg\" alt=\"\" width=\"600\" height=\"840\" srcset=\"https:\/\/wikicollection.fr\/wp-content\/uploads\/2018\/07\/jeton-casino.jpg 600w, https:\/\/wikicollection.fr\/wp-content\/uploads\/2018\/07\/jeton-casino-445x623.jpg 445w, https:\/\/wikicollection.fr\/wp-content\/uploads\/2018\/07\/jeton-casino-214x300.jpg 214w\" sizes=\"auto, (max-width: 600px) 100vw, 600px\" \/><\/a><\/p>\n","protected":false},"excerpt":{"rendered":"<p>Ce catalogue recense les jetons m\u00e9talliques de cercle et casino. Il comprend bien s\u00fbr de nombreux jetons-monnaies pour la France<\/p>\n","protected":false},"featured_media":90277,"comment_status":"open","ping_status":"closed","template":"","meta":[],"product_cat":[45],"product_tag":[],"class_list":{"0":"post-90275","1":"product","2":"type-product","3":"status-publish","4":"has-post-thumbnail","6":"product_cat-bibliographie","7":"product_shipping_class-livraison-colissimo","9":"first","10":"outofstock","11":"purchasable","12":"product-type-simple"},"_links":{"self":[{"href":"https:\/\/wikicollection.fr\/index.php?rest_route=\/wp\/v2\/product\/90275","targetHints":{"allow":["GET"]}}],"collection":[{"href":"https:\/\/wikicollection.fr\/index.php?rest_route=\/wp\/v2\/product"}],"about":[{"href":"https:\/\/wikicollection.fr\/index.php?rest_route=\/wp\/v2\/types\/product"}],"replies":[{"embeddable":true,"href":"https:\/\/wikicollection.fr\/index.php?rest_route=%2Fwp%2Fv2%2Fcomments&post=90275"}],"wp:featuredmedia":[{"embeddable":true,"href":"https:\/\/wikicollection.fr\/index.php?rest_route=\/wp\/v2\/media\/90277"}],"wp:attachment":[{"href":"https:\/\/wikicollection.fr\/index.php?rest_route=%2Fwp%2Fv2%2Fmedia&parent=90275"}],"wp:term":[{"taxonomy":"product_cat","embeddable":true,"href":"https:\/\/wikicollection.fr\/index.php?rest_route=%2Fwp%2Fv2%2Fproduct_cat&post=90275"},{"taxonomy":"product_tag","embeddable":true,"href":"https:\/\/wikicollection.fr\/index.php?rest_route=%2Fwp%2Fv2%2Fproduct_tag&post=90275"}],"curies":[{"name":"wp","href":"https:\/\/api.w.org\/{rel}","templated":true}]}}