{"id":87022,"date":"2018-05-06T16:52:30","date_gmt":"2018-05-06T15:52:30","guid":{"rendered":"http:\/\/wikicollection.fr\/?post_type=product&#038;p=87022"},"modified":"2019-11-23T10:49:34","modified_gmt":"2019-11-23T09:49:34","slug":"article-acjm-les-etablissements-du-bois-de-boulogne-r-elie","status":"publish","type":"product","link":"https:\/\/wikicollection.fr\/?product=article-acjm-les-etablissements-du-bois-de-boulogne-r-elie","title":{"rendered":"Article num\u00e9rique ACJM &#8211; Les \u00e9tablissements du Bois de Boulogne (R. Elie)"},"content":{"rendered":"<p><strong>Les \u00e9tablissements du Bois de Boulogne\u00a0 (num\u00e9ro 20,\u00a0 pages23 \u00e0 35) par R Elie<\/strong><\/p>\n<p>On ne compte pas moins de 10 \u00e9tablissements qui exer\u00e7aient leurs activit\u00e9s dans l&rsquo;enceinte du Bois de Boulogne et qui ont \u00e9mis de jetons\u00a0: les Ch\u00e2lets du Cycle, du Touring Club\u00a0; le ch\u00e2teau de Madrid, les\u00a0 Pavillon d&rsquo;Armenonville, Chinois, Dauphine, Royal et le c\u00e9l\u00e8bre Pr\u00e9 Catelan.avec sa ferme mod\u00e8le dans un style normand. Tous les jetons \u00e9mis par ces restaurants figurent dans l&rsquo;article avec des photos d&rsquo;\u00e9poque sans oublier le jardin d&rsquo;acclimatation et la Compagnie du Chemin de Fer du Bois de Boulogne\u00a0 La majeure partie de ces \u00e9tablissements existe encore autour du jardin d&rsquo;acclimatation.<\/p>\n","protected":false},"excerpt":{"rendered":"<p>Cet article est gratuit pour les adh\u00e9rents ACJM \u00e0 jour de leurs cotisations annuelles (utiliser l&rsquo;option paiement \u00e0 la livraison).<\/p>\n","protected":false},"featured_media":87029,"comment_status":"open","ping_status":"closed","template":"","meta":[],"product_cat":[203],"product_tag":[],"class_list":{"0":"post-87022","1":"product","2":"type-product","3":"status-publish","4":"has-post-thumbnail","6":"product_cat-etudes","8":"first","9":"instock","10":"downloadable","11":"virtual","12":"sold-individually","13":"purchasable","14":"product-type-simple"},"_links":{"self":[{"href":"https:\/\/wikicollection.fr\/index.php?rest_route=\/wp\/v2\/product\/87022","targetHints":{"allow":["GET"]}}],"collection":[{"href":"https:\/\/wikicollection.fr\/index.php?rest_route=\/wp\/v2\/product"}],"about":[{"href":"https:\/\/wikicollection.fr\/index.php?rest_route=\/wp\/v2\/types\/product"}],"replies":[{"embeddable":true,"href":"https:\/\/wikicollection.fr\/index.php?rest_route=%2Fwp%2Fv2%2Fcomments&post=87022"}],"wp:featuredmedia":[{"embeddable":true,"href":"https:\/\/wikicollection.fr\/index.php?rest_route=\/wp\/v2\/media\/87029"}],"wp:attachment":[{"href":"https:\/\/wikicollection.fr\/index.php?rest_route=%2Fwp%2Fv2%2Fmedia&parent=87022"}],"wp:term":[{"taxonomy":"product_cat","embeddable":true,"href":"https:\/\/wikicollection.fr\/index.php?rest_route=%2Fwp%2Fv2%2Fproduct_cat&post=87022"},{"taxonomy":"product_tag","embeddable":true,"href":"https:\/\/wikicollection.fr\/index.php?rest_route=%2Fwp%2Fv2%2Fproduct_tag&post=87022"}],"curies":[{"name":"wp","href":"https:\/\/api.w.org\/{rel}","templated":true}]}}