{"id":85781,"date":"2018-03-24T12:08:59","date_gmt":"2018-03-24T11:08:59","guid":{"rendered":"http:\/\/wikicollection.fr\/?post_type=product&#038;p=85781"},"modified":"2019-11-23T10:49:05","modified_gmt":"2019-11-23T09:49:05","slug":"article-acjm-les-etablissements-ungemack-a-schiltigheim-a-marchand","status":"publish","type":"product","link":"https:\/\/wikicollection.fr\/?product=article-acjm-les-etablissements-ungemack-a-schiltigheim-a-marchand","title":{"rendered":"Article num\u00e9rique ACJM &#8211; Les \u00e9tablissements Ungemack \u00e0 schiltigheim (A. Marchand)"},"content":{"rendered":"<p><strong>Les \u00e9tablissements Ungemack \u00e0 schiltigheim (67) (num\u00e9ro 12)<\/strong><\/p>\n<p>Ville connue pour ses brasseries, Schiltigheim a aussi une conserverie qui a \u00e9dit\u00e9 son propre syst\u00e8me de jetons pendant les p\u00e9riodes allemande et fran\u00e7aise. L&rsquo;histoire de la st\u00e9 et l&rsquo;inventaire des jetons (dont certain ont le nom des marques fabriqu\u00e9es\u00a0: amieux, lorin &#8230;) sont la base de cet article \u00e9crit par Alain Marchand grand connaisseur de cette r\u00e9gion (voir son livre sur les monnaies d&rsquo;Alsace et de Lorraine).<\/p>\n","protected":false},"excerpt":{"rendered":"<p>Cet article est gratuit pour les adh\u00e9rents ACJM \u00e0 jour de leurs cotisations annuelles (utiliser l&rsquo;option paiement \u00e0 la livraison).<\/p>\n","protected":false},"featured_media":85804,"comment_status":"open","ping_status":"closed","template":"","meta":[],"product_cat":[203],"product_tag":[],"class_list":{"0":"post-85781","1":"product","2":"type-product","3":"status-publish","4":"has-post-thumbnail","6":"product_cat-etudes","8":"first","9":"instock","10":"downloadable","11":"virtual","12":"purchasable","13":"product-type-simple"},"_links":{"self":[{"href":"https:\/\/wikicollection.fr\/index.php?rest_route=\/wp\/v2\/product\/85781","targetHints":{"allow":["GET"]}}],"collection":[{"href":"https:\/\/wikicollection.fr\/index.php?rest_route=\/wp\/v2\/product"}],"about":[{"href":"https:\/\/wikicollection.fr\/index.php?rest_route=\/wp\/v2\/types\/product"}],"replies":[{"embeddable":true,"href":"https:\/\/wikicollection.fr\/index.php?rest_route=%2Fwp%2Fv2%2Fcomments&post=85781"}],"wp:featuredmedia":[{"embeddable":true,"href":"https:\/\/wikicollection.fr\/index.php?rest_route=\/wp\/v2\/media\/85804"}],"wp:attachment":[{"href":"https:\/\/wikicollection.fr\/index.php?rest_route=%2Fwp%2Fv2%2Fmedia&parent=85781"}],"wp:term":[{"taxonomy":"product_cat","embeddable":true,"href":"https:\/\/wikicollection.fr\/index.php?rest_route=%2Fwp%2Fv2%2Fproduct_cat&post=85781"},{"taxonomy":"product_tag","embeddable":true,"href":"https:\/\/wikicollection.fr\/index.php?rest_route=%2Fwp%2Fv2%2Fproduct_tag&post=85781"}],"curies":[{"name":"wp","href":"https:\/\/api.w.org\/{rel}","templated":true}]}}