{"id":85764,"date":"2018-03-19T00:22:10","date_gmt":"2018-03-18T23:22:10","guid":{"rendered":"http:\/\/wikicollection.fr\/?post_type=product&#038;p=85764"},"modified":"2019-11-23T10:50:52","modified_gmt":"2019-11-23T09:50:52","slug":"article-acjm-les-mines-de-sain-bel-r-elie","status":"publish","type":"product","link":"https:\/\/wikicollection.fr\/?product=article-acjm-les-mines-de-sain-bel-r-elie","title":{"rendered":"Article num\u00e9rique ACJM &#8211; Les mines de Sain Bel (R. Elie)"},"content":{"rendered":"<p><strong>Les mines de Sain Bel (69) (num\u00e9ro 8)<\/strong><\/p>\n<p>D\u00e9j\u00e0 exploit\u00e9e d\u00e8s l&rsquo;antiquit\u00e9, la mine de Sain Bel au nord de Lyon produisait du plomb et du cuivre. Avant sa fusion avec la st\u00e9 St gobain en 1872, la maison Perret Fr\u00e8res employait pr\u00e8s de 800 personnes qui purent b\u00e9n\u00e9ficier d&rsquo;une \u00ab\u00a0pension-alimentaire \u00ab\u00a0 (1845-1911) utilisant des jetons- monnaies et de nourriture dont Roland Elie a fait le recensement et l&rsquo;histoire.<\/p>\n","protected":false},"excerpt":{"rendered":"<p>Cet article est gratuit pour les adh\u00e9rents ACJM \u00e0 jour de leurs cotisations annuelles (utiliser l&rsquo;option paiement \u00e0 la livraison).<\/p>\n","protected":false},"featured_media":85808,"comment_status":"open","ping_status":"closed","template":"","meta":[],"product_cat":[203],"product_tag":[],"class_list":{"0":"post-85764","1":"product","2":"type-product","3":"status-publish","4":"has-post-thumbnail","6":"product_cat-etudes","8":"first","9":"instock","10":"downloadable","11":"virtual","12":"purchasable","13":"product-type-simple"},"_links":{"self":[{"href":"https:\/\/wikicollection.fr\/index.php?rest_route=\/wp\/v2\/product\/85764","targetHints":{"allow":["GET"]}}],"collection":[{"href":"https:\/\/wikicollection.fr\/index.php?rest_route=\/wp\/v2\/product"}],"about":[{"href":"https:\/\/wikicollection.fr\/index.php?rest_route=\/wp\/v2\/types\/product"}],"replies":[{"embeddable":true,"href":"https:\/\/wikicollection.fr\/index.php?rest_route=%2Fwp%2Fv2%2Fcomments&post=85764"}],"wp:featuredmedia":[{"embeddable":true,"href":"https:\/\/wikicollection.fr\/index.php?rest_route=\/wp\/v2\/media\/85808"}],"wp:attachment":[{"href":"https:\/\/wikicollection.fr\/index.php?rest_route=%2Fwp%2Fv2%2Fmedia&parent=85764"}],"wp:term":[{"taxonomy":"product_cat","embeddable":true,"href":"https:\/\/wikicollection.fr\/index.php?rest_route=%2Fwp%2Fv2%2Fproduct_cat&post=85764"},{"taxonomy":"product_tag","embeddable":true,"href":"https:\/\/wikicollection.fr\/index.php?rest_route=%2Fwp%2Fv2%2Fproduct_tag&post=85764"}],"curies":[{"name":"wp","href":"https:\/\/api.w.org\/{rel}","templated":true}]}}