{"id":85749,"date":"2018-03-18T17:27:03","date_gmt":"2018-03-18T16:27:03","guid":{"rendered":"http:\/\/wikicollection.fr\/?post_type=product&#038;p=85749"},"modified":"2019-11-23T10:43:54","modified_gmt":"2019-11-23T09:43:54","slug":"article-acjm-les-jetons-lacroix-angouleme","status":"publish","type":"product","link":"https:\/\/wikicollection.fr\/?product=article-acjm-les-jetons-lacroix-angouleme","title":{"rendered":"Article num\u00e9rique ACJM &#8211; Les jetons Lacroix-Angoul\u00e8me"},"content":{"rendered":"<p><strong>Les jetons Lacroix-Angoul\u00e8me (num\u00e9ro 7 et 10)<\/strong><\/p>\n<p>Les jetons \u00ab\u00a0paquetage\u00a0\u00bb et \u00ab\u00a01000 cahiers\u00a0\u00bb de la St\u00e9 du Riz Lacroix peuvent \u00eatre une enigme pour celles et ceux qui ne connaissent pas le mode de production adopt\u00e9 dans cette usine de papier \u00e0 cigarettes. L&rsquo;article d&rsquo;Andr\u00e9 G\u00e9rard d\u00e9crit l&rsquo;histoire de cette soci\u00e9t\u00e9, son mode d&rsquo;organisation et recense les jetons qu&rsquo;elle a \u00e9dit\u00e9.<\/p>\n","protected":false},"excerpt":{"rendered":"<p>Cet article est gratuit pour les adh\u00e9rents ACJM \u00e0 jour de leurs cotisations annuelles (utiliser l&rsquo;option paiement \u00e0 la livraison).<\/p>\n","protected":false},"featured_media":85803,"comment_status":"open","ping_status":"closed","template":"","meta":[],"product_cat":[203],"product_tag":[],"class_list":{"0":"post-85749","1":"product","2":"type-product","3":"status-publish","4":"has-post-thumbnail","6":"product_cat-etudes","8":"first","9":"instock","10":"downloadable","11":"virtual","12":"purchasable","13":"product-type-simple"},"_links":{"self":[{"href":"https:\/\/wikicollection.fr\/index.php?rest_route=\/wp\/v2\/product\/85749","targetHints":{"allow":["GET"]}}],"collection":[{"href":"https:\/\/wikicollection.fr\/index.php?rest_route=\/wp\/v2\/product"}],"about":[{"href":"https:\/\/wikicollection.fr\/index.php?rest_route=\/wp\/v2\/types\/product"}],"replies":[{"embeddable":true,"href":"https:\/\/wikicollection.fr\/index.php?rest_route=%2Fwp%2Fv2%2Fcomments&post=85749"}],"wp:featuredmedia":[{"embeddable":true,"href":"https:\/\/wikicollection.fr\/index.php?rest_route=\/wp\/v2\/media\/85803"}],"wp:attachment":[{"href":"https:\/\/wikicollection.fr\/index.php?rest_route=%2Fwp%2Fv2%2Fmedia&parent=85749"}],"wp:term":[{"taxonomy":"product_cat","embeddable":true,"href":"https:\/\/wikicollection.fr\/index.php?rest_route=%2Fwp%2Fv2%2Fproduct_cat&post=85749"},{"taxonomy":"product_tag","embeddable":true,"href":"https:\/\/wikicollection.fr\/index.php?rest_route=%2Fwp%2Fv2%2Fproduct_tag&post=85749"}],"curies":[{"name":"wp","href":"https:\/\/api.w.org\/{rel}","templated":true}]}}