{"id":85101,"date":"2018-02-16T21:51:17","date_gmt":"2018-02-16T20:51:17","guid":{"rendered":"http:\/\/wikicollection.fr\/?post_type=product&#038;p=85101"},"modified":"2019-11-23T10:53:28","modified_gmt":"2019-11-23T09:53:28","slug":"article-acjm-jetons-de-taxe-sur-les-chiens-r-elie","status":"publish","type":"product","link":"https:\/\/wikicollection.fr\/?product=article-acjm-jetons-de-taxe-sur-les-chiens-r-elie","title":{"rendered":"Article num\u00e9rique ACJM &#8211; Jetons de taxe sur les chiens (R. Elie)"},"content":{"rendered":"<p><strong>Jetons de taxe sur les chiens (R. Elie) p24-25<\/strong><\/p>\n<p>Venue d&rsquo;Angleterre ou elle existait en 1796, quelques villes ont tent\u00e9 de l&rsquo;implanter d\u00e8s 1842, avant qu&rsquo;elle ne fasse l&rsquo;objet d&rsquo;une r\u00e9glementation sp\u00e9cifique en 1855. Dans un article court, Roland Elie nous fait un bref historique de l&rsquo;existence de cette taxe (supprim\u00e9e\u00a0 en 1971)\u00a0 ou l&rsquo;on apprendra la diff\u00e9rence entre chiens de luxe (agr\u00e9ment, chasse \u2026) et deuxi\u00e8me classe (garde, berger \u2026). Quelques exemplaires de ces jetons illustrent l&rsquo;article.<\/p>\n<p>&nbsp;<\/p>\n","protected":false},"excerpt":{"rendered":"<p>Cet article est gratuit pour les adh\u00e9rents ACJM \u00e0 jour de leurs cotisations annuelles (utiliser l&rsquo;option paiement \u00e0 la livraison).<\/p>\n","protected":false},"featured_media":85805,"comment_status":"open","ping_status":"closed","template":"","meta":[],"product_cat":[203],"product_tag":[],"class_list":{"0":"post-85101","1":"product","2":"type-product","3":"status-publish","4":"has-post-thumbnail","6":"product_cat-etudes","8":"first","9":"instock","10":"downloadable","11":"virtual","12":"sold-individually","13":"purchasable","14":"product-type-simple"},"_links":{"self":[{"href":"https:\/\/wikicollection.fr\/index.php?rest_route=\/wp\/v2\/product\/85101","targetHints":{"allow":["GET"]}}],"collection":[{"href":"https:\/\/wikicollection.fr\/index.php?rest_route=\/wp\/v2\/product"}],"about":[{"href":"https:\/\/wikicollection.fr\/index.php?rest_route=\/wp\/v2\/types\/product"}],"replies":[{"embeddable":true,"href":"https:\/\/wikicollection.fr\/index.php?rest_route=%2Fwp%2Fv2%2Fcomments&post=85101"}],"wp:featuredmedia":[{"embeddable":true,"href":"https:\/\/wikicollection.fr\/index.php?rest_route=\/wp\/v2\/media\/85805"}],"wp:attachment":[{"href":"https:\/\/wikicollection.fr\/index.php?rest_route=%2Fwp%2Fv2%2Fmedia&parent=85101"}],"wp:term":[{"taxonomy":"product_cat","embeddable":true,"href":"https:\/\/wikicollection.fr\/index.php?rest_route=%2Fwp%2Fv2%2Fproduct_cat&post=85101"},{"taxonomy":"product_tag","embeddable":true,"href":"https:\/\/wikicollection.fr\/index.php?rest_route=%2Fwp%2Fv2%2Fproduct_tag&post=85101"}],"curies":[{"name":"wp","href":"https:\/\/api.w.org\/{rel}","templated":true}]}}