{"id":84969,"date":"2018-02-10T19:20:46","date_gmt":"2018-02-10T18:20:46","guid":{"rendered":"http:\/\/wikicollection.fr\/?post_type=product&#038;p=84969"},"modified":"2019-11-23T10:46:42","modified_gmt":"2019-11-23T09:46:42","slug":"bulletin-acjm-la-societe-saint-vincent-de-paul","status":"publish","type":"product","link":"https:\/\/wikicollection.fr\/?product=bulletin-acjm-la-societe-saint-vincent-de-paul","title":{"rendered":"Article num\u00e9rique ACJM &#8211; La Soci\u00e9t\u00e9 Saint Vincent de Paul"},"content":{"rendered":"<p><strong>La Soci\u00e9t\u00e9 Saint Vincent de Paul (num\u00e9ro 25)<\/strong><\/p>\n<p>Fond\u00e9e en 1831, cette \u0153uvre se d\u00e9veloppera rapidement et se consacrera plus particuli\u00e8rement \u00e0 la cr\u00e9ation de fourneaux \u00e9conomiques dans toute la France \u00e0 partir de 1848. Pour un prix tr\u00e8s modique, des aliments chauds pouvaient \u00eatre consomm\u00e9s sur place. C&rsquo;est dans ce cadre que des jetons (pain, soupe, viande, l\u00e9gumes \u2026 ont \u00e9t\u00e9 \u00e9dit\u00e9s). Roland Elie en a recens\u00e9 pour 18 villes m\u00e9tropolitaines et une alg\u00e9rienne dans un article de 8 pages.<\/p>\n","protected":false},"excerpt":{"rendered":"<p>Cet article est gratuit pour les adh\u00e9rents ACJM \u00e0 jour de leurs cotisations annuelles (utiliser l&rsquo;option paiement \u00e0 la livraison).<\/p>\n","protected":false},"featured_media":85807,"comment_status":"open","ping_status":"closed","template":"","meta":[],"product_cat":[203],"product_tag":[],"class_list":{"0":"post-84969","1":"product","2":"type-product","3":"status-publish","4":"has-post-thumbnail","6":"product_cat-etudes","8":"first","9":"instock","10":"downloadable","11":"virtual","12":"sold-individually","13":"purchasable","14":"product-type-simple"},"_links":{"self":[{"href":"https:\/\/wikicollection.fr\/index.php?rest_route=\/wp\/v2\/product\/84969","targetHints":{"allow":["GET"]}}],"collection":[{"href":"https:\/\/wikicollection.fr\/index.php?rest_route=\/wp\/v2\/product"}],"about":[{"href":"https:\/\/wikicollection.fr\/index.php?rest_route=\/wp\/v2\/types\/product"}],"replies":[{"embeddable":true,"href":"https:\/\/wikicollection.fr\/index.php?rest_route=%2Fwp%2Fv2%2Fcomments&post=84969"}],"wp:featuredmedia":[{"embeddable":true,"href":"https:\/\/wikicollection.fr\/index.php?rest_route=\/wp\/v2\/media\/85807"}],"wp:attachment":[{"href":"https:\/\/wikicollection.fr\/index.php?rest_route=%2Fwp%2Fv2%2Fmedia&parent=84969"}],"wp:term":[{"taxonomy":"product_cat","embeddable":true,"href":"https:\/\/wikicollection.fr\/index.php?rest_route=%2Fwp%2Fv2%2Fproduct_cat&post=84969"},{"taxonomy":"product_tag","embeddable":true,"href":"https:\/\/wikicollection.fr\/index.php?rest_route=%2Fwp%2Fv2%2Fproduct_tag&post=84969"}],"curies":[{"name":"wp","href":"https:\/\/api.w.org\/{rel}","templated":true}]}}