{"id":79621,"date":"2017-09-18T15:42:13","date_gmt":"2017-09-18T14:42:13","guid":{"rendered":"http:\/\/wikicollection.fr\/?post_type=product&#038;p=79621"},"modified":"2018-03-25T16:22:16","modified_gmt":"2018-03-25T15:22:16","slug":"jetons-monnaie-francais-de-transport-par-bernard-carruesco","status":"publish","type":"product","link":"https:\/\/wikicollection.fr\/?product=jetons-monnaie-francais-de-transport-par-bernard-carruesco","title":{"rendered":"Jetons Monnaie Fran\u00e7ais de Transport par Bernard Carruesco"},"content":{"rendered":"<p>Depuis les livres de notre regrett\u00e9 Roland Elie sur les jetons de transport, de nombreuses monnaies ont \u00e9t\u00e9 d\u00e9couvertes et justifiaient \u00e0 elles seules une nouvelle publication. La chance que nous avons, \u00e0 l\u2019ACJM, est de compter parmi nos membres un collectionneur qui ne s\u2019int\u00e9resse pas seulement \u00e0 ces petits souvenirs m\u00e9talliques que sont les jetons, mais aussi \u00e0 l\u2019histoire et \u00e0 la technologie des transports en commun. Ce point de vue singulier permet \u00e0 ce nouveau r\u00e9pertoire de ne pas \u00eatre un simple catalogue de monnaies,<br \/>\nmais de resituer ces t\u00e9moins dans leur contexte d\u2019utilisation, qu\u2019il s\u2019agisse du public concern\u00e9, du choix des trajets, de la soci\u00e9t\u00e9 qui les a \u00e9mis, ou des v\u00e9hicules et des voies utilis\u00e9s. C\u2019est donc une invitation au voyage que nous propose notre ami Bernard Carruesco, dans un pass\u00e9 pas si lointain dont les tramways, notamment, n\u2019ont rien de d\u00e9pass\u00e9 puisqu\u2019on y revient de nos jours, o\u00f9 il faut bien concilier rentabilit\u00e9 et d\u00e9veloppement durable\u2026<\/p>\n<p>Vous trouverez dans ce livre de 230 pages plusieurs types de jetons li\u00e9s \u00e0 diff\u00e9rents types de transports :<br \/>\n\u2022 Les omnibus ;<br \/>\n\u2022 Les voitures de louage ;<br \/>\n\u2022 Les tramways et funiculaires ;<br \/>\n\u2022 Les bateaux-bacs ;<br \/>\n\u2022 Les transbordeurs.<\/p>\n<p>Pr\u00e8s de 50 villes fran\u00e7aises y sont pr\u00e9sent\u00e9es, avec presque 400 jetons diff\u00e9rents et autant de photos, plans et illustrations diverses qui feront de ce livre une r\u00e9f\u00e9rence dans ce domaine de collection.<\/p>\n<p>Pour les professionnels (numismates; librairies et services d&rsquo;archives), un tarif sp\u00e9cifique est disponible sur demande.<\/p>\n<p><a href=\"http:\/\/wikicollection.fr\/wp-content\/uploads\/2017\/09\/carruesco-gd.jpg\" data-rel=\"lightbox-image-0\" data-magnific_type=\"image\" data-rl_title=\"\" data-rl_caption=\"\" title=\"\"><img loading=\"lazy\" decoding=\"async\" class=\"alignnone size-full wp-image-79623\" src=\"http:\/\/wikicollection.fr\/wp-content\/uploads\/2017\/09\/carruesco-gd.jpg\" alt=\"\" width=\"415\" height=\"600\" srcset=\"https:\/\/wikicollection.fr\/wp-content\/uploads\/2017\/09\/carruesco-gd.jpg 415w, https:\/\/wikicollection.fr\/wp-content\/uploads\/2017\/09\/carruesco-gd-208x300.jpg 208w\" sizes=\"auto, (max-width: 415px) 100vw, 415px\" \/><\/a><\/p>\n","protected":false},"excerpt":{"rendered":"<p>Depuis les livres de notre regrett\u00e9 Roland Elie sur les jetons de transport, de nombreuses monnaies ont \u00e9t\u00e9 d\u00e9couvertes et<\/p>\n","protected":false},"featured_media":85821,"comment_status":"open","ping_status":"closed","template":"","meta":[],"product_cat":[45],"product_tag":[],"class_list":{"0":"post-79621","1":"product","2":"type-product","3":"status-publish","4":"has-post-thumbnail","6":"product_cat-bibliographie","7":"product_shipping_class-livraison-colissimo-petit-envoi","9":"first","10":"instock","11":"purchasable","12":"product-type-simple"},"_links":{"self":[{"href":"https:\/\/wikicollection.fr\/index.php?rest_route=\/wp\/v2\/product\/79621","targetHints":{"allow":["GET"]}}],"collection":[{"href":"https:\/\/wikicollection.fr\/index.php?rest_route=\/wp\/v2\/product"}],"about":[{"href":"https:\/\/wikicollection.fr\/index.php?rest_route=\/wp\/v2\/types\/product"}],"replies":[{"embeddable":true,"href":"https:\/\/wikicollection.fr\/index.php?rest_route=%2Fwp%2Fv2%2Fcomments&post=79621"}],"wp:featuredmedia":[{"embeddable":true,"href":"https:\/\/wikicollection.fr\/index.php?rest_route=\/wp\/v2\/media\/85821"}],"wp:attachment":[{"href":"https:\/\/wikicollection.fr\/index.php?rest_route=%2Fwp%2Fv2%2Fmedia&parent=79621"}],"wp:term":[{"taxonomy":"product_cat","embeddable":true,"href":"https:\/\/wikicollection.fr\/index.php?rest_route=%2Fwp%2Fv2%2Fproduct_cat&post=79621"},{"taxonomy":"product_tag","embeddable":true,"href":"https:\/\/wikicollection.fr\/index.php?rest_route=%2Fwp%2Fv2%2Fproduct_tag&post=79621"}],"curies":[{"name":"wp","href":"https:\/\/api.w.org\/{rel}","templated":true}]}}