{"id":54271,"date":"2016-11-08T22:10:49","date_gmt":"2016-11-08T21:10:49","guid":{"rendered":"http:\/\/wikicollection.fr\/?post_type=product&#038;p=54271"},"modified":"2018-03-25T16:10:23","modified_gmt":"2018-03-25T15:10:23","slug":"numismatique-des-mines-et-carrieres-francaises-et-coloniales-par-lacjm","status":"publish","type":"product","link":"https:\/\/wikicollection.fr\/?product=numismatique-des-mines-et-carrieres-francaises-et-coloniales-par-lacjm","title":{"rendered":"Numismatique des Mines et Carri\u00e8res Fran\u00e7aises et Coloniales par l&rsquo;ACJM"},"content":{"rendered":"<p>Ce catalogue recense les jetons des Mines et Carri\u00e8res. Il comprend bien s\u00fbr de nombreux jetons-monnaies (alimentation, outillage, lampisterie, pointage) pour la France et ses colonies mais est avant tout tr\u00e8s largement document\u00e9. Plus qu&rsquo;un livre destin\u00e9 aux collectionneurs, il s&rsquo;agit d&rsquo;un v\u00e9ritable t\u00e9moignage sur la r\u00e9alit\u00e9 du monde de la mine.<\/p>\n<p><strong>Editeur:<\/strong>\u00a0<a href=\"http:\/\/wikicollection.fr\/?p=41766\">ACJM \u2013 Association des Collectionneurs de Jetons-Monnaie<\/a><br \/>\n<strong>Auteur:<\/strong> Collectif<br \/>\n<strong>Ann\u00e9e d\u2019\u00e9dition:<\/strong> 1999<br \/>\n<strong>Format:<\/strong> 20,8\u00d729,8<br \/>\n<strong>Poids:<\/strong> 580 g<br \/>\n<strong>Langue:<\/strong> Fran\u00e7ais<br \/>\n<strong>Nombre de pages:<\/strong>\u00a0360<br \/>\n<strong>Prix public:<\/strong> 40\u20ac<br \/>\nOuvrage broch\u00e9.<\/p>\n","protected":false},"excerpt":{"rendered":"<p>Edition 1999 par l&rsquo;<a href=\"http:\/\/wikicollection.fr\/?p=41766\">ACJM<\/a>.<br \/>\nR\u00e9pertorie les jetons class\u00e9s par ville (majorit\u00e9 repr\u00e9sent\u00e9s) et c\u00f4t\u00e9s en francs. 360 pages.<\/p>\n","protected":false},"featured_media":85815,"comment_status":"open","ping_status":"closed","template":"","meta":[],"product_cat":[45],"product_tag":[],"class_list":{"0":"post-54271","1":"product","2":"type-product","3":"status-publish","4":"has-post-thumbnail","6":"product_cat-bibliographie","8":"first","9":"outofstock","10":"purchasable","11":"product-type-simple"},"_links":{"self":[{"href":"https:\/\/wikicollection.fr\/index.php?rest_route=\/wp\/v2\/product\/54271","targetHints":{"allow":["GET"]}}],"collection":[{"href":"https:\/\/wikicollection.fr\/index.php?rest_route=\/wp\/v2\/product"}],"about":[{"href":"https:\/\/wikicollection.fr\/index.php?rest_route=\/wp\/v2\/types\/product"}],"replies":[{"embeddable":true,"href":"https:\/\/wikicollection.fr\/index.php?rest_route=%2Fwp%2Fv2%2Fcomments&post=54271"}],"wp:featuredmedia":[{"embeddable":true,"href":"https:\/\/wikicollection.fr\/index.php?rest_route=\/wp\/v2\/media\/85815"}],"wp:attachment":[{"href":"https:\/\/wikicollection.fr\/index.php?rest_route=%2Fwp%2Fv2%2Fmedia&parent=54271"}],"wp:term":[{"taxonomy":"product_cat","embeddable":true,"href":"https:\/\/wikicollection.fr\/index.php?rest_route=%2Fwp%2Fv2%2Fproduct_cat&post=54271"},{"taxonomy":"product_tag","embeddable":true,"href":"https:\/\/wikicollection.fr\/index.php?rest_route=%2Fwp%2Fv2%2Fproduct_tag&post=54271"}],"curies":[{"name":"wp","href":"https:\/\/api.w.org\/{rel}","templated":true}]}}