{"id":41481,"date":"2016-05-20T22:18:29","date_gmt":"2016-05-20T21:18:29","guid":{"rendered":"http:\/\/wikicollection.fr\/?post_type=product&#038;p=41481"},"modified":"2022-12-27T21:17:34","modified_gmt":"2022-12-27T20:17:34","slug":"les-jetons-de-bal-par-lucien-lariche","status":"publish","type":"product","link":"https:\/\/wikicollection.fr\/?product=les-jetons-de-bal-par-lucien-lariche","title":{"rendered":"Les jetons de bal, par Lucien Lariche"},"content":{"rendered":"<p>Dans les bals, le \u00ab donneur de cachets \u00bb passait de table en table pour d\u00e9livrer contre paiement le droit de participer \u00e0 la danse. Les danseurs avaient aussi la possibilit\u00e9 d\u2019acheter un cachet (ou jeton) d\u2019abonnement les dispensant de r\u00e9gler chaque danse.<\/p>\n<p>Le paiement \u00e0 la danse est un usage ancien. On en trouve trace tout au long du 19\u00e8me si\u00e8cle. L\u2019ordonnance pr\u00e9fectorale du 31 mai 1833 le rappelle express\u00e9ment lorsqu\u2019elle \u00e9voque le paiement sous forme de cachets .<\/p>\n<p>Divers jetons portant la mention \u00ab bon pour une contredanse \u00bb\u00a0 ou \u00ab abonnement \u00bb ) attestent l\u2019existence de ces pratiques au 19\u00e8me si\u00e8cle.<br \/>\nDurant la p\u00e9riode 1900-1940, le paiement \u00e0 la danse a \u00e9t\u00e9 appliqu\u00e9 dans les bals musette qui foisonnaient \u00e0 cette \u00e9poque. La contredanse \u00e9tant alors pass\u00e9e de mode, les nombreux jetons t\u00e9moins de ce proc\u00e9d\u00e9 portent l\u2019inscription \u00ab bon pour une danse \u00bb.<\/p>\n<p><img loading=\"lazy\" decoding=\"async\" class=\"alignnone size-full wp-image-41483\" src=\"http:\/\/wikicollection.fr\/wp-content\/uploads\/bal-acjm.jpg\" alt=\"bal-acjm\" width=\"942\" height=\"558\" srcset=\"https:\/\/wikicollection.fr\/wp-content\/uploads\/bal-acjm.jpg 942w, https:\/\/wikicollection.fr\/wp-content\/uploads\/bal-acjm-300x178.jpg 300w, https:\/\/wikicollection.fr\/wp-content\/uploads\/bal-acjm-768x455.jpg 768w\" sizes=\"auto, (max-width: 942px) 100vw, 942px\" \/><br \/>\n<em>Le bal de l\u2019Hermite dans les ann\u00e9es 1900 \u00e0 Maisons-Alfort<\/em><\/p>\n<p>Dans ces bals, l\u2019entr\u00e9e \u00e9tait gratuite et les consommations \u00e0 un prix raisonnable. A chaque danse, les musiciens commen\u00e7aient \u00e0 jouer puis s\u2019interrompaient pour permettre au patron de r\u00e9clamer aux couples le paiement : \u00ab Passons la monnaie, passons la monnaie! \u00bb. Aussit\u00f4t, les danseurs sortaient de leur poche les jetons qu\u2019ils s\u2019\u00e9taient pr\u00e9alablement procur\u00e9s \u00e0 la caisse. Leurs cavali\u00e8res ne payaient pas. L\u2019encaissement termin\u00e9, le patron invitait les musiciens \u00e0 reprendre : \u00ab Envoyez la musique! \u00bb ou \u00ab Allez, roulez!\u00bb. Parfois, il prenait la pr\u00e9caution de tendre une corde autour de la piste pour d\u00e9courager les resquilleurs. Et toutes ces op\u00e9rations se renouvelaient \u00e0 chaque danse.<br \/>\nCette pratique laissait aux clients une grande libert\u00e9. Si l\u2019ambiance du bal ne leur convenait pas, ils pouvaient en partir sans regret. Dans les quartiers o\u00f9 les \u00e9tablissements \u00e9taient nombreux, les danseurs ne se privaient pas de circuler de l\u2019un \u00e0 l\u2019autre. On comprend alors que les tenanciers de bals aient fait frapper des jetons de formes tr\u00e8s vari\u00e9es afin de les reconna\u00eetre, au simple toucher, lors du ramassage.<\/p>\n<p>Figurent \u00e9galement dans ce catalogue des jetons avec valeur faciale. Ils ont sans doute servi \u00e0 r\u00e9gler les consommations dans les caf\u00e9s, brasseries ou restaurants qui abritaient les bals. Toutefois, lorsque leur valeur correspondait au prix d\u2019une danse (10 \u00e0 30 c selon l\u2019\u00e9poque et le lieu), ils ont pu \u00eatre utilis\u00e9s pour acc\u00e9der \u00e0 la piste. Du reste, quelques pi\u00e8ces comportent \u00e0 la fois une valeur faciale et la mention \u00abBon pour une danse\u00bb<br \/>\nCertains jetons \u00e9taient donn\u00e9s contre paiement \u00e0 l\u2019entr\u00e9e du bal et accept\u00e9s ensuite, \u00e0 l\u2019int\u00e9rieur de l\u2019\u00e9tablissement, en r\u00e8glement des consommations.<br \/>\nDans ce catalogue quelques jetons ayant un caract\u00e8re purement publicitaire.<\/p>\n<p><em>Texte extrait du site de l&rsquo;ACJM.<\/em><\/p>\n<p><img loading=\"lazy\" decoding=\"async\" class=\"alignnone size-full wp-image-41484\" src=\"http:\/\/wikicollection.fr\/wp-content\/uploads\/jeton-bal3.jpg\" alt=\"jeton-bal3\" width=\"506\" height=\"723\" srcset=\"https:\/\/wikicollection.fr\/wp-content\/uploads\/jeton-bal3.jpg 506w, https:\/\/wikicollection.fr\/wp-content\/uploads\/jeton-bal3-210x300.jpg 210w\" sizes=\"auto, (max-width: 506px) 100vw, 506px\" \/><\/p>\n<p>Editeur :\u00a0ACJM \u2013 Association des Collectionneurs de Jetons-Monnaie<br \/>\nAnn\u00e9e d\u2019\u00e9dition : 2006<br \/>\nFormat : 22\u00d730,5<br \/>\nPoids : 1,5 Kg<br \/>\nLangue : Fran\u00e7ais<br \/>\nNombre de pages :\u00a0336<br \/>\nPrix public : 65\u20ac<br \/>\nOuvrage reli\u00e9 avec couverture cartonn\u00e9e habill\u00e9e de toile.<\/p>\n<p>&nbsp;<\/p>\n<p>&nbsp;<\/p>\n","protected":false},"excerpt":{"rendered":"<p>830 jetons repr\u00e9sent\u00e9s et cot\u00e9s en TTB et SUP, nombreuses illustrations<br \/>\nPrix public : 65\u20ac<\/p>\n","protected":false},"featured_media":85828,"comment_status":"open","ping_status":"closed","template":"","meta":[],"product_cat":[45],"product_tag":[],"class_list":{"0":"post-41481","1":"product","2":"type-product","3":"status-publish","4":"has-post-thumbnail","6":"product_cat-bibliographie","7":"product_shipping_class-livraison-colissimo","9":"first","10":"outofstock","11":"sold-individually","12":"purchasable","13":"product-type-simple"},"_links":{"self":[{"href":"https:\/\/wikicollection.fr\/index.php?rest_route=\/wp\/v2\/product\/41481","targetHints":{"allow":["GET"]}}],"collection":[{"href":"https:\/\/wikicollection.fr\/index.php?rest_route=\/wp\/v2\/product"}],"about":[{"href":"https:\/\/wikicollection.fr\/index.php?rest_route=\/wp\/v2\/types\/product"}],"replies":[{"embeddable":true,"href":"https:\/\/wikicollection.fr\/index.php?rest_route=%2Fwp%2Fv2%2Fcomments&post=41481"}],"wp:featuredmedia":[{"embeddable":true,"href":"https:\/\/wikicollection.fr\/index.php?rest_route=\/wp\/v2\/media\/85828"}],"wp:attachment":[{"href":"https:\/\/wikicollection.fr\/index.php?rest_route=%2Fwp%2Fv2%2Fmedia&parent=41481"}],"wp:term":[{"taxonomy":"product_cat","embeddable":true,"href":"https:\/\/wikicollection.fr\/index.php?rest_route=%2Fwp%2Fv2%2Fproduct_cat&post=41481"},{"taxonomy":"product_tag","embeddable":true,"href":"https:\/\/wikicollection.fr\/index.php?rest_route=%2Fwp%2Fv2%2Fproduct_tag&post=41481"}],"curies":[{"name":"wp","href":"https:\/\/api.w.org\/{rel}","templated":true}]}}