{"id":41475,"date":"2016-05-20T20:47:38","date_gmt":"2016-05-20T19:47:38","guid":{"rendered":"http:\/\/wikicollection.fr\/?post_type=product&#038;p=41475"},"modified":"2026-02-03T19:56:17","modified_gmt":"2026-02-03T18:56:17","slug":"jetons-militaires","status":"publish","type":"product","link":"https:\/\/wikicollection.fr\/?product=jetons-militaires","title":{"rendered":"Jetons-monnaies militaires fran\u00e7ais et coloniaux, par Roland Elie"},"content":{"rendered":"<p>Roland Elie est l&rsquo;un des sp\u00e9cialistes fran\u00e7ais incontournable pour les monnaies de n\u00e9cessit\u00e9. Cet ouvrage\u00a0r\u00e9pertorie plus de 2000\u00a0Jetons-Monnaie\u00a0Militaires (1800-2000) en France et dans les colonies c\u00f4t\u00e9s en TTB et SUP dont environ 1600 repr\u00e9sent\u00e9s. Ces jetons sont g\u00e9n\u00e9ralement tr\u00e8s recherch\u00e9s car beaucoup de collectionneurs ont pour th\u00e8me le militaria. De plus, leurs \u00e9missions furent tr\u00e8s r\u00e9duites.<\/p>\n<p><strong>Titre :<\/strong> Jetons-monnaie militaires fran\u00e7ais et coloniaux 1800-2000<br \/>\n<strong>Auteur :<\/strong> Roland Elie<br \/>\n<strong>Editeur :<\/strong> ACJM &#8211; Association des Collectionneurs de Jetons-Monnaie<br \/>\n<strong>Ann\u00e9e d&rsquo;\u00e9dition :<\/strong> 2009<br \/>\n<strong>Format :<\/strong> 22&#215;30,5<br \/>\n<strong>Poids :<\/strong> 1,5 Kg<br \/>\n<strong>Langue :<\/strong> Fran\u00e7ais<br \/>\n<strong>Nombre de pages :<\/strong>\u00a0336<br \/>\n<strong>Prix public :<\/strong> 60\u20ac<br \/>\n<strong>Note :<\/strong> Ouvrage reli\u00e9 avec couverture simili.<\/p>\n<p><img loading=\"lazy\" decoding=\"async\" class=\"alignnone size-full wp-image-41476\" src=\"http:\/\/wikicollection.fr\/wp-content\/uploads\/militaire.jpg\" alt=\"militaire\" width=\"491\" height=\"694\" srcset=\"https:\/\/wikicollection.fr\/wp-content\/uploads\/militaire.jpg 491w, https:\/\/wikicollection.fr\/wp-content\/uploads\/militaire-212x300.jpg 212w\" sizes=\"auto, (max-width: 491px) 100vw, 491px\" \/><\/p>\n","protected":false},"excerpt":{"rendered":"<p>Edition 2009 par Roland Elie. Prix public 60eur !!!<br \/>\nLa plupart des jetons-monnaies militaires sont r\u00e9pertori\u00e9s illustr\u00e9s et c\u00f4t\u00e9s en euros. 336\u00a0pages.<\/p>\n","protected":false},"featured_media":85829,"comment_status":"open","ping_status":"closed","template":"","meta":[],"product_cat":[45],"product_tag":[],"class_list":{"0":"post-41475","1":"product","2":"type-product","3":"status-publish","4":"has-post-thumbnail","6":"product_cat-bibliographie","7":"product_shipping_class-livraison-colissimo","9":"first","10":"outofstock","11":"sale","12":"sold-individually","13":"purchasable","14":"product-type-simple"},"_links":{"self":[{"href":"https:\/\/wikicollection.fr\/index.php?rest_route=\/wp\/v2\/product\/41475","targetHints":{"allow":["GET"]}}],"collection":[{"href":"https:\/\/wikicollection.fr\/index.php?rest_route=\/wp\/v2\/product"}],"about":[{"href":"https:\/\/wikicollection.fr\/index.php?rest_route=\/wp\/v2\/types\/product"}],"replies":[{"embeddable":true,"href":"https:\/\/wikicollection.fr\/index.php?rest_route=%2Fwp%2Fv2%2Fcomments&post=41475"}],"wp:featuredmedia":[{"embeddable":true,"href":"https:\/\/wikicollection.fr\/index.php?rest_route=\/wp\/v2\/media\/85829"}],"wp:attachment":[{"href":"https:\/\/wikicollection.fr\/index.php?rest_route=%2Fwp%2Fv2%2Fmedia&parent=41475"}],"wp:term":[{"taxonomy":"product_cat","embeddable":true,"href":"https:\/\/wikicollection.fr\/index.php?rest_route=%2Fwp%2Fv2%2Fproduct_cat&post=41475"},{"taxonomy":"product_tag","embeddable":true,"href":"https:\/\/wikicollection.fr\/index.php?rest_route=%2Fwp%2Fv2%2Fproduct_tag&post=41475"}],"curies":[{"name":"wp","href":"https:\/\/api.w.org\/{rel}","templated":true}]}}