{"id":37906,"date":"2016-04-12T22:47:00","date_gmt":"2016-04-12T21:47:00","guid":{"rendered":"http:\/\/wikicollection.fr\/?post_type=product&#038;p=37906"},"modified":"2025-06-10T23:50:25","modified_gmt":"2025-06-10T22:50:25","slug":"jetons-audition","status":"publish","type":"product","link":"https:\/\/wikicollection.fr\/?product=jetons-audition","title":{"rendered":"Jetons d&rsquo;audition France et ex-colonie, par Pierre Hubert et Bernard Nesly"},"content":{"rendered":"<p>Jusqu&rsquo;\u00e0 la seconde guerre mondiale, pour faire conna\u00eetre leurs cr\u00e9ations, les auteurs, compositeurs et interpr\u00e8tes de chansons ne disposaient pas des puissants moyens de diffusion mis en oeuvre de nos jours. C&rsquo;est sur la sc\u00e8ne des th\u00e9\u00e2tres, cabarets ou music-halls qu&rsquo;ils devaient pr\u00e9senter leurs nouveaut\u00e9s. Leurs prestations \u00e9taient relay\u00e9es par les musiciens des brasseries et des bals populaires ainsi que par les chanteurs des rues qui reprenaient les airs \u00e0 succ\u00e8s et en vendaient les partitions, paroles et musique, appel\u00e9es \u00ab petits formats \u00bb.<\/p>\n<p>Un autre moyen de promotion des chansons nouvelles \u00e9taient les appareils automatiques \u00e0 musique. Install\u00e9s dans des salles ouvertes au public, ces appareils cohabitaient souvent avec des distributeurs, jeux automatiques et diverses machines \u00e0 sous.<\/p>\n<p>A cette \u00e9poque o\u00f9 la TSF et le phonographe n&rsquo;\u00e9taient pas entr\u00e9s, tant s&rsquo;en faut, dans tous les foyers, on pouvait voir en ces endroits des personnes de tous \u00e2ges, align\u00e9es devant les appareils \u00e0 musique, les \u00e9couteurs sur les oreilles, ravies d&rsquo;entendre leur chanteur pr\u00e9f\u00e9r\u00e9 et l&rsquo;accompagnant \u00e0 mi-voix en lisant le \u00ab petit format \u00bb affich\u00e9 devant leurs yeux.<\/p>\n<p>Ces salles d&rsquo;audition \u00e9taient localis\u00e9es dans les quartiers o\u00f9 se concentraient d&rsquo;autres lieux de distraction: cin\u00e9mas, music-halls, cabarets, brasseries, caf\u00e9s-concerts, dancings. . . Ainsi \u00e0 Paris, sur une cinquantaine d&rsquo;\u00e9tablissements recens\u00e9s, plus de la moiti\u00e9 se trouvait sur les Grands Boulevards, entre la place de la R\u00e9publique et l&rsquo;Op\u00e9ra, et sur les anciens Boulevards Ext\u00e9rieurs, du boulevard de la Villette \u00e0 la place Clichy. A l&rsquo;heure actuelle, toutes ces maisons d&rsquo;audition ont disparu.<\/p>\n<p>Deux membres de notre association, Bernard NESLY et Pierre HUBERT, ont eu l&rsquo;heureuse id\u00e9e de rassembler dans un catalogue les jetons qui ont servi \u00e0 faire fonctionner ces appareils \u00e0 musique. Leur ouvrage qui regroupe environ 500 pi\u00e8ces reproduites et cot\u00e9es, avec une description minutieuse des vari\u00e9t\u00e9s, est d&rsquo;autant plus pr\u00e9cieux qu&rsquo;aucun inventaire n&rsquo;avait \u00e9t\u00e9 entrepris jusqu&rsquo;\u00e0 pr\u00e9sent.<\/p>\n<p>Les jetons d&rsquo;audition \u00e9tant encore d&rsquo;un prix abordable, nous sommes persuad\u00e9s qu&rsquo;avec la publication de ce catalogue, de nombreux collectionneurs s&rsquo;y int\u00e9resseront.<\/p>\n<p>Lucien LARICHE<\/p>\n<p>&nbsp;<\/p>\n<p>Editeur : ACJM &#8211; Association des Collectionneurs de Jetons-Monnaie<br \/>\nAnn\u00e9e d&rsquo;\u00e9dition : 2004<br \/>\nFormat : 16,5&#215;24,0<br \/>\nPoids : 1,3\u00a0Kg<br \/>\nLangue : Fran\u00e7ais<br \/>\nNombre de pages :\u00a0154<br \/>\nPrix public : 25\u20ac<br \/>\nOuvrage broch\u00e9 avec couverture souple.<\/p>\n","protected":false},"excerpt":{"rendered":"<p>500 jetons repr\u00e9sent\u00e9s et cot\u00e9s en TTB et SUP, illustrations<br \/>\nOuvrage broch\u00e9 avec couverture souple<\/p>\n","protected":false},"featured_media":85824,"comment_status":"open","ping_status":"closed","template":"","meta":[],"product_cat":[45],"product_tag":[],"class_list":{"0":"post-37906","1":"product","2":"type-product","3":"status-publish","4":"has-post-thumbnail","6":"product_cat-bibliographie","7":"product_shipping_class-livraison-colissimo","9":"first","10":"outofstock","11":"sold-individually","12":"purchasable","13":"product-type-simple"},"_links":{"self":[{"href":"https:\/\/wikicollection.fr\/index.php?rest_route=\/wp\/v2\/product\/37906","targetHints":{"allow":["GET"]}}],"collection":[{"href":"https:\/\/wikicollection.fr\/index.php?rest_route=\/wp\/v2\/product"}],"about":[{"href":"https:\/\/wikicollection.fr\/index.php?rest_route=\/wp\/v2\/types\/product"}],"replies":[{"embeddable":true,"href":"https:\/\/wikicollection.fr\/index.php?rest_route=%2Fwp%2Fv2%2Fcomments&post=37906"}],"wp:featuredmedia":[{"embeddable":true,"href":"https:\/\/wikicollection.fr\/index.php?rest_route=\/wp\/v2\/media\/85824"}],"wp:attachment":[{"href":"https:\/\/wikicollection.fr\/index.php?rest_route=%2Fwp%2Fv2%2Fmedia&parent=37906"}],"wp:term":[{"taxonomy":"product_cat","embeddable":true,"href":"https:\/\/wikicollection.fr\/index.php?rest_route=%2Fwp%2Fv2%2Fproduct_cat&post=37906"},{"taxonomy":"product_tag","embeddable":true,"href":"https:\/\/wikicollection.fr\/index.php?rest_route=%2Fwp%2Fv2%2Fproduct_tag&post=37906"}],"curies":[{"name":"wp","href":"https:\/\/api.w.org\/{rel}","templated":true}]}}