{"id":37903,"date":"2016-04-12T22:07:49","date_gmt":"2016-04-12T21:07:49","guid":{"rendered":"http:\/\/wikicollection.fr\/?post_type=product&#038;p=37903"},"modified":"2018-03-25T16:36:29","modified_gmt":"2018-03-25T15:36:29","slug":"jeton-monnaie-de-normandie-par-lacjm","status":"publish","type":"product","link":"https:\/\/wikicollection.fr\/?product=jeton-monnaie-de-normandie-par-lacjm","title":{"rendered":"Jeton-Monnaie de Normandie, par l&rsquo;ACJM"},"content":{"rendered":"<p>Ouvrage \u00e9dit\u00e9 par l&rsquo;Association des Collectionneurs de Jetons-Monnaie, r\u00e9pertoriant les monnaies de n\u00e9cessit\u00e9s de la r\u00e9gion Normandie, soit 775 jetons repr\u00e9sent\u00e9s au total.<br \/>\nFormat: Broch\u00e9 avec couverture souple, 197 pages<br \/>\nDate de publication: 1997<\/p>\n","protected":false},"excerpt":{"rendered":"<p>Les jetons sont pr\u00e9sent\u00e9s avec des illustrations nombreuses et catalogu\u00e9s par d\u00e9partement.<\/p>\n","protected":false},"featured_media":85831,"comment_status":"open","ping_status":"closed","template":"","meta":[],"product_cat":[45],"product_tag":[],"class_list":{"0":"post-37903","1":"product","2":"type-product","3":"status-publish","4":"has-post-thumbnail","6":"product_cat-bibliographie","7":"product_shipping_class-livraison-colissimo","9":"first","10":"outofstock","11":"sold-individually","12":"purchasable","13":"product-type-simple"},"_links":{"self":[{"href":"https:\/\/wikicollection.fr\/index.php?rest_route=\/wp\/v2\/product\/37903","targetHints":{"allow":["GET"]}}],"collection":[{"href":"https:\/\/wikicollection.fr\/index.php?rest_route=\/wp\/v2\/product"}],"about":[{"href":"https:\/\/wikicollection.fr\/index.php?rest_route=\/wp\/v2\/types\/product"}],"replies":[{"embeddable":true,"href":"https:\/\/wikicollection.fr\/index.php?rest_route=%2Fwp%2Fv2%2Fcomments&post=37903"}],"wp:featuredmedia":[{"embeddable":true,"href":"https:\/\/wikicollection.fr\/index.php?rest_route=\/wp\/v2\/media\/85831"}],"wp:attachment":[{"href":"https:\/\/wikicollection.fr\/index.php?rest_route=%2Fwp%2Fv2%2Fmedia&parent=37903"}],"wp:term":[{"taxonomy":"product_cat","embeddable":true,"href":"https:\/\/wikicollection.fr\/index.php?rest_route=%2Fwp%2Fv2%2Fproduct_cat&post=37903"},{"taxonomy":"product_tag","embeddable":true,"href":"https:\/\/wikicollection.fr\/index.php?rest_route=%2Fwp%2Fv2%2Fproduct_tag&post=37903"}],"curies":[{"name":"wp","href":"https:\/\/api.w.org\/{rel}","templated":true}]}}