{"id":32750,"date":"2016-02-28T22:02:11","date_gmt":"2016-02-28T21:02:11","guid":{"rendered":"http:\/\/wikicollection.fr\/?post_type=product&#038;p=32750"},"modified":"2018-03-25T16:18:48","modified_gmt":"2018-03-25T15:18:48","slug":"la-carte-individuelle-dalimentation","status":"publish","type":"product","link":"https:\/\/wikicollection.fr\/?product=la-carte-individuelle-dalimentation","title":{"rendered":"La carte individuelle d&rsquo;alimentation"},"content":{"rendered":"<p><b>La carte individuelle d&rsquo;alimentation\u00a0de 1939 \u00e0 1950 par Laurent NESLY<\/b><\/p>\n<p>Cette \u00e9tude documente la mani\u00e8re dont le rationnement et la diffusion des cartes d\u2019alimentation sont institu\u00e9s. Ce volet est essentiel pour comprendre la mise en place du syst\u00e8me de r\u00e9partition durant la Seconde Guerre Mondiale et ce d\u00e8s 1939-1940. Le pr\u00e9c\u00e9dent conflit n\u2019est pas si loin dans l\u2019esprit des Fran\u00e7ais puisque l\u2019instauration du rationnement a perdur\u00e9 jusqu\u2019\u00e0 la fin 1921 avec l\u2019\u00e9mission des cartes de pain \u00e0 prix r\u00e9duit.<\/p>\n<p>L\u2019Administration ne part donc pas de rien dans l\u2019\u00e9tablissement du ravitaillement et nous retrouverons naturellement des r\u00e9f\u00e9rences emprunt\u00e9es (textes l\u00e9gislatifs, cat\u00e9gories de consommateur, prototypes de carte, etc.) \u00e0 la Premi\u00e8re Guerre Mondiale.<\/p>\n<p>La n\u00e9cessit\u00e9 d\u2019\u00e9viter tout abus en mati\u00e8re de r\u00e9partition des denr\u00e9es contingent\u00e9es est un des \u00e9l\u00e9ments essentiels du maintien de l\u2019ordre dans le pays. Pour obtenir une r\u00e9partition aussi \u00e9quitable que possible entre tous les consommateurs, il a \u00e9t\u00e9 n\u00e9cessaire d\u2019\u00e9tablir des droits. Or parmi les moyens les plus efficaces pour lutter contre la fraude, se place au premier plan, la mise en place des cartes individuelles d\u2019alimentation.<\/p>\n<p>Etude de 60 pages, en couleur<br \/>\nPrix d&rsquo;achat : 5\u20ac format num\u00e9rique<\/p>\n<p>Quelques exemples de pages<br \/>\n<img loading=\"lazy\" decoding=\"async\" class=\"alignnone size-full wp-image-32753\" src=\"http:\/\/wikicollection.fr\/wp-content\/uploads\/Capture-2.jpg\" alt=\"Capture\" width=\"1152\" height=\"812\" srcset=\"https:\/\/wikicollection.fr\/wp-content\/uploads\/Capture-2.jpg 1152w, https:\/\/wikicollection.fr\/wp-content\/uploads\/Capture-2-300x211.jpg 300w, https:\/\/wikicollection.fr\/wp-content\/uploads\/Capture-2-768x541.jpg 768w, https:\/\/wikicollection.fr\/wp-content\/uploads\/Capture-2-1024x722.jpg 1024w, https:\/\/wikicollection.fr\/wp-content\/uploads\/Capture-2-600x423.jpg 600w\" sizes=\"auto, (max-width: 1152px) 100vw, 1152px\" \/><\/p>\n<p><img loading=\"lazy\" decoding=\"async\" class=\"alignnone size-full wp-image-32752\" src=\"http:\/\/wikicollection.fr\/wp-content\/uploads\/Capture1-1.jpg\" alt=\"Capture1\" width=\"1152\" height=\"812\" srcset=\"https:\/\/wikicollection.fr\/wp-content\/uploads\/Capture1-1.jpg 1152w, https:\/\/wikicollection.fr\/wp-content\/uploads\/Capture1-1-300x211.jpg 300w, https:\/\/wikicollection.fr\/wp-content\/uploads\/Capture1-1-768x541.jpg 768w, https:\/\/wikicollection.fr\/wp-content\/uploads\/Capture1-1-1024x722.jpg 1024w, https:\/\/wikicollection.fr\/wp-content\/uploads\/Capture1-1-600x423.jpg 600w\" sizes=\"auto, (max-width: 1152px) 100vw, 1152px\" \/><\/p>\n","protected":false},"excerpt":{"rendered":"<p>Etude au format num\u00e9rique qui d\u00e9crit la\u00a0carte individuelle d&rsquo;alimentation et son usage pour la Seconde Guerre Mondiale.<\/p>\n","protected":false},"featured_media":85819,"comment_status":"open","ping_status":"closed","template":"","meta":[],"product_cat":[45],"product_tag":[],"class_list":{"0":"post-32750","1":"product","2":"type-product","3":"status-publish","4":"has-post-thumbnail","6":"product_cat-bibliographie","8":"first","9":"instock","10":"downloadable","11":"virtual","12":"purchasable","13":"product-type-simple"},"_links":{"self":[{"href":"https:\/\/wikicollection.fr\/index.php?rest_route=\/wp\/v2\/product\/32750","targetHints":{"allow":["GET"]}}],"collection":[{"href":"https:\/\/wikicollection.fr\/index.php?rest_route=\/wp\/v2\/product"}],"about":[{"href":"https:\/\/wikicollection.fr\/index.php?rest_route=\/wp\/v2\/types\/product"}],"replies":[{"embeddable":true,"href":"https:\/\/wikicollection.fr\/index.php?rest_route=%2Fwp%2Fv2%2Fcomments&post=32750"}],"wp:featuredmedia":[{"embeddable":true,"href":"https:\/\/wikicollection.fr\/index.php?rest_route=\/wp\/v2\/media\/85819"}],"wp:attachment":[{"href":"https:\/\/wikicollection.fr\/index.php?rest_route=%2Fwp%2Fv2%2Fmedia&parent=32750"}],"wp:term":[{"taxonomy":"product_cat","embeddable":true,"href":"https:\/\/wikicollection.fr\/index.php?rest_route=%2Fwp%2Fv2%2Fproduct_cat&post=32750"},{"taxonomy":"product_tag","embeddable":true,"href":"https:\/\/wikicollection.fr\/index.php?rest_route=%2Fwp%2Fv2%2Fproduct_tag&post=32750"}],"curies":[{"name":"wp","href":"https:\/\/api.w.org\/{rel}","templated":true}]}}