{"id":24978,"date":"2016-01-07T15:10:06","date_gmt":"2016-01-07T14:10:06","guid":{"rendered":"http:\/\/wikicollection.fr\/?post_type=product&#038;p=24978"},"modified":"2025-08-26T10:05:22","modified_gmt":"2025-08-26T09:05:22","slug":"jetons-elie","status":"publish","type":"product","link":"https:\/\/wikicollection.fr\/?product=jetons-elie","title":{"rendered":"Monnaies de n\u00e9cessit\u00e9 et jetons-monnaie, par Roland Elie"},"content":{"rendered":"<p>Au cours de certaines \u00e9poques troubl\u00e9es de notre Histoire (R\u00e9volution, guerres de 1870-71, 1914-18 et 1939-45), des monnaies dites de \u00ab n\u00e9cessit\u00e9 \u00bb ont \u00e9t\u00e9 mises en circulation pour pallier la p\u00e9nurie de monnaie de billon (alliage d&rsquo;argent et de cuivre). Elles ont rev\u00eatu diff\u00e9rentes formes : jetons m\u00e9talliques, billets, cartons et timbres-monnaie. Pendant la p\u00e9riode r\u00e9volutionnaire, il y a eu seulement huit ou neuf \u00e9metteurs de monnaies de n\u00e9cessit\u00e9 m\u00e9talliques dont les c\u00e9l\u00e8bres fr\u00e8res Monneron, n\u00e9gociants \u00e0 Paris.<\/p>\n<p>On peut r\u00e9partir les \u00e9missions de monnaies de n\u00e9cessit\u00e9 au cours de la d\u00e9cennie 1914-1924 en deux groupes qui se diff\u00e9rencient \u00e0 la fois par la qualit\u00e9 des \u00e9metteurs et l\u2019importance des zones d\u2019utilisation.<\/p>\n<p>Les unes ont \u00e9t\u00e9 r\u00e9alis\u00e9es par les chambres de commerce, les syndicats de commerce et d\u2019industrie, les unions ou f\u00e9d\u00e9rations de commer\u00e7ants et les municipalit\u00e9s. Elles b\u00e9n\u00e9ficiaient de l\u2019autorisation \u00e9crite ou, dans la plupart des cas, d\u2019un accord tacite des autorit\u00e9 mon\u00e9taires qui exigeaient qu\u2019un d\u00e9p\u00f4t de garantie \u00e9quivalent au montant de l\u2019\u00e9mission f\u00fbt effectu\u00e9 \u00e0 la Banque de France. L\u2019aire de circulation de telles monnaies, qualifi\u00e9es de semi-officielles, couvrait souvent une r\u00e9gion enti\u00e8re et parfois m\u00eame s\u2019\u00e9tendait au-del\u00e0. C\u2019\u00e9tait le cas, par exemple, des \u00e9missions de la R\u00e9gion Proven\u00e7ale, des chambres de commerce de l\u2019H\u00e9rault ou de l\u2019Union Latine de Toulouse.<\/p>\n<p>Les autres, de caract\u00e8re priv\u00e9, ont \u00e9t\u00e9 le fait de commer\u00e7ants, d\u2019industriels, de coop\u00e9ratives, d\u2019entreprises de transport etc\u2026 Elles ne faisaient l\u2019objet ni d\u2019autorisation administrative, ni de d\u00e9p\u00f4t de garantie. Ces monnaies ont eu une utilisation beaucoup plus restreinte souvent limit\u00e9e aux besoins des \u00e9metteurs.<\/p>\n<p>En dehors des \u00e9poques troubl\u00e9es rappel\u00e9es ci-dessus, et sans que cela soit motiv\u00e9 par une rar\u00e9faction de la monnaie nationale, de nombreux organismes priv\u00e9s ont fait fabriquer des jetons-monnaie pour faciliter et s\u00e9curiser leurs paiements internes. Un grand nombre d\u2019\u00e9missions de ce type ont \u00e9t\u00e9 r\u00e9alis\u00e9es, particuli\u00e8rement entre 1850 et 1914, p\u00e9riode d\u2019intense d\u00e9veloppement \u00e9conomique, les trois d\u00e9cennies 1880-1910 \u00e9tant les plus prolifiques. Ce sont les jetons utilis\u00e9s par les grandes soci\u00e9t\u00e9s industrielles et les compagnies mini\u00e8res pour leurs cantines et \u00e9conomats. Ce sont aussi ceux des coop\u00e9ratives ouvri\u00e8res et soci\u00e9t\u00e9s de consommation dont l\u2019existence et l\u2019essor furent li\u00e9s aux concentrations industrielles. De m\u00eame, les jetons des puissantes coop\u00e9ratives des compagnies ferroviaires notamment celles des Chemins de Fer de l\u2019Est, de la Cie PLM ou de Paris-Orl\u00e9ans. L\u2019arm\u00e9e a, elle aussi, mis en circulation des jetons-monnaie essentiellement pour les besoins de ses mess, cantines et coop\u00e9ratives.<\/p>\n<p>Il faut y ajouter les tr\u00e8s nombreux jetons en usage dans les caf\u00e9s, brasseries, restaurants, dans les lieux de distraction (caf\u00e9s-concerts, cabarets, music-halls, dancings, maisons d\u2019auditions musicales, f\u00eates foraines etc\u2026) et dans les maisons de tol\u00e9rance. Mentionnons aussi les jetons destin\u00e9s \u00e0 faire fonctionner les distributeurs automatiques et les diverses machines \u00e0 sous.<\/p>\n<p>Les jetons mon\u00e9taires d\u2019origine priv\u00e9e n\u2019\u00e9tant pratiquement jamais dat\u00e9s, il est difficile de distinguer ceux qui ont \u00e9t\u00e9 frapp\u00e9s pour parer au manque de monnaies divisionnaires de ceux qui ont r\u00e9pondu aux besoins propres de leurs \u00e9metteurs. Aussi est-il courant d\u2019appeler \u00ab monnaie de n\u00e9cessit\u00e9 \u00bb l\u2019ensemble des jetons-monnaie, qu\u2019ils aient \u00e9t\u00e9 mis en circulation en p\u00e9riode de p\u00e9nurie mon\u00e9taire ou \u00e0 tout autre moment.<\/p>\n<p>&nbsp;<\/p>\n<p>Ce sont toutes ces monnaies de n\u00e9cessit\u00e9 et jetons de n\u00e9cessit\u00e9 de la m\u00e9tropole, mais aussi d&rsquo;Alsace-Lorraine ou des anciennes colonies que\u00a0 l&rsquo;on retrouve dans l&rsquo;ouvrage r\u00e9dig\u00e9 par Roland Elie et \u00e9dit\u00e9 par l&rsquo;ACJM (Association des Collectionneurs de Jetons-Monnaie).<\/p>\n<p><strong>Prix :<\/strong> 75\u20ac (aupr\u00e8s de l&rsquo;association ACJM)<br \/>\n13000 jetons repertori\u00e9s et c\u00f4t\u00e9s en TTB et SUP,\u00a0 environ 5500 sont represent\u00e9s<br \/>\nOuvrage reli\u00e9 avec couverture simili.<\/p>\n","protected":false},"excerpt":{"rendered":"<p><span class=\"PBLongTxt\"><span style=\"color: #000000; font-family: Times New Roman; font-size: medium;\">Edition 2003 par Roland Elie. Prix public 75eur !!!<br \/>\nTous les jetons-monnaies et monnaies de n\u00e9cessit\u00e9s sont r\u00e9pertori\u00e9s illustr\u00e9s et c\u00f4t\u00e9s en euros. 632 pages<br \/>\nEdit\u00e9 par l&rsquo;Association des Collectionneurs de Jetons-monnaie ( AC.J.M ).<\/span><\/span><\/p>\n","protected":false},"featured_media":85816,"comment_status":"open","ping_status":"closed","template":"","meta":[],"product_cat":[45],"product_tag":[],"class_list":{"0":"post-24978","1":"product","2":"type-product","3":"status-publish","4":"has-post-thumbnail","6":"product_cat-bibliographie","7":"product_shipping_class-livraison-colissimo","9":"first","10":"outofstock","11":"sold-individually","12":"purchasable","13":"product-type-simple"},"_links":{"self":[{"href":"https:\/\/wikicollection.fr\/index.php?rest_route=\/wp\/v2\/product\/24978","targetHints":{"allow":["GET"]}}],"collection":[{"href":"https:\/\/wikicollection.fr\/index.php?rest_route=\/wp\/v2\/product"}],"about":[{"href":"https:\/\/wikicollection.fr\/index.php?rest_route=\/wp\/v2\/types\/product"}],"replies":[{"embeddable":true,"href":"https:\/\/wikicollection.fr\/index.php?rest_route=%2Fwp%2Fv2%2Fcomments&post=24978"}],"wp:featuredmedia":[{"embeddable":true,"href":"https:\/\/wikicollection.fr\/index.php?rest_route=\/wp\/v2\/media\/85816"}],"wp:attachment":[{"href":"https:\/\/wikicollection.fr\/index.php?rest_route=%2Fwp%2Fv2%2Fmedia&parent=24978"}],"wp:term":[{"taxonomy":"product_cat","embeddable":true,"href":"https:\/\/wikicollection.fr\/index.php?rest_route=%2Fwp%2Fv2%2Fproduct_cat&post=24978"},{"taxonomy":"product_tag","embeddable":true,"href":"https:\/\/wikicollection.fr\/index.php?rest_route=%2Fwp%2Fv2%2Fproduct_tag&post=24978"}],"curies":[{"name":"wp","href":"https:\/\/api.w.org\/{rel}","templated":true}]}}