{"id":23076,"date":"2015-12-27T21:01:16","date_gmt":"2015-12-27T20:01:16","guid":{"rendered":"http:\/\/wikicollection.fr\/?post_type=product&#038;p=23076"},"modified":"2018-03-25T16:37:42","modified_gmt":"2018-03-25T15:37:42","slug":"orleans-et-le-loiret-quand-la-necessite-se-fait-monnaie","status":"publish","type":"product","link":"https:\/\/wikicollection.fr\/?product=orleans-et-le-loiret-quand-la-necessite-se-fait-monnaie","title":{"rendered":"Orl\u00e9ans et le Loiret : quand la n\u00e9cessit\u00e9 se fait monnaie"},"content":{"rendered":"<p>Philippe Grossin et quelques membres passionn\u00e9s de l\u2019Association Numismatique de Centre sont heureux et fiers de vous pr\u00e9senter leur deuxi\u00e8me ouvrage :<\/p>\n<p>ORL\u00c9ANS ET LE LOIRET<br \/>\nQuand la n\u00e9cessit\u00e9 se fait monnaie<\/p>\n<p>Cet ouvrage reli\u00e9 est richement illustr\u00e9 par des cartes postales d\u2019\u00e9poque, les monnaies de n\u00e9cessit\u00e9 dont certaines d\u2019une grande raret\u00e9, sont repr\u00e9sent\u00e9es en taille r\u00e9elle.<\/p>\n<p>Il compl\u00e8te leur pr\u00e9c\u00e9dent ouvrage : En 1870-1871 c\u2019\u00e9tait chez nous ! Les auteurs se sont attach\u00e9s \u00e0 faire conna\u00eetre un aspect mal connu et souvent d\u00e9laiss\u00e9 de l\u2019histoire numismatique du Loiret.<\/p>\n<p>Le livre comporte \u00e9galement :<br \/>\n\u00b7 les jetons publicitaires,<br \/>\n\u00b7 les jetons d&rsquo;audition,<br \/>\n\u00b7 les jetons de contr\u00f4le de banque,<br \/>\n\u00b7 les timbres monnaies,<br \/>\n\u00b7 et quelques m\u00e9reaux.<\/p>\n<p>144 pages<\/p>\n<p>Prix : 28,00 + port<br \/>\nLe r\u00e8glement se fait directement aupr\u00e8s de l&rsquo;Association numismatique du Centre \u00e0 Orl\u00e9ans<\/p>\n<p><img loading=\"lazy\" decoding=\"async\" class=\"alignnone size-full wp-image-23078\" src=\"http:\/\/wikicollection.fr\/wp-content\/uploads\/loiret-1.jpg\" alt=\"loiret\" width=\"602\" height=\"851\" srcset=\"https:\/\/wikicollection.fr\/wp-content\/uploads\/loiret-1.jpg 602w, https:\/\/wikicollection.fr\/wp-content\/uploads\/loiret-1-212x300.jpg 212w\" sizes=\"auto, (max-width: 602px) 100vw, 602px\" \/><\/p>\n<p><img loading=\"lazy\" decoding=\"async\" class=\"alignnone size-full wp-image-23079\" src=\"http:\/\/wikicollection.fr\/wp-content\/uploads\/loiret2-1.jpg\" alt=\"loiret2\" width=\"602\" height=\"851\" srcset=\"https:\/\/wikicollection.fr\/wp-content\/uploads\/loiret2-1.jpg 602w, https:\/\/wikicollection.fr\/wp-content\/uploads\/loiret2-1-212x300.jpg 212w\" sizes=\"auto, (max-width: 602px) 100vw, 602px\" \/><\/p>\n<p><img loading=\"lazy\" decoding=\"async\" class=\"alignnone size-full wp-image-23080\" src=\"http:\/\/wikicollection.fr\/wp-content\/uploads\/loiret3.jpg\" alt=\"loiret3\" width=\"602\" height=\"851\" srcset=\"https:\/\/wikicollection.fr\/wp-content\/uploads\/loiret3.jpg 602w, https:\/\/wikicollection.fr\/wp-content\/uploads\/loiret3-212x300.jpg 212w\" sizes=\"auto, (max-width: 602px) 100vw, 602px\" \/><\/p>\n<p><img loading=\"lazy\" decoding=\"async\" class=\"alignnone size-full wp-image-23081\" src=\"http:\/\/wikicollection.fr\/wp-content\/uploads\/loiret4.jpg\" alt=\"loiret4\" width=\"602\" height=\"851\" srcset=\"https:\/\/wikicollection.fr\/wp-content\/uploads\/loiret4.jpg 602w, https:\/\/wikicollection.fr\/wp-content\/uploads\/loiret4-212x300.jpg 212w\" sizes=\"auto, (max-width: 602px) 100vw, 602px\" \/><\/p>\n<p><img loading=\"lazy\" decoding=\"async\" class=\"alignnone size-full wp-image-23082\" src=\"http:\/\/wikicollection.fr\/wp-content\/uploads\/loiret5.jpg\" alt=\"loiret5\" width=\"602\" height=\"851\" srcset=\"https:\/\/wikicollection.fr\/wp-content\/uploads\/loiret5.jpg 602w, https:\/\/wikicollection.fr\/wp-content\/uploads\/loiret5-212x300.jpg 212w\" sizes=\"auto, (max-width: 602px) 100vw, 602px\" \/><\/p>\n<p><img loading=\"lazy\" decoding=\"async\" class=\"alignnone size-full wp-image-23083\" src=\"http:\/\/wikicollection.fr\/wp-content\/uploads\/loiret6.jpg\" alt=\"loiret6\" width=\"602\" height=\"851\" srcset=\"https:\/\/wikicollection.fr\/wp-content\/uploads\/loiret6.jpg 602w, https:\/\/wikicollection.fr\/wp-content\/uploads\/loiret6-212x300.jpg 212w\" sizes=\"auto, (max-width: 602px) 100vw, 602px\" \/><\/p>\n<div id=\"dc_vk_code\" style=\"display: none;\"><\/div>\n","protected":false},"excerpt":{"rendered":"<p><span style=\"font-family: Arial; font-size: large;\"><span style=\"font-size: 14.0pt; font-family: 'Calibri','sans-serif'; mso-fareast-font-family: 'Times New Roman'; mso-bidi-font-family: 'Times New Roman'; color: #1f497d; mso-font-kerning: 0pt; mso-fareast-language: FR; mso-bidi-language: AR-SA;\">Cet ouvrage reli\u00e9 est richement illustr\u00e9 par des cartes postales d\u2019\u00e9poque, les monnaies de n\u00e9cessit\u00e9 dont certaines d\u2019une grande raret\u00e9, sont repr\u00e9sent\u00e9es en taille r\u00e9elle.<\/span><\/span><\/p>\n<div id=\"dc_vk_code\" style=\"display: none;\"><\/div>\n","protected":false},"featured_media":85832,"comment_status":"open","ping_status":"closed","template":"","meta":[],"product_cat":[45],"product_tag":[],"class_list":{"0":"post-23076","1":"product","2":"type-product","3":"status-publish","4":"has-post-thumbnail","6":"product_cat-bibliographie","7":"product_shipping_class-livraison-colissimo","9":"first","10":"instock","11":"purchasable","12":"product-type-simple"},"_links":{"self":[{"href":"https:\/\/wikicollection.fr\/index.php?rest_route=\/wp\/v2\/product\/23076","targetHints":{"allow":["GET"]}}],"collection":[{"href":"https:\/\/wikicollection.fr\/index.php?rest_route=\/wp\/v2\/product"}],"about":[{"href":"https:\/\/wikicollection.fr\/index.php?rest_route=\/wp\/v2\/types\/product"}],"replies":[{"embeddable":true,"href":"https:\/\/wikicollection.fr\/index.php?rest_route=%2Fwp%2Fv2%2Fcomments&post=23076"}],"wp:featuredmedia":[{"embeddable":true,"href":"https:\/\/wikicollection.fr\/index.php?rest_route=\/wp\/v2\/media\/85832"}],"wp:attachment":[{"href":"https:\/\/wikicollection.fr\/index.php?rest_route=%2Fwp%2Fv2%2Fmedia&parent=23076"}],"wp:term":[{"taxonomy":"product_cat","embeddable":true,"href":"https:\/\/wikicollection.fr\/index.php?rest_route=%2Fwp%2Fv2%2Fproduct_cat&post=23076"},{"taxonomy":"product_tag","embeddable":true,"href":"https:\/\/wikicollection.fr\/index.php?rest_route=%2Fwp%2Fv2%2Fproduct_tag&post=23076"}],"curies":[{"name":"wp","href":"https:\/\/api.w.org\/{rel}","templated":true}]}}