{"id":127009,"date":"2026-03-29T20:59:03","date_gmt":"2026-03-29T19:59:03","guid":{"rendered":"https:\/\/wikicollection.fr\/?post_type=product&#038;p=127009"},"modified":"2026-03-29T20:59:56","modified_gmt":"2026-03-29T19:59:56","slug":"livre-gres-de-puisaye-marques-et-signatures","status":"publish","type":"product","link":"https:\/\/wikicollection.fr\/?product=livre-gres-de-puisaye-marques-et-signatures","title":{"rendered":"Livre Gr\u00e8s de Puisaye \u2013 Marques et signatures"},"content":{"rendered":"<h2><img loading=\"lazy\" decoding=\"async\" class=\"alignnone size-full wp-image-127008\" src=\"https:\/\/wikicollection.fr\/wp-content\/uploads\/2026\/03\/ChatGPT-Image-Mar-17-2026-08_00_33-PM-1.png\" alt=\"\" width=\"1024\" height=\"1024\" srcset=\"https:\/\/wikicollection.fr\/wp-content\/uploads\/2026\/03\/ChatGPT-Image-Mar-17-2026-08_00_33-PM-1.png 1024w, https:\/\/wikicollection.fr\/wp-content\/uploads\/2026\/03\/ChatGPT-Image-Mar-17-2026-08_00_33-PM-1-300x300.png 300w, https:\/\/wikicollection.fr\/wp-content\/uploads\/2026\/03\/ChatGPT-Image-Mar-17-2026-08_00_33-PM-1-150x150.png 150w, https:\/\/wikicollection.fr\/wp-content\/uploads\/2026\/03\/ChatGPT-Image-Mar-17-2026-08_00_33-PM-1-768x768.png 768w, https:\/\/wikicollection.fr\/wp-content\/uploads\/2026\/03\/ChatGPT-Image-Mar-17-2026-08_00_33-PM-1-445x445.png 445w, https:\/\/wikicollection.fr\/wp-content\/uploads\/2026\/03\/ChatGPT-Image-Mar-17-2026-08_00_33-PM-1-100x100.png 100w\" sizes=\"auto, (max-width: 1024px) 100vw, 1024px\" \/><img loading=\"lazy\" decoding=\"async\" class=\"alignnone size-full wp-image-127007\" src=\"https:\/\/wikicollection.fr\/wp-content\/uploads\/2026\/03\/Sans-titre-1.jpg\" alt=\"\" width=\"919\" height=\"529\" srcset=\"https:\/\/wikicollection.fr\/wp-content\/uploads\/2026\/03\/Sans-titre-1.jpg 919w, https:\/\/wikicollection.fr\/wp-content\/uploads\/2026\/03\/Sans-titre-1-300x173.jpg 300w, https:\/\/wikicollection.fr\/wp-content\/uploads\/2026\/03\/Sans-titre-1-768x442.jpg 768w, https:\/\/wikicollection.fr\/wp-content\/uploads\/2026\/03\/Sans-titre-1-445x256.jpg 445w\" sizes=\"auto, (max-width: 919px) 100vw, 919px\" \/> <img loading=\"lazy\" decoding=\"async\" class=\"alignnone size-full wp-image-127006\" src=\"https:\/\/wikicollection.fr\/wp-content\/uploads\/2026\/03\/Sans-titre-a1.jpg\" alt=\"\" width=\"1531\" height=\"850\" srcset=\"https:\/\/wikicollection.fr\/wp-content\/uploads\/2026\/03\/Sans-titre-a1.jpg 1531w, https:\/\/wikicollection.fr\/wp-content\/uploads\/2026\/03\/Sans-titre-a1-300x167.jpg 300w, https:\/\/wikicollection.fr\/wp-content\/uploads\/2026\/03\/Sans-titre-a1-1024x569.jpg 1024w, https:\/\/wikicollection.fr\/wp-content\/uploads\/2026\/03\/Sans-titre-a1-768x426.jpg 768w, https:\/\/wikicollection.fr\/wp-content\/uploads\/2026\/03\/Sans-titre-a1-800x445.jpg 800w, https:\/\/wikicollection.fr\/wp-content\/uploads\/2026\/03\/Sans-titre-a1-445x247.jpg 445w\" sizes=\"auto, (max-width: 1531px) 100vw, 1531px\" \/> <img loading=\"lazy\" decoding=\"async\" class=\"alignnone size-full wp-image-127005\" src=\"https:\/\/wikicollection.fr\/wp-content\/uploads\/2026\/03\/Sans-titre-2.jpg\" alt=\"\" width=\"1155\" height=\"686\" srcset=\"https:\/\/wikicollection.fr\/wp-content\/uploads\/2026\/03\/Sans-titre-2.jpg 1155w, https:\/\/wikicollection.fr\/wp-content\/uploads\/2026\/03\/Sans-titre-2-300x178.jpg 300w, https:\/\/wikicollection.fr\/wp-content\/uploads\/2026\/03\/Sans-titre-2-1024x608.jpg 1024w, https:\/\/wikicollection.fr\/wp-content\/uploads\/2026\/03\/Sans-titre-2-768x456.jpg 768w, https:\/\/wikicollection.fr\/wp-content\/uploads\/2026\/03\/Sans-titre-2-445x264.jpg 445w\" sizes=\"auto, (max-width: 1155px) 100vw, 1155px\" \/> <img loading=\"lazy\" decoding=\"async\" class=\"alignnone size-full wp-image-127004\" src=\"https:\/\/wikicollection.fr\/wp-content\/uploads\/2026\/03\/dCapture-decran-2026-03-17-195245.jpg\" alt=\"\" width=\"611\" height=\"700\" srcset=\"https:\/\/wikicollection.fr\/wp-content\/uploads\/2026\/03\/dCapture-decran-2026-03-17-195245.jpg 611w, https:\/\/wikicollection.fr\/wp-content\/uploads\/2026\/03\/dCapture-decran-2026-03-17-195245-262x300.jpg 262w, https:\/\/wikicollection.fr\/wp-content\/uploads\/2026\/03\/dCapture-decran-2026-03-17-195245-445x510.jpg 445w\" sizes=\"auto, (max-width: 611px) 100vw, 611px\" \/><\/h2>\n<h3 data-start=\"281\" data-end=\"353\">Dictionnaire in\u00e9dit des marques et signatures<\/h3>\n<p data-start=\"354\" data-end=\"660\">Fruit de plusieurs ann\u00e9es de recherches, ce livre rassemble pour la premi\u00e8re fois les\u00a0<strong data-start=\"440\" data-end=\"465\">marques et signatures<\/strong>\u00a0laiss\u00e9es par les potiers et c\u00e9ramistes de Puisaye.<br \/>\nV\u00e9ritable outil de r\u00e9f\u00e9rence, il s\u2019adresse aux\u00a0<strong data-start=\"564\" data-end=\"623\">collectionneurs, professionnels, passionn\u00e9s et amateurs<\/strong>, qu\u2019ils soient novices ou experts.<\/p>\n<p data-start=\"662\" data-end=\"843\">Au-del\u00e0 de l\u2019attribution des c\u00e9ramiques, chaque monographie est\u00a0<strong>richement illustr\u00e9e de nombreuses photos.<\/strong><\/p>\n<hr data-start=\"845\" data-end=\"848\" \/>\n<h3 data-start=\"850\" data-end=\"876\">Contenu de l\u2019ouvrage<\/h3>\n<ul data-start=\"877\" data-end=\"1087\">\n<li data-start=\"877\" data-end=\"923\">\n<p data-start=\"879\" data-end=\"923\"><strong data-start=\"879\" data-end=\"921\">345 marques et signatures r\u00e9pertori\u00e9es<\/strong><\/p>\n<\/li>\n<li data-start=\"924\" data-end=\"980\">\n<p data-start=\"926\" data-end=\"980\"><strong data-start=\"926\" data-end=\"947\">Plus de 900 photographies<\/strong>\u00a0en couleurs et en noir &amp; blanc<\/p>\n<\/li>\n<li data-start=\"1011\" data-end=\"1050\">\n<p data-start=\"1013\" data-end=\"1050\">Pr\u00e8s de\u00a0<strong data-start=\"1021\" data-end=\"1039\">200 c\u00e9ramistes<\/strong>\u00a0recens\u00e9s<\/p>\n<\/li>\n<li data-start=\"1051\" data-end=\"1087\">\n<p data-start=\"1053\" data-end=\"1087\"><strong data-start=\"1061\" data-end=\"1085\">364 pages\u00a0<\/strong><\/p>\n<\/li>\n<\/ul>\n<hr data-start=\"1089\" data-end=\"1092\" \/>\n<h3 data-start=\"1094\" data-end=\"1123\">Organisation du recueil<\/h3>\n<p data-start=\"1124\" data-end=\"1219\">200 artistes r\u00e9partis en quatre grandes p\u00e9riodes :<\/p>\n<ul data-start=\"1220\" data-end=\"1374\">\n<li data-start=\"1220\" data-end=\"1256\">\n<p data-start=\"1222\" data-end=\"1256\"><strong data-start=\"1222\" data-end=\"1254\">Jean Carri\u00e8s et ses suiveurs<\/strong><\/p>\n<\/li>\n<li data-start=\"1257\" data-end=\"1297\">\n<p data-start=\"1259\" data-end=\"1297\"><strong data-start=\"1259\" data-end=\"1295\">L\u2019entre-deux-guerres (1920-1950)<\/strong><\/p>\n<\/li>\n<li data-start=\"1298\" data-end=\"1336\">\n<p data-start=\"1300\" data-end=\"1336\"><strong data-start=\"1300\" data-end=\"1334\">La p\u00e9riode moderne (1950-1990)<\/strong><\/p>\n<\/li>\n<li data-start=\"1337\" data-end=\"1374\">\n<p data-start=\"1339\" data-end=\"1374\"><strong data-start=\"1339\" data-end=\"1372\">Les contemporains (1990-2025)<\/strong><\/p>\n<\/li>\n<\/ul>\n<hr data-start=\"1376\" data-end=\"1379\" \/>\n<h3>C\u00e9ramistes recens\u00e9s<\/h3>\n<table>\n<tbody>\n<tr>\n<td>ALEXANDRE Thierry<br \/>\nALONZO Dominique<br \/>\nANGST Carl Albert<br \/>\nARNAUD Lucien<br \/>\nAUBAN Paul<br \/>\nAUBERT Henri<br \/>\nAUCLAIR Louis<br \/>\nAUGER Daniel<br \/>\nAUGER Michel<br \/>\nBADAL David<br \/>\nBADAL C\u00e9line et Fabien<br \/>\nBAFFERT Ren\u00e9<br \/>\nBAILLEUL Anne-Sophie et Bruno<br \/>\nBARRET William<br \/>\nBAZIRE Laure<br \/>\nBERNARD Julien<br \/>\nBERNOT Fran\u00e7oise<br \/>\nBERTHOUD Paul-Fran\u00e7ois<br \/>\nBIDOT Sophie<br \/>\nBIGOT Alexandre<br \/>\nBIGOT Rozenn<br \/>\nBIQUAND Colette<br \/>\nBISSON Lionel<br \/>\nBLANQUET Ang\u00e8le<br \/>\nBONNEFOUS Lydie<br \/>\nBOURGUIGNON Michel<br \/>\nBUQUET Sophie<br \/>\nBURGOT Laurent<br \/>\nCACHELEUX Jean<br \/>\nCACHELEUX Patricia<br \/>\nCAGNAT Louis<br \/>\nCARRI\u00c8S Jean<br \/>\nCARTIER Thomas<br \/>\nCAPRON Claire<br \/>\nCHARBIT Tom<br \/>\nCOMPARET Bruno<br \/>\nCOUDR\u00c9 V\u00e9ronique<br \/>\nCOUTOU Elisabeth<br \/>\nCRESTOU Nicole<\/td>\n<td>DANHIEUX Alistair<br \/>\nDAUCOURT Isabelle<br \/>\nDE BAGNEUX<br \/>\nDE BARK Nils<br \/>\nDE TROMBAY Alphonse<br \/>\nDE VALLOMBREUSE Henry<br \/>\nDE VINCK Alice<br \/>\nDE VINCK Antoine<br \/>\nDEBLANDER Robert<br \/>\nDEBRUYERE Isabelle<br \/>\nDELATRONCHETTE Emile<br \/>\nDELIN Isabelle<br \/>\nDELUZE Ang\u00e9lique<br \/>\nDERVAL Jean<br \/>\nDESBOIS Jules<br \/>\nDETABLE Ang\u00e9lique<br \/>\nDEVEDJIAN Roland<br \/>\nDEVEDJIAN Vahram<br \/>\nDEVEDJIAN Jean<br \/>\nDOIX Jean-Michel<br \/>\nDRILLON Marc et Nicole<br \/>\nDUMEZ Agn\u00e8s<br \/>\nDUMONS C\u00e9line<br \/>\nDUMONT Michel<br \/>\nDUPUIS Louis<br \/>\nDUREY V\u00e9ronique<br \/>\nDURIEZ Patricia<br \/>\nDURU Gilles<br \/>\nDYONNE Andr\u00e9<br \/>\nEVE Fran\u00e7ois<br \/>\nEVE Yolaine<br \/>\nEVRARD Elise<br \/>\nFERNAND-DUBOIS Emile<br \/>\nFL\u00c8CHE Bob<br \/>\nFLEURIET Marguerite<br \/>\nFONDIMARE Jean-Marc<br \/>\nFOUBERT Jean-Marie<br \/>\nGAUBIER Emile<br \/>\nGAUBIER Raymond<\/td>\n<td>GAUBIER Gaston<br \/>\nGAUBIER Fr\u00e8res<br \/>\nGAUBIER Jean<br \/>\nGAUDEBERT Alain<br \/>\nGAUDEBERT Laure<br \/>\nGAUDRY Charles<br \/>\nGAUDRY L\u00e9ontine<br \/>\nGAUDRY Isabelle<br \/>\nGAUDRY Sybille<br \/>\nGR\u00c9GOIRE Val\u00e9ry<br \/>\nGRITTEL Emile<br \/>\nGRUZELLE<br \/>\nGUIEBA Charles-Henri<br \/>\nGUYOT Georges<br \/>\nHAJDU Diana<br \/>\nHEGEDUS Franck<br \/>\nHIBELOT Eric<br \/>\nHOENTSCHEL Georges<br \/>\nHURTAULT Christophe et Nathalie<br \/>\nHURTAULT Claude et Nicole<br \/>\nISAMBERT Monique<br \/>\nIVANOFF Vassil<br \/>\nJACQUES Albert<br \/>\nJACQUES Roger<br \/>\nJEANNENEY Paul<br \/>\nJEANNOT Val\u00e9rie<br \/>\nJOUVE Georges<br \/>\nLABLANQUIE Laura<br \/>\nLACHENY Jacques<br \/>\nLACHENY Fr\u00e8res<br \/>\nLAMBLIN Paul<br \/>\nLANGLADE Jean<br \/>\nLEBRUN Val\u00e9rie<br \/>\nLEBRET Alfred<br \/>\nLEBRET Emma<br \/>\nLEE William<br \/>\nLEFEVRE<\/td>\n<td>LION Amand<br \/>\nLION Dominique<br \/>\nLION Eug\u00e8ne<br \/>\nLION Pierre<br \/>\nLUSARDI Patrice<br \/>\nLOYER Virgile<br \/>\nMAC KEITH Sophy<br \/>\nMALLET Aristide<br \/>\nMALLET Michel<br \/>\nMARCHAL Janet<br \/>\nMAURE Jean-Marie<br \/>\nMAURY Isabelle<br \/>\nMAYOR Marion<br \/>\nMAX voir L\u00e9on POINTU<br \/>\nMEHEUST Marie-Pierre<br \/>\nMENARD<br \/>\nMERCIER Maurice<br \/>\nMINIL Andr\u00e9<br \/>\nMORIA Blanche Ad\u00e8le<br \/>\nMOUSSU Lucie<br \/>\nNADIM Isabelle<br \/>\nNAULT Andr\u00e9<br \/>\nNOCQUET Paul Ange<br \/>\nNORMAND Andr\u00e9<br \/>\nNORMAND Cl\u00e9ment<br \/>\nNORMAND Cornelia<br \/>\nNORMAND Fernand<br \/>\nNORMAND Gabriel<br \/>\nNORMAND Guy<br \/>\nNORMAND Jean<br \/>\nNORMAND Jean-Luc<br \/>\nNORMAND L\u00e9ontine<br \/>\nNORMAND Pascal &amp; Fabrice<br \/>\nNORMAND Robert<br \/>\nPACTON Pierre<br \/>\nPAILLOT Jo\u00eblle<br \/>\nPALENZUELA Maurice<br \/>\nPATOIR Lorraine<br \/>\nPEREIRA Antonio<\/td>\n<td>PEREIRA Francisco<br \/>\nPERRET Malen<br \/>\nPERROT Th\u00e9o<br \/>\nPICQ<br \/>\nPIERLOT Nathalie<br \/>\nPIERLOT Norbert<br \/>\nPIERLOT Jeanne<br \/>\nPIGAGLIO Pierre<br \/>\nPOINTUD-DETRAZ Denise<br \/>\nPOINTU Jean<br \/>\nPOINTU L\u00e9on<br \/>\nPONTU Michel<br \/>\nPRUDHOMME<br \/>\nRADIGUET L-H<br \/>\nRAIMBOUX Daniel<br \/>\nRAMEAU Pierre<br \/>\nRAOUL Georges<br \/>\nREGNIER Th\u00e9r\u00e8se<br \/>\nRIDEL-OLLIVIER Nadine<br \/>\nROBIN Georges<br \/>\nROBIN Marie-Laure<br \/>\nRODIN Auguste<br \/>\nROUILLARD Martine<br \/>\nROY Robert<br \/>\nSABATIER Brigitte<br \/>\nSCALBERT Dauphine<br \/>\nSEGUIN Jean-Claude<br \/>\nSEGUIN KARAKOS Sabine<br \/>\nSOLANO Fran\u00e7ois<br \/>\nSOUDBININE Seraphin<br \/>\nTELLIER Marina<br \/>\nTRINQUAND Marie-Lucie<br \/>\nVAHDAT Houchang<br \/>\nVALLET Albert<br \/>\nVANNIER Camille<br \/>\nVERNHES Henri<br \/>\nVIELJEUX Patricia<br \/>\nVISSAC Mauricette<br \/>\nVIVIEN Daniel<br \/>\nWIPFF-VAAST Joseph<\/td>\n<\/tr>\n<\/tbody>\n<\/table>\n","protected":false},"excerpt":{"rendered":"<p>V\u00e9ritable outil de r\u00e9f\u00e9rence, cet ouvrage s\u2019adresse aux <strong data-start=\"564\" data-end=\"623\">collectionneurs, professionnels, passionn\u00e9s et amateurs<\/strong>, qu\u2019ils soient novices ou experts.<\/p>\n","protected":false},"featured_media":127008,"comment_status":"open","ping_status":"closed","template":"","meta":[],"product_cat":[45],"product_tag":[],"class_list":{"0":"post-127009","1":"product","2":"type-product","3":"status-publish","4":"has-post-thumbnail","6":"product_cat-bibliographie","7":"product_shipping_class-livraison-colissimo24","9":"first","10":"instock","11":"purchasable","12":"product-type-simple"},"_links":{"self":[{"href":"https:\/\/wikicollection.fr\/index.php?rest_route=\/wp\/v2\/product\/127009","targetHints":{"allow":["GET"]}}],"collection":[{"href":"https:\/\/wikicollection.fr\/index.php?rest_route=\/wp\/v2\/product"}],"about":[{"href":"https:\/\/wikicollection.fr\/index.php?rest_route=\/wp\/v2\/types\/product"}],"replies":[{"embeddable":true,"href":"https:\/\/wikicollection.fr\/index.php?rest_route=%2Fwp%2Fv2%2Fcomments&post=127009"}],"wp:featuredmedia":[{"embeddable":true,"href":"https:\/\/wikicollection.fr\/index.php?rest_route=\/wp\/v2\/media\/127008"}],"wp:attachment":[{"href":"https:\/\/wikicollection.fr\/index.php?rest_route=%2Fwp%2Fv2%2Fmedia&parent=127009"}],"wp:term":[{"taxonomy":"product_cat","embeddable":true,"href":"https:\/\/wikicollection.fr\/index.php?rest_route=%2Fwp%2Fv2%2Fproduct_cat&post=127009"},{"taxonomy":"product_tag","embeddable":true,"href":"https:\/\/wikicollection.fr\/index.php?rest_route=%2Fwp%2Fv2%2Fproduct_tag&post=127009"}],"curies":[{"name":"wp","href":"https:\/\/api.w.org\/{rel}","templated":true}]}}