{"id":126566,"date":"2025-03-21T21:31:43","date_gmt":"2025-03-21T20:31:43","guid":{"rendered":"https:\/\/wikicollection.fr\/?post_type=product&#038;p=126566"},"modified":"2025-03-21T21:32:44","modified_gmt":"2025-03-21T20:32:44","slug":"ouvrage-numerique-les-jetons-et-medailles-publicitaires-francais","status":"publish","type":"product","link":"https:\/\/wikicollection.fr\/?product=ouvrage-numerique-les-jetons-et-medailles-publicitaires-francais","title":{"rendered":"Ouvrage num\u00e9rique &#8211; Les jetons et m\u00e9dailles publicitaires fran\u00e7ais par Roland Elie"},"content":{"rendered":"<p><a href=\"https:\/\/wikicollection.fr\/wp-content\/uploads\/2025\/03\/pub2.jpg\" data-rel=\"lightbox-image-0\" data-magnific_type=\"image\" data-rl_title=\"\" data-rl_caption=\"\" title=\"\"><img loading=\"lazy\" decoding=\"async\" class=\"alignnone wp-image-126567 size-full\" src=\"https:\/\/wikicollection.fr\/wp-content\/uploads\/2025\/03\/pub2.jpg\" alt=\"\" width=\"632\" height=\"876\" srcset=\"https:\/\/wikicollection.fr\/wp-content\/uploads\/2025\/03\/pub2.jpg 632w, https:\/\/wikicollection.fr\/wp-content\/uploads\/2025\/03\/pub2-216x300.jpg 216w, https:\/\/wikicollection.fr\/wp-content\/uploads\/2025\/03\/pub2-445x617.jpg 445w\" sizes=\"auto, (max-width: 632px) 100vw, 632px\" \/><\/a><\/p>\n","protected":false},"excerpt":{"rendered":"<p>1\u00e8re \u00e9dition des jetons publicitaires par R. Elie<\/p>\n","protected":false},"featured_media":126568,"comment_status":"open","ping_status":"closed","template":"","meta":[],"product_cat":[45,203],"product_tag":[],"class_list":{"0":"post-126566","1":"product","2":"type-product","3":"status-publish","4":"has-post-thumbnail","6":"product_cat-bibliographie","7":"product_cat-etudes","9":"first","10":"instock","11":"virtual","12":"purchasable","13":"product-type-simple"},"_links":{"self":[{"href":"https:\/\/wikicollection.fr\/index.php?rest_route=\/wp\/v2\/product\/126566","targetHints":{"allow":["GET"]}}],"collection":[{"href":"https:\/\/wikicollection.fr\/index.php?rest_route=\/wp\/v2\/product"}],"about":[{"href":"https:\/\/wikicollection.fr\/index.php?rest_route=\/wp\/v2\/types\/product"}],"replies":[{"embeddable":true,"href":"https:\/\/wikicollection.fr\/index.php?rest_route=%2Fwp%2Fv2%2Fcomments&post=126566"}],"wp:featuredmedia":[{"embeddable":true,"href":"https:\/\/wikicollection.fr\/index.php?rest_route=\/wp\/v2\/media\/126568"}],"wp:attachment":[{"href":"https:\/\/wikicollection.fr\/index.php?rest_route=%2Fwp%2Fv2%2Fmedia&parent=126566"}],"wp:term":[{"taxonomy":"product_cat","embeddable":true,"href":"https:\/\/wikicollection.fr\/index.php?rest_route=%2Fwp%2Fv2%2Fproduct_cat&post=126566"},{"taxonomy":"product_tag","embeddable":true,"href":"https:\/\/wikicollection.fr\/index.php?rest_route=%2Fwp%2Fv2%2Fproduct_tag&post=126566"}],"curies":[{"name":"wp","href":"https:\/\/api.w.org\/{rel}","templated":true}]}}