{"id":126556,"date":"2025-03-20T23:03:36","date_gmt":"2025-03-20T22:03:36","guid":{"rendered":"https:\/\/wikicollection.fr\/?post_type=product&#038;p=126556"},"modified":"2025-03-20T23:15:54","modified_gmt":"2025-03-20T22:15:54","slug":"bulletin-acjm-n60-au-format-numerique-novembre-2020","status":"publish","type":"product","link":"https:\/\/wikicollection.fr\/?product=bulletin-acjm-n60-au-format-numerique-novembre-2020","title":{"rendered":"Bulletin ACJM n\u00b060 au format num\u00e9rique \/ novembre 2020"},"content":{"rendered":"<p><strong>Bulletin ACJM n\u00b060 au format num\u00e9rique<\/strong><\/p>\n<p><a href=\"https:\/\/wikicollection.fr\/wp-content\/uploads\/2025\/03\/Revue-60_page-0001a.jpg\" data-rel=\"lightbox-image-0\" data-magnific_type=\"image\" data-rl_title=\"\" data-rl_caption=\"\" title=\"\"><img loading=\"lazy\" decoding=\"async\" class=\"alignnone wp-image-126559 size-full\" src=\"https:\/\/wikicollection.fr\/wp-content\/uploads\/2025\/03\/Revue-60_page-0001a.jpg\" alt=\"\" width=\"633\" height=\"898\" srcset=\"https:\/\/wikicollection.fr\/wp-content\/uploads\/2025\/03\/Revue-60_page-0001a.jpg 633w, https:\/\/wikicollection.fr\/wp-content\/uploads\/2025\/03\/Revue-60_page-0001a-211x300.jpg 211w, https:\/\/wikicollection.fr\/wp-content\/uploads\/2025\/03\/Revue-60_page-0001a-445x631.jpg 445w\" sizes=\"auto, (max-width: 633px) 100vw, 633px\" \/><\/a><\/p>\n<p>&nbsp;<\/p>\n<p><strong>Sommaire<\/strong><\/p>\n<p>\u00c9dito &#8230;&#8230;&#8230;&#8230;&#8230;&#8230;&#8230;&#8230;&#8230;&#8230;&#8230;&#8230;&#8230;&#8230;&#8230;&#8230;&#8230;&#8230;&#8230;&#8230;&#8230;&#8230;&#8230;&#8230;&#8230;&#8230;&#8230;&#8230;&#8230;&#8230;&#8230;&#8230;&#8230;&#8230;&#8230;&#8230;&#8230;&#8230;&#8230;&#8230;&#8230;&#8230;&#8230;&#8230;&#8230;&#8230;&#8230;&#8230;&#8230;&#8230;&#8230;&#8230;&#8230;.5<br \/>\nLe rem\u00e8de anti-syphillitique de Rob Boyveau-Laffecteur &#8230;&#8230;&#8230;&#8230;&#8230;&#8230;&#8230;&#8230;&#8230;&#8230;&#8230;&#8230;&#8230;&#8230;&#8230;&#8230;&#8230;&#8230;&#8230;&#8230;&#8230;&#8230;&#8230;.6<br \/>\nLe catalogue jetons publicitaires &#8230;&#8230;&#8230;&#8230;&#8230;&#8230;&#8230;&#8230;&#8230;&#8230;&#8230;&#8230;&#8230;&#8230;&#8230;&#8230;&#8230;&#8230;&#8230;&#8230;&#8230;&#8230;&#8230;&#8230;&#8230;&#8230;&#8230;&#8230;&#8230;&#8230;&#8230;&#8230;&#8230;&#8230;&#8230;&#8230;..16<br \/>\nLes soupes \u00e9conomiques pr\u00e9curseurs des fourneaux \u00e9conomiques ? par Denis COURTOIS avec<br \/>\nune collaboration active de Philippe DELAYGUES &#8230;&#8230;&#8230;&#8230;&#8230;&#8230;&#8230;&#8230;&#8230;&#8230;&#8230;&#8230;&#8230;&#8230;&#8230;&#8230;&#8230;&#8230;&#8230;&#8230;&#8230;&#8230;&#8230;&#8230;&#8230;&#8230;&#8230;.19<br \/>\nQuartz fondu : \u00ab\u00a0la mine\u00a0\u00bb de l\u2019 Argenti\u00e8re la Bess\u00e9e ? par Denis COURTOIS avec une collaboration<br \/>\nactive de Aurore DANSE et Mr Edmond VERHEYDEN &#8230;&#8230;&#8230;&#8230;&#8230;&#8230;&#8230;&#8230;&#8230;&#8230;&#8230;&#8230;&#8230;&#8230;&#8230;&#8230;&#8230;&#8230;&#8230;&#8230;&#8230;&#8230;&#8230;&#8230;&#8230;.21<br \/>\nPile ou pub : 1986-1987, une vie tr\u00e8s courte pour une \u00ab\u00a0nouvelle monnaie publicitaire\u00a0\u00bb<br \/>\npar Denis COURTOIS &#8230;&#8230;&#8230;&#8230;&#8230;&#8230;&#8230;&#8230;&#8230;&#8230;&#8230;&#8230;&#8230;&#8230;&#8230;&#8230;&#8230;&#8230;&#8230;&#8230;&#8230;&#8230;&#8230;&#8230;&#8230;&#8230;&#8230;&#8230;&#8230;&#8230;&#8230;&#8230;&#8230;&#8230;&#8230;&#8230;&#8230;&#8230;&#8230;&#8230;&#8230;&#8230;&#8230;..26<br \/>\nLa prol\u00e9tarienne, l\u2019union, la m\u00e9nag\u00e8re\u2026 Les coop\u00e9ratives ouvri\u00e8res de consommation de la<br \/>\nBasse Loire ont leur histoire ! par Denis COURTOIS &#8230;&#8230;&#8230;&#8230;&#8230;&#8230;&#8230;&#8230;&#8230;&#8230;&#8230;&#8230;&#8230;&#8230;&#8230;&#8230;&#8230;&#8230;&#8230;&#8230;&#8230;&#8230;&#8230;&#8230;&#8230;..27<br \/>\nLes dames de la poste ou le foyer des demoiselles du t\u00e9l\u00e9phone &#8230;&#8230;&#8230;&#8230;&#8230;&#8230;&#8230;&#8230;&#8230;&#8230;&#8230;&#8230;&#8230;&#8230;&#8230;&#8230;&#8230;. 29<br \/>\nTh\u00e9atre marigny &#8230;&#8230;&#8230;&#8230;&#8230;&#8230;&#8230;&#8230;&#8230;&#8230;&#8230;&#8230;&#8230;&#8230;&#8230;&#8230;&#8230;&#8230;&#8230;&#8230;&#8230;&#8230;&#8230;&#8230;&#8230;&#8230;&#8230;&#8230;&#8230;&#8230;&#8230;&#8230;&#8230;&#8230;&#8230;&#8230;&#8230;&#8230;&#8230;&#8230;&#8230;&#8230;&#8230;&#8230;&#8230;&#8230;31<br \/>\nDon de livres \u00e0 la BNF et consultation &#8230;&#8230;&#8230;&#8230;&#8230;&#8230;&#8230;&#8230;&#8230;&#8230;&#8230;&#8230;&#8230;&#8230;&#8230;&#8230;&#8230;&#8230;&#8230;&#8230;&#8230;&#8230;&#8230;&#8230;&#8230;&#8230;&#8230;&#8230;&#8230;&#8230;&#8230;&#8230;&#8230;&#8230;<br \/>\nAnnonces &#8230;&#8230;&#8230;&#8230;&#8230;&#8230;&#8230;&#8230;&#8230;&#8230;&#8230;&#8230;&#8230;&#8230;&#8230;&#8230;&#8230;&#8230;&#8230;&#8230;&#8230;&#8230;&#8230;&#8230;&#8230;&#8230;&#8230;&#8230;&#8230;&#8230;&#8230;&#8230;&#8230;&#8230;&#8230;&#8230;&#8230;&#8230;&#8230;&#8230;&#8230;&#8230;&#8230;&#8230;&#8230;&#8230;&#8230;&#8230;&#8230;..33<\/p>\n","protected":false},"excerpt":{"rendered":"<p>Bulletin semestriel \u00e9dit\u00e9 par l\u2019Association des Collectionneurs de Jetons-Monnaie<\/p>\n","protected":false},"featured_media":126558,"comment_status":"open","ping_status":"closed","template":"","meta":[],"product_cat":[203],"product_tag":[],"class_list":{"0":"post-126556","1":"product","2":"type-product","3":"status-publish","4":"has-post-thumbnail","6":"product_cat-etudes","8":"first","9":"instock","10":"downloadable","11":"virtual","12":"purchasable","13":"product-type-simple"},"_links":{"self":[{"href":"https:\/\/wikicollection.fr\/index.php?rest_route=\/wp\/v2\/product\/126556","targetHints":{"allow":["GET"]}}],"collection":[{"href":"https:\/\/wikicollection.fr\/index.php?rest_route=\/wp\/v2\/product"}],"about":[{"href":"https:\/\/wikicollection.fr\/index.php?rest_route=\/wp\/v2\/types\/product"}],"replies":[{"embeddable":true,"href":"https:\/\/wikicollection.fr\/index.php?rest_route=%2Fwp%2Fv2%2Fcomments&post=126556"}],"wp:featuredmedia":[{"embeddable":true,"href":"https:\/\/wikicollection.fr\/index.php?rest_route=\/wp\/v2\/media\/126558"}],"wp:attachment":[{"href":"https:\/\/wikicollection.fr\/index.php?rest_route=%2Fwp%2Fv2%2Fmedia&parent=126556"}],"wp:term":[{"taxonomy":"product_cat","embeddable":true,"href":"https:\/\/wikicollection.fr\/index.php?rest_route=%2Fwp%2Fv2%2Fproduct_cat&post=126556"},{"taxonomy":"product_tag","embeddable":true,"href":"https:\/\/wikicollection.fr\/index.php?rest_route=%2Fwp%2Fv2%2Fproduct_tag&post=126556"}],"curies":[{"name":"wp","href":"https:\/\/api.w.org\/{rel}","templated":true}]}}