{"id":126546,"date":"2025-03-15T22:51:56","date_gmt":"2025-03-15T21:51:56","guid":{"rendered":"https:\/\/wikicollection.fr\/?post_type=product&#038;p=126546"},"modified":"2025-03-16T12:34:51","modified_gmt":"2025-03-16T11:34:51","slug":"bulletin-acjm-n67-au-format-numerique-novembre-2019","status":"publish","type":"product","link":"https:\/\/wikicollection.fr\/?product=bulletin-acjm-n67-au-format-numerique-novembre-2019","title":{"rendered":"Bulletin ACJM n\u00b067 au format num\u00e9rique \/ mai 2024"},"content":{"rendered":"<p><strong>Bulletin ACJM n\u00b067 au format num\u00e9rique<\/strong><\/p>\n<p><a href=\"https:\/\/wikicollection.fr\/wp-content\/uploads\/2025\/03\/ACJM_2024_B67_web_page-0001.jpg\" data-rel=\"lightbox-image-0\" data-magnific_type=\"image\" data-rl_title=\"\" data-rl_caption=\"\" title=\"\"><img loading=\"lazy\" decoding=\"async\" class=\"alignnone wp-image-126548 size-large\" src=\"https:\/\/wikicollection.fr\/wp-content\/uploads\/2025\/03\/ACJM_2024_B67_web_page-0001-724x1024.jpg\" alt=\"\" width=\"724\" height=\"1024\" srcset=\"https:\/\/wikicollection.fr\/wp-content\/uploads\/2025\/03\/ACJM_2024_B67_web_page-0001-724x1024.jpg 724w, https:\/\/wikicollection.fr\/wp-content\/uploads\/2025\/03\/ACJM_2024_B67_web_page-0001-212x300.jpg 212w, https:\/\/wikicollection.fr\/wp-content\/uploads\/2025\/03\/ACJM_2024_B67_web_page-0001-768x1086.jpg 768w, https:\/\/wikicollection.fr\/wp-content\/uploads\/2025\/03\/ACJM_2024_B67_web_page-0001-1087x1536.jpg 1087w, https:\/\/wikicollection.fr\/wp-content\/uploads\/2025\/03\/ACJM_2024_B67_web_page-0001-445x629.jpg 445w, https:\/\/wikicollection.fr\/wp-content\/uploads\/2025\/03\/ACJM_2024_B67_web_page-0001.jpg 1243w\" sizes=\"auto, (max-width: 724px) 100vw, 724px\" \/><\/a><\/p>\n<p>&nbsp;<\/p>\n<p><strong>Sommaire<\/strong><\/p>\n<p>La monnaie m\u00e9tallique des prisonniers de guerre en 1914-1920 par Denis COURTOIS \u2026.\u2026\u20263<br \/>\nPrisoners of War par Eric-Nicolas LABINIEAU \u2026\u2026&#8230;&#8230;&#8230;&#8230;&#8230;&#8230;&#8230;&#8230;&#8230;&#8230;&#8230;&#8230;.\u2026&#8230;&#8230;&#8230;&#8230;&#8230;&#8230;\u2026&#8230;\u2026\u2026\u2026\u202619<br \/>\nA l&rsquo;h\u00e9riss\u00e9, Reims par Paul DAMAGNEZ \u2026\u2026\u2026\u2026\u2026\u2026&#8230;&#8230;&#8230;&#8230;&#8230;&#8230;&#8230;&#8230;&#8230;&#8230;&#8230;&#8230;&#8230;&#8230;&#8230;&#8230;&#8230;&#8230;&#8230;&#8230;&#8230;&#8230;..\u2026\u202622<br \/>\nLes jetons de jeux de quilles du village de Latour en Lorraine belge par Fr\u00e9d\u00e9ric THIRY &#8230;&#8230;..26<br \/>\nLa Soci\u00e9t\u00e9 de consommation de Schwanden et le syst\u00e8me de remboursement dans le<br \/>\ndomaine de la consommation en Suisse par Ruedi KUNZMANN&#8230;&#8230;&#8230;&#8230;&#8230;&#8230;&#8230;&#8230;&#8230;&#8230;&#8230;&#8230;&#8230;&#8230;&#8230;&#8230;.32<br \/>\nAnnonces &#8230;&#8230;&#8230;&#8230;&#8230;&#8230;&#8230;&#8230;&#8230;&#8230;&#8230;&#8230;&#8230;&#8230;&#8230;&#8230;&#8230;&#8230;&#8230;&#8230;&#8230;&#8230;&#8230;&#8230;&#8230;&#8230;&#8230;&#8230;&#8230;&#8230;&#8230;&#8230;&#8230;&#8230;&#8230;&#8230;&#8230;&#8230;&#8230;&#8230;&#8230;&#8230;&#8230;&#8230;&#8230;&#8230;&#8230;..40<\/p>\n","protected":false},"excerpt":{"rendered":"<p>Bulletin semestriel \u00e9dit\u00e9 par l\u2019Association des Collectionneurs de Jetons-Monnaie<\/p>\n","protected":false},"featured_media":126549,"comment_status":"open","ping_status":"closed","template":"","meta":[],"product_cat":[203],"product_tag":[],"class_list":{"0":"post-126546","1":"product","2":"type-product","3":"status-publish","4":"has-post-thumbnail","6":"product_cat-etudes","8":"first","9":"instock","10":"downloadable","11":"virtual","12":"purchasable","13":"product-type-simple"},"_links":{"self":[{"href":"https:\/\/wikicollection.fr\/index.php?rest_route=\/wp\/v2\/product\/126546","targetHints":{"allow":["GET"]}}],"collection":[{"href":"https:\/\/wikicollection.fr\/index.php?rest_route=\/wp\/v2\/product"}],"about":[{"href":"https:\/\/wikicollection.fr\/index.php?rest_route=\/wp\/v2\/types\/product"}],"replies":[{"embeddable":true,"href":"https:\/\/wikicollection.fr\/index.php?rest_route=%2Fwp%2Fv2%2Fcomments&post=126546"}],"wp:featuredmedia":[{"embeddable":true,"href":"https:\/\/wikicollection.fr\/index.php?rest_route=\/wp\/v2\/media\/126549"}],"wp:attachment":[{"href":"https:\/\/wikicollection.fr\/index.php?rest_route=%2Fwp%2Fv2%2Fmedia&parent=126546"}],"wp:term":[{"taxonomy":"product_cat","embeddable":true,"href":"https:\/\/wikicollection.fr\/index.php?rest_route=%2Fwp%2Fv2%2Fproduct_cat&post=126546"},{"taxonomy":"product_tag","embeddable":true,"href":"https:\/\/wikicollection.fr\/index.php?rest_route=%2Fwp%2Fv2%2Fproduct_tag&post=126546"}],"curies":[{"name":"wp","href":"https:\/\/api.w.org\/{rel}","templated":true}]}}