{"id":126526,"date":"2025-03-15T21:59:17","date_gmt":"2025-03-15T20:59:17","guid":{"rendered":"https:\/\/wikicollection.fr\/?post_type=product&#038;p=126526"},"modified":"2025-03-16T12:35:57","modified_gmt":"2025-03-16T11:35:57","slug":"bulletin-acjm-n64-au-format-numerique-novembre-2022","status":"publish","type":"product","link":"https:\/\/wikicollection.fr\/?product=bulletin-acjm-n64-au-format-numerique-novembre-2022","title":{"rendered":"Bulletin ACJM n\u00b064 au format num\u00e9rique \/ novembre 2022"},"content":{"rendered":"<p><strong>Bulletin ACJM n\u00b064 au format num\u00e9rique<\/strong><\/p>\n<p><a href=\"https:\/\/wikicollection.fr\/wp-content\/uploads\/2025\/03\/Revue-64_page-0001.jpg\" data-rel=\"lightbox-image-0\" data-magnific_type=\"image\" data-rl_title=\"\" data-rl_caption=\"\" title=\"\"><img loading=\"lazy\" decoding=\"async\" class=\"alignnone wp-image-126527 size-large\" src=\"https:\/\/wikicollection.fr\/wp-content\/uploads\/2025\/03\/Revue-64_page-0001-725x1024.jpg\" alt=\"\" width=\"725\" height=\"1024\" srcset=\"https:\/\/wikicollection.fr\/wp-content\/uploads\/2025\/03\/Revue-64_page-0001-725x1024.jpg 725w, https:\/\/wikicollection.fr\/wp-content\/uploads\/2025\/03\/Revue-64_page-0001-212x300.jpg 212w, https:\/\/wikicollection.fr\/wp-content\/uploads\/2025\/03\/Revue-64_page-0001-768x1085.jpg 768w, https:\/\/wikicollection.fr\/wp-content\/uploads\/2025\/03\/Revue-64_page-0001-1087x1536.jpg 1087w, https:\/\/wikicollection.fr\/wp-content\/uploads\/2025\/03\/Revue-64_page-0001-445x629.jpg 445w, https:\/\/wikicollection.fr\/wp-content\/uploads\/2025\/03\/Revue-64_page-0001.jpg 1243w\" sizes=\"auto, (max-width: 725px) 100vw, 725px\" \/><\/a><\/p>\n<p>&nbsp;<\/p>\n<p><strong>Sommaire<\/strong><\/p>\n<p>Boulangerie Chalons-sur-Marne &#8211; Chalons-sur-Marne : un t\u00e9moignage t\u00e9l\u00e9 sur l&rsquo;utilisation<br \/>\ndes jetons par Denis Courtois et Fr\u00e9d\u00e9ric Thiry &#8230;&#8230;&#8230;&#8230;&#8230;&#8230;&#8230;&#8230;&#8230;&#8230;&#8230;&#8230;&#8230;&#8230;&#8230;&#8230;&#8230;&#8230;&#8230;&#8230;&#8230;&#8230;&#8230;&#8230;&#8230;&#8230;.3<br \/>\nLa compagnie des chemins de fer du Nord \u00e0 Hellemmes par Jean-Christophe Payen &#8230;&#8230;&#8230;&#8230;.5<br \/>\nLa boulangerie du moulin de la Go\u00easse \u00e0 \u00c9pernay par Paul Damagnez &#8230;&#8230;&#8230;&#8230;&#8230;&#8230;&#8230;&#8230;&#8230;&#8230;&#8230;&#8230;.6<br \/>\nMaison Bernot : Quand une maison fait feu de tout bois par Denis Courtois &#8230;&#8230;&#8230;&#8230;&#8230;&#8230;&#8230;&#8230;..11<br \/>\nLa cuisine populaire de Gen\u00e8ve par Denis Courtois &#8230;&#8230;&#8230;&#8230;&#8230;&#8230;&#8230;&#8230;&#8230;&#8230;&#8230;&#8230;&#8230;&#8230;&#8230;&#8230;&#8230;&#8230;&#8230;&#8230;&#8230;&#8230;&#8230;.14<br \/>\nUn cas de vrais jetons falsifi\u00e9s : la cantine de Vaugenlieu par Robert Blin &#8230;&#8230;&#8230;&#8230;&#8230;&#8230;&#8230;&#8230;&#8230;&#8230;..23<br \/>\nLa goutte de lait par Denis Courtois &#8230;&#8230;&#8230;&#8230;&#8230;&#8230;&#8230;&#8230;&#8230;&#8230;&#8230;&#8230;&#8230;&#8230;&#8230;&#8230;&#8230;&#8230;&#8230;&#8230;&#8230;&#8230;&#8230;&#8230;&#8230;&#8230;&#8230;&#8230;&#8230;&#8230;&#8230;&#8230;.25<br \/>\nJetons d&rsquo;\u00e9crivains, jetons \u00e0 plumes par Denis Courtois et Jean-Paul Lign\u00e9 &#8230;&#8230;&#8230;&#8230;&#8230;&#8230;&#8230;&#8230;&#8230;&#8230;..28<br \/>\nAnnonces &#8230;&#8230;&#8230;&#8230;&#8230;&#8230;&#8230;&#8230;&#8230;&#8230;&#8230;&#8230;&#8230;&#8230;&#8230;&#8230;&#8230;&#8230;&#8230;&#8230;&#8230;&#8230;&#8230;&#8230;&#8230;&#8230;&#8230;&#8230;&#8230;&#8230;&#8230;&#8230;&#8230;&#8230;&#8230;&#8230;&#8230;&#8230;&#8230;&#8230;&#8230;&#8230;&#8230;&#8230;&#8230;&#8230;&#8230;&#8230;.2<\/p>\n","protected":false},"excerpt":{"rendered":"<p>Bulletin semestriel \u00e9dit\u00e9 par l\u2019Association des Collectionneurs de Jetons-Monnaie<\/p>\n","protected":false},"featured_media":126528,"comment_status":"open","ping_status":"closed","template":"","meta":[],"product_cat":[203],"product_tag":[],"class_list":{"0":"post-126526","1":"product","2":"type-product","3":"status-publish","4":"has-post-thumbnail","6":"product_cat-etudes","8":"first","9":"instock","10":"downloadable","11":"virtual","12":"purchasable","13":"product-type-simple"},"_links":{"self":[{"href":"https:\/\/wikicollection.fr\/index.php?rest_route=\/wp\/v2\/product\/126526","targetHints":{"allow":["GET"]}}],"collection":[{"href":"https:\/\/wikicollection.fr\/index.php?rest_route=\/wp\/v2\/product"}],"about":[{"href":"https:\/\/wikicollection.fr\/index.php?rest_route=\/wp\/v2\/types\/product"}],"replies":[{"embeddable":true,"href":"https:\/\/wikicollection.fr\/index.php?rest_route=%2Fwp%2Fv2%2Fcomments&post=126526"}],"wp:featuredmedia":[{"embeddable":true,"href":"https:\/\/wikicollection.fr\/index.php?rest_route=\/wp\/v2\/media\/126528"}],"wp:attachment":[{"href":"https:\/\/wikicollection.fr\/index.php?rest_route=%2Fwp%2Fv2%2Fmedia&parent=126526"}],"wp:term":[{"taxonomy":"product_cat","embeddable":true,"href":"https:\/\/wikicollection.fr\/index.php?rest_route=%2Fwp%2Fv2%2Fproduct_cat&post=126526"},{"taxonomy":"product_tag","embeddable":true,"href":"https:\/\/wikicollection.fr\/index.php?rest_route=%2Fwp%2Fv2%2Fproduct_tag&post=126526"}],"curies":[{"name":"wp","href":"https:\/\/api.w.org\/{rel}","templated":true}]}}