{"id":126369,"date":"2024-11-12T22:54:45","date_gmt":"2024-11-12T21:54:45","guid":{"rendered":"https:\/\/wikicollection.fr\/?post_type=product&#038;p=126369"},"modified":"2024-11-12T22:54:48","modified_gmt":"2024-11-12T21:54:48","slug":"article-numerique-acjm-les-tramways-de-geneve-par-bernard-carruesco","status":"publish","type":"product","link":"https:\/\/wikicollection.fr\/?product=article-numerique-acjm-les-tramways-de-geneve-par-bernard-carruesco","title":{"rendered":"Article num\u00e9rique ACJM \u2013 Les tramways de Gen\u00e8ve par Bernard Carruesco"},"content":{"rendered":"<p>Si en 2005, on a pu \u00ab\u00a0inaugurer\u00a0\u00bb une ligne Gen\u00e8ve-Annemasse ce n&rsquo;\u00e9tait que le retour \u00e0 une ancienne ligne qui existait d\u00e9j\u00e0 un si\u00e8cle avant. L&rsquo;article de B. Carruesco retrace l&rsquo;histoire des diff\u00e9rentes compagnies de tramways qui ont contribu\u00e9 au d\u00e9veloppement de cette offre de transports sur Gen\u00e8ve avec leurs jetons correspondant et leurs dessertes (Veyrier, Carouges &#8230;). Les monogrammes utilis\u00e9s ainsi que les sigles d\u00e9crits contribuent \u00e0 leur identification pour ce qui s&rsquo;appelait &#8211; au tout d\u00e9but de leur existence &#8211; chemins de fer \u00e0 voie \u00e9troite.<\/p>\n","protected":false},"excerpt":{"rendered":"<p>Cet article est gratuit pour les adh\u00e9rents ACJM \u00e0 jour de leurs cotisations annuelles (utiliser l\u2019option paiement \u00e0 la livraison).<\/p>\n","protected":false},"featured_media":126368,"comment_status":"open","ping_status":"closed","template":"","meta":[],"product_cat":[203],"product_tag":[],"class_list":{"0":"post-126369","1":"product","2":"type-product","3":"status-publish","4":"has-post-thumbnail","6":"product_cat-etudes","8":"first","9":"instock","10":"downloadable","11":"virtual","12":"purchasable","13":"product-type-simple"},"_links":{"self":[{"href":"https:\/\/wikicollection.fr\/index.php?rest_route=\/wp\/v2\/product\/126369","targetHints":{"allow":["GET"]}}],"collection":[{"href":"https:\/\/wikicollection.fr\/index.php?rest_route=\/wp\/v2\/product"}],"about":[{"href":"https:\/\/wikicollection.fr\/index.php?rest_route=\/wp\/v2\/types\/product"}],"replies":[{"embeddable":true,"href":"https:\/\/wikicollection.fr\/index.php?rest_route=%2Fwp%2Fv2%2Fcomments&post=126369"}],"wp:featuredmedia":[{"embeddable":true,"href":"https:\/\/wikicollection.fr\/index.php?rest_route=\/wp\/v2\/media\/126368"}],"wp:attachment":[{"href":"https:\/\/wikicollection.fr\/index.php?rest_route=%2Fwp%2Fv2%2Fmedia&parent=126369"}],"wp:term":[{"taxonomy":"product_cat","embeddable":true,"href":"https:\/\/wikicollection.fr\/index.php?rest_route=%2Fwp%2Fv2%2Fproduct_cat&post=126369"},{"taxonomy":"product_tag","embeddable":true,"href":"https:\/\/wikicollection.fr\/index.php?rest_route=%2Fwp%2Fv2%2Fproduct_tag&post=126369"}],"curies":[{"name":"wp","href":"https:\/\/api.w.org\/{rel}","templated":true}]}}