{"id":126290,"date":"2024-07-09T21:11:36","date_gmt":"2024-07-09T20:11:36","guid":{"rendered":"https:\/\/wikicollection.fr\/?post_type=product&#038;p=126290"},"modified":"2024-07-10T11:24:19","modified_gmt":"2024-07-10T10:24:19","slug":"hors-serie-n9-acjm-les-associations-alimentaires-et-leurs-jetons","status":"publish","type":"product","link":"https:\/\/wikicollection.fr\/?product=hors-serie-n9-acjm-les-associations-alimentaires-et-leurs-jetons","title":{"rendered":"Hors s\u00e9rie n\u00b09 ACJM \u2013 Les associations alimentaires et leurs jetons"},"content":{"rendered":"<p><strong>Les associations alimentaires et leurs jetons<br \/>\n<\/strong>Bulletin hors s\u00e9rie num\u00e9ro 9 au format num\u00e9rique (68 pages).<strong><br \/>\n<\/strong><\/p>\n<p>Si vous avez ce num\u00e9ro sp\u00e9cial entre les mains, c\u2019est gr\u00e2ce aux passionn\u00e9s qui ont mis \u00e0 disposition leurs articles ou leurs illustrations. Ce travail rassemble les contributions de membres de l\u2019ACJM, mais aussi de personnes ext\u00e9rieures qui ont bien voulu apporter leur pierre \u00e0 l\u2019\u00e9difice.<br \/>\nSa mise en page a \u00e9t\u00e9 effectu\u00e9e par notre ami Antoine Clerc, qui supervise l\u2019\u00e9dition de nos publications. Il s\u2019agit l\u00e0 d\u2019un premier num\u00e9ro r\u00e9alis\u00e9 de cette mani\u00e8re, qui en appellera d\u2019autres.<br \/>\nLa premi\u00e8re r\u00e9action de Madame Lhuissier, qui a accept\u00e9 de r\u00e9aliser une pr\u00e9face \u00e0 ce num\u00e9ro, a \u00e9t\u00e9 sa surprise quant \u00e0 la richesse de la production numismatique sur un sujet qu\u2019elle conna\u00eet bien, pour avoir r\u00e9alis\u00e9 nombre de travaux universitaires \u00e0 cet objet, notamment sur Grenoble.<br \/>\nLa monnaie de n\u00e9cessit\u00e9 et le jeton-monnaie accompagnent notre histoire, nos histoires, car ces monnaies se retrouvent aussi dans nombre de pays \u00e0 travers le monde. Elles en sont les t\u00e9moins, et de plus en plus d\u2019historiens les consid\u00e8rent comme tels.<br \/>\nLes num\u00e9ros sp\u00e9ciaux de la revue de l\u2019ACJM ont trait\u00e9, ces derni\u00e8res ann\u00e9es, de la place des jetons dans des domaines pr\u00e9cis (l\u2019eau \u00e0 Paris), leur localisation (d\u00e9partement de la Ni\u00e8vre, Passages couverts de Paris), leur utilisation dans des lieux \u00ab\u00e9ph\u00e9m\u00e8res \u00bb (expositions internationales \u00e0 Paris), de leur utilisation dans un contexte pr\u00e9cis (jetons de banques), de leur place dans le fonctionnement de certaines entreprises (des compagnies ferroviaires aux boulangeries-coop\u00e9ratives), mais aussi de leur conception, avec le num\u00e9ro sp\u00e9cial qui vient d\u2019\u00eatre r\u00e9alis\u00e9 sur le Graveur Th\u00e9venon.<br \/>\nCe num\u00e9ro porte sur un domaine o\u00f9 l\u2019\u00e9mission des jetons a \u00e9t\u00e9 tr\u00e8s importante, que l\u2019on d\u00e9signe de nos jours comme celui de la solidarit\u00e9, et qui, \u00e0 cette \u00e9poque prenait souvent le nom de charit\u00e9, assistance\u2026 avec des formes et des organisations souvent variables d\u2019une ville \u00e0 une autre, m\u00eame si l\u2019exploitation des archives montre qu\u2019il existait d\u00e9j\u00e0 beaucoup de \u00abbenchmarking\u00bb.<br \/>\nLes conditions d\u2019\u00e9mission de nombre de ces jetons document\u00e9es par les archives, le recours au talent de graveurs en monnaie, montrent tout le potentiel de notre domaine d\u2019\u00e9tude de la numismatique sur lequel il reste encore beaucoup de travail \u00e0 faire ! Au-del\u00e0 de collection de monnaies, c\u2019est aussi une ouverture sur l\u2019histoire de nos anc\u00eatres les plus modestes et les plus anonymes, de leur travail, de leurs luttes et de leurs vies.<\/p>\n<p>Jean-Fran\u00e7ois Muller<\/p>\n<p><img loading=\"lazy\" decoding=\"async\" class=\"alignnone wp-image-126287 size-full\" src=\"https:\/\/wikicollection.fr\/wp-content\/uploads\/2024\/07\/assoali1.jpg\" sizes=\"auto, (max-width: 591px) 100vw, 591px\" srcset=\"https:\/\/wikicollection.fr\/wp-content\/uploads\/2024\/07\/assoali1.jpg 591w, https:\/\/wikicollection.fr\/wp-content\/uploads\/2024\/07\/assoali1-212x300.jpg 212w, https:\/\/wikicollection.fr\/wp-content\/uploads\/2024\/07\/assoali1-445x630.jpg 445w\" alt=\"\" width=\"591\" height=\"837\" \/><\/p>\n","protected":false},"excerpt":{"rendered":"<p>Bulletin hors s\u00e9rie num\u00e9ro 9 au format papier (68 pages).<\/p>\n","protected":false},"featured_media":126289,"comment_status":"open","ping_status":"closed","template":"","meta":[],"product_cat":[203],"product_tag":[],"class_list":{"0":"post-126290","1":"product","2":"type-product","3":"status-publish","4":"has-post-thumbnail","6":"product_cat-etudes","7":"product_shipping_class-livraison-colissimo-petit-envoi","9":"first","10":"instock","11":"purchasable","12":"product-type-simple"},"_links":{"self":[{"href":"https:\/\/wikicollection.fr\/index.php?rest_route=\/wp\/v2\/product\/126290","targetHints":{"allow":["GET"]}}],"collection":[{"href":"https:\/\/wikicollection.fr\/index.php?rest_route=\/wp\/v2\/product"}],"about":[{"href":"https:\/\/wikicollection.fr\/index.php?rest_route=\/wp\/v2\/types\/product"}],"replies":[{"embeddable":true,"href":"https:\/\/wikicollection.fr\/index.php?rest_route=%2Fwp%2Fv2%2Fcomments&post=126290"}],"wp:featuredmedia":[{"embeddable":true,"href":"https:\/\/wikicollection.fr\/index.php?rest_route=\/wp\/v2\/media\/126289"}],"wp:attachment":[{"href":"https:\/\/wikicollection.fr\/index.php?rest_route=%2Fwp%2Fv2%2Fmedia&parent=126290"}],"wp:term":[{"taxonomy":"product_cat","embeddable":true,"href":"https:\/\/wikicollection.fr\/index.php?rest_route=%2Fwp%2Fv2%2Fproduct_cat&post=126290"},{"taxonomy":"product_tag","embeddable":true,"href":"https:\/\/wikicollection.fr\/index.php?rest_route=%2Fwp%2Fv2%2Fproduct_tag&post=126290"}],"curies":[{"name":"wp","href":"https:\/\/api.w.org\/{rel}","templated":true}]}}