{"id":126014,"date":"2023-05-31T21:28:54","date_gmt":"2023-05-31T20:28:54","guid":{"rendered":"https:\/\/wikicollection.fr\/?post_type=product&#038;p=126014"},"modified":"2026-04-17T20:55:00","modified_gmt":"2026-04-17T19:55:00","slug":"ouvrage-numerique-guide-rose-annee-1937","status":"publish","type":"product","link":"https:\/\/wikicollection.fr\/?product=ouvrage-numerique-guide-rose-annee-1937","title":{"rendered":"Ouvrage num\u00e9rique \u2013 Guide rose ann\u00e9e 1937"},"content":{"rendered":"<p>Ouvrage de 194 pages<\/p>\n<p><img loading=\"lazy\" decoding=\"async\" class=\"alignnone wp-image-126016 size-full\" src=\"https:\/\/wikicollection.fr\/wp-content\/uploads\/2023\/05\/gr1937.jpg\" alt=\"\" width=\"600\" height=\"960\" srcset=\"https:\/\/wikicollection.fr\/wp-content\/uploads\/2023\/05\/gr1937.jpg 600w, https:\/\/wikicollection.fr\/wp-content\/uploads\/2023\/05\/gr1937-445x712.jpg 445w, https:\/\/wikicollection.fr\/wp-content\/uploads\/2023\/05\/gr1937-188x300.jpg 188w\" sizes=\"auto, (max-width: 600px) 100vw, 600px\" \/><\/p>\n","protected":false},"excerpt":{"rendered":"<p>Tr\u00e8s rare ouvrage r\u00e9pertoriant les adresses des maisons de tol\u00e9rance France, colonies et \u00e9tranger pour 1937<\/p>\n","protected":false},"featured_media":126017,"comment_status":"open","ping_status":"closed","template":"","meta":[],"product_cat":[45],"product_tag":[],"class_list":{"0":"post-126014","1":"product","2":"type-product","3":"status-publish","4":"has-post-thumbnail","6":"product_cat-bibliographie","8":"first","9":"instock","10":"downloadable","11":"virtual","12":"purchasable","13":"product-type-simple"},"_links":{"self":[{"href":"https:\/\/wikicollection.fr\/index.php?rest_route=\/wp\/v2\/product\/126014","targetHints":{"allow":["GET"]}}],"collection":[{"href":"https:\/\/wikicollection.fr\/index.php?rest_route=\/wp\/v2\/product"}],"about":[{"href":"https:\/\/wikicollection.fr\/index.php?rest_route=\/wp\/v2\/types\/product"}],"replies":[{"embeddable":true,"href":"https:\/\/wikicollection.fr\/index.php?rest_route=%2Fwp%2Fv2%2Fcomments&post=126014"}],"wp:featuredmedia":[{"embeddable":true,"href":"https:\/\/wikicollection.fr\/index.php?rest_route=\/wp\/v2\/media\/126017"}],"wp:attachment":[{"href":"https:\/\/wikicollection.fr\/index.php?rest_route=%2Fwp%2Fv2%2Fmedia&parent=126014"}],"wp:term":[{"taxonomy":"product_cat","embeddable":true,"href":"https:\/\/wikicollection.fr\/index.php?rest_route=%2Fwp%2Fv2%2Fproduct_cat&post=126014"},{"taxonomy":"product_tag","embeddable":true,"href":"https:\/\/wikicollection.fr\/index.php?rest_route=%2Fwp%2Fv2%2Fproduct_tag&post=126014"}],"curies":[{"name":"wp","href":"https:\/\/api.w.org\/{rel}","templated":true}]}}