{"id":124212,"date":"2022-01-23T00:33:51","date_gmt":"2022-01-22T23:33:51","guid":{"rendered":"https:\/\/wikicollection.fr\/?post_type=product&#038;p=124212"},"modified":"2024-07-09T21:06:50","modified_gmt":"2024-07-09T20:06:50","slug":"guide-rose-annee-1925","status":"publish","type":"product","link":"https:\/\/wikicollection.fr\/?product=guide-rose-annee-1925","title":{"rendered":"Ouvrage num\u00e9rique &#8211; Guide rose ann\u00e9e 1925"},"content":{"rendered":"<p>Ouvrage de 194 pages<\/p>\n<p><a href=\"https:\/\/wikicollection.fr\/wp-content\/uploads\/2022\/01\/19011601gr.jpg\" data-rel=\"lightbox-image-0\" data-magnific_type=\"image\" data-rl_title=\"\" data-rl_caption=\"\" title=\"\"><img loading=\"lazy\" decoding=\"async\" class=\"alignnone wp-image-124216 \" src=\"https:\/\/wikicollection.fr\/wp-content\/uploads\/2022\/01\/19011601gr.jpg\" alt=\"\" width=\"663\" height=\"1002\" srcset=\"https:\/\/wikicollection.fr\/wp-content\/uploads\/2022\/01\/19011601gr.jpg 1000w, https:\/\/wikicollection.fr\/wp-content\/uploads\/2022\/01\/19011601gr-445x673.jpg 445w, https:\/\/wikicollection.fr\/wp-content\/uploads\/2022\/01\/19011601gr-198x300.jpg 198w, https:\/\/wikicollection.fr\/wp-content\/uploads\/2022\/01\/19011601gr-677x1024.jpg 677w, https:\/\/wikicollection.fr\/wp-content\/uploads\/2022\/01\/19011601gr-768x1161.jpg 768w\" sizes=\"auto, (max-width: 663px) 100vw, 663px\" \/><\/a><\/p>\n","protected":false},"excerpt":{"rendered":"<p>Tr\u00e8s rare ouvrage r\u00e9pertoriant les adresses des maisons de tol\u00e9rance France, colonies et \u00e9tranger pour 1925<\/p>\n","protected":false},"featured_media":124215,"comment_status":"open","ping_status":"closed","template":"","meta":[],"product_cat":[45],"product_tag":[],"class_list":{"0":"post-124212","1":"product","2":"type-product","3":"status-publish","4":"has-post-thumbnail","6":"product_cat-bibliographie","8":"first","9":"instock","10":"downloadable","11":"virtual","12":"purchasable","13":"product-type-simple"},"_links":{"self":[{"href":"https:\/\/wikicollection.fr\/index.php?rest_route=\/wp\/v2\/product\/124212","targetHints":{"allow":["GET"]}}],"collection":[{"href":"https:\/\/wikicollection.fr\/index.php?rest_route=\/wp\/v2\/product"}],"about":[{"href":"https:\/\/wikicollection.fr\/index.php?rest_route=\/wp\/v2\/types\/product"}],"replies":[{"embeddable":true,"href":"https:\/\/wikicollection.fr\/index.php?rest_route=%2Fwp%2Fv2%2Fcomments&post=124212"}],"wp:featuredmedia":[{"embeddable":true,"href":"https:\/\/wikicollection.fr\/index.php?rest_route=\/wp\/v2\/media\/124215"}],"wp:attachment":[{"href":"https:\/\/wikicollection.fr\/index.php?rest_route=%2Fwp%2Fv2%2Fmedia&parent=124212"}],"wp:term":[{"taxonomy":"product_cat","embeddable":true,"href":"https:\/\/wikicollection.fr\/index.php?rest_route=%2Fwp%2Fv2%2Fproduct_cat&post=124212"},{"taxonomy":"product_tag","embeddable":true,"href":"https:\/\/wikicollection.fr\/index.php?rest_route=%2Fwp%2Fv2%2Fproduct_tag&post=124212"}],"curies":[{"name":"wp","href":"https:\/\/api.w.org\/{rel}","templated":true}]}}