{"id":124000,"date":"2021-12-06T23:20:17","date_gmt":"2021-12-06T22:20:17","guid":{"rendered":"https:\/\/wikicollection.fr\/?post_type=product&#038;p=124000"},"modified":"2021-12-13T10:25:38","modified_gmt":"2021-12-13T09:25:38","slug":"article-numerique-acjm-les-jetons-de-forains-en-france","status":"publish","type":"product","link":"https:\/\/wikicollection.fr\/?product=article-numerique-acjm-les-jetons-de-forains-en-france","title":{"rendered":"Article num\u00e9rique ACJM &#8211; Les jetons de forains en France"},"content":{"rendered":"<p><strong>Les jetons de forains en France par Jacques Roussel num\u00e9ro 43 pages 12-18<\/strong><\/p>\n<p>Dans cet article, l&rsquo;auteur propose une rare repr\u00e9sentation des jetons utilis\u00e9s pour les skooters, les man\u00e8ges, loteries et autres distractions.<\/p>\n<p>Pr\u00e8s de 60 exemplaires, la plupart m\u00e9talliques sont list\u00e9s et illustr\u00e9s et parfois m\u00eame localis\u00e9s quand l&rsquo;attraction \u00e9tait p\u00e9renne dans la localit\u00e9.<\/p>\n<p>&nbsp;<\/p>\n","protected":false},"excerpt":{"rendered":"<p>Cet article est gratuit pour les adh\u00e9rents ACJM \u00e0 jour de leurs cotisations annuelles (utiliser l\u2019option paiement \u00e0 la livraison).<\/p>\n","protected":false},"featured_media":124002,"comment_status":"open","ping_status":"closed","template":"","meta":[],"product_cat":[203],"product_tag":[],"class_list":{"0":"post-124000","1":"product","2":"type-product","3":"status-publish","4":"has-post-thumbnail","6":"product_cat-etudes","8":"first","9":"instock","10":"downloadable","11":"virtual","12":"purchasable","13":"product-type-simple"},"_links":{"self":[{"href":"https:\/\/wikicollection.fr\/index.php?rest_route=\/wp\/v2\/product\/124000","targetHints":{"allow":["GET"]}}],"collection":[{"href":"https:\/\/wikicollection.fr\/index.php?rest_route=\/wp\/v2\/product"}],"about":[{"href":"https:\/\/wikicollection.fr\/index.php?rest_route=\/wp\/v2\/types\/product"}],"replies":[{"embeddable":true,"href":"https:\/\/wikicollection.fr\/index.php?rest_route=%2Fwp%2Fv2%2Fcomments&post=124000"}],"wp:featuredmedia":[{"embeddable":true,"href":"https:\/\/wikicollection.fr\/index.php?rest_route=\/wp\/v2\/media\/124002"}],"wp:attachment":[{"href":"https:\/\/wikicollection.fr\/index.php?rest_route=%2Fwp%2Fv2%2Fmedia&parent=124000"}],"wp:term":[{"taxonomy":"product_cat","embeddable":true,"href":"https:\/\/wikicollection.fr\/index.php?rest_route=%2Fwp%2Fv2%2Fproduct_cat&post=124000"},{"taxonomy":"product_tag","embeddable":true,"href":"https:\/\/wikicollection.fr\/index.php?rest_route=%2Fwp%2Fv2%2Fproduct_tag&post=124000"}],"curies":[{"name":"wp","href":"https:\/\/api.w.org\/{rel}","templated":true}]}}