{"id":123902,"date":"2021-09-30T13:23:27","date_gmt":"2021-09-30T12:23:27","guid":{"rendered":"https:\/\/wikicollection.fr\/?post_type=product&#038;p=123902"},"modified":"2025-09-09T12:44:03","modified_gmt":"2025-09-09T11:44:03","slug":"monnaies-et-jetons-des-maisons-de-tolerance-par-m-paynat","status":"publish","type":"product","link":"https:\/\/wikicollection.fr\/?product=monnaies-et-jetons-des-maisons-de-tolerance-par-m-paynat","title":{"rendered":"Monnaies et jetons des maisons de tol\u00e9rance par M. Paynat"},"content":{"rendered":"<p><a href=\"https:\/\/wikicollection.fr\/wp-content\/uploads\/2021\/09\/paynat-scaled.jpg\" data-rel=\"lightbox-image-0\" data-magnific_type=\"image\" data-rl_title=\"\" data-rl_caption=\"\" title=\"\"><img loading=\"lazy\" decoding=\"async\" class=\"alignnone wp-image-123904\" src=\"https:\/\/wikicollection.fr\/wp-content\/uploads\/2021\/09\/paynat-scaled.jpg\" alt=\"\" width=\"600\" height=\"884\" srcset=\"https:\/\/wikicollection.fr\/wp-content\/uploads\/2021\/09\/paynat-scaled.jpg 1738w, https:\/\/wikicollection.fr\/wp-content\/uploads\/2021\/09\/paynat-445x655.jpg 445w, https:\/\/wikicollection.fr\/wp-content\/uploads\/2021\/09\/paynat-204x300.jpg 204w, https:\/\/wikicollection.fr\/wp-content\/uploads\/2021\/09\/paynat-695x1024.jpg 695w, https:\/\/wikicollection.fr\/wp-content\/uploads\/2021\/09\/paynat-768x1131.jpg 768w, https:\/\/wikicollection.fr\/wp-content\/uploads\/2021\/09\/paynat-1043x1536.jpg 1043w, https:\/\/wikicollection.fr\/wp-content\/uploads\/2021\/09\/paynat-1390x2048.jpg 1390w\" sizes=\"auto, (max-width: 600px) 100vw, 600px\" \/><\/a><\/p>\n","protected":false},"excerpt":{"rendered":"<p>Epuis\u00e9 mais r\u00e9-impression envisageable en fonction du nombre de souscripteurs. Mail \u00e0 adresser \u00e0 <a href=\"mailto:admin@wikicollection.fr\">admin@wikicollection.fr<\/a><\/p>\n","protected":false},"featured_media":123903,"comment_status":"open","ping_status":"closed","template":"","meta":[],"product_cat":[45],"product_tag":[],"class_list":{"0":"post-123902","1":"product","2":"type-product","3":"status-publish","4":"has-post-thumbnail","6":"product_cat-bibliographie","7":"product_shipping_class-livraison-colissimo-petit-envoi","9":"first","10":"instock","11":"purchasable","12":"product-type-simple"},"_links":{"self":[{"href":"https:\/\/wikicollection.fr\/index.php?rest_route=\/wp\/v2\/product\/123902","targetHints":{"allow":["GET"]}}],"collection":[{"href":"https:\/\/wikicollection.fr\/index.php?rest_route=\/wp\/v2\/product"}],"about":[{"href":"https:\/\/wikicollection.fr\/index.php?rest_route=\/wp\/v2\/types\/product"}],"replies":[{"embeddable":true,"href":"https:\/\/wikicollection.fr\/index.php?rest_route=%2Fwp%2Fv2%2Fcomments&post=123902"}],"wp:featuredmedia":[{"embeddable":true,"href":"https:\/\/wikicollection.fr\/index.php?rest_route=\/wp\/v2\/media\/123903"}],"wp:attachment":[{"href":"https:\/\/wikicollection.fr\/index.php?rest_route=%2Fwp%2Fv2%2Fmedia&parent=123902"}],"wp:term":[{"taxonomy":"product_cat","embeddable":true,"href":"https:\/\/wikicollection.fr\/index.php?rest_route=%2Fwp%2Fv2%2Fproduct_cat&post=123902"},{"taxonomy":"product_tag","embeddable":true,"href":"https:\/\/wikicollection.fr\/index.php?rest_route=%2Fwp%2Fv2%2Fproduct_tag&post=123902"}],"curies":[{"name":"wp","href":"https:\/\/api.w.org\/{rel}","templated":true}]}}