{"id":123898,"date":"2021-09-30T08:26:57","date_gmt":"2021-09-30T07:26:57","guid":{"rendered":"https:\/\/wikicollection.fr\/?post_type=product&#038;p=123898"},"modified":"2023-12-11T14:07:39","modified_gmt":"2023-12-11T13:07:39","slug":"hors-serie-n5-acjm-jetons-du-departement-de-la-nievre-par-bernard-nesly","status":"publish","type":"product","link":"https:\/\/wikicollection.fr\/?product=hors-serie-n5-acjm-jetons-du-departement-de-la-nievre-par-bernard-nesly","title":{"rendered":"Hors s\u00e9rie n\u00b05 ACJM \u2013 Jetons du d\u00e9partement de la Ni\u00e8vre par Bernard Nesly"},"content":{"rendered":"<p>Ce suppl\u00e9ment au bulletin ACJM recense l&rsquo;ensemble des jetons de n\u00e9cessit\u00e9, publicitaires et autres divers jetons du d\u00e9partement de la Ni\u00e8vre.<\/p>\n<p>&nbsp;<\/p>\n<p><a href=\"https:\/\/wikicollection.fr\/wp-content\/uploads\/2021\/09\/nievre-scaled.jpg\" data-rel=\"lightbox-image-0\" data-magnific_type=\"image\" data-rl_title=\"\" data-rl_caption=\"\" title=\"\"><img loading=\"lazy\" decoding=\"async\" class=\"alignnone wp-image-123899\" src=\"https:\/\/wikicollection.fr\/wp-content\/uploads\/2021\/09\/nievre-scaled.jpg\" alt=\"\" width=\"600\" height=\"869\" srcset=\"https:\/\/wikicollection.fr\/wp-content\/uploads\/2021\/09\/nievre-scaled.jpg 1767w, https:\/\/wikicollection.fr\/wp-content\/uploads\/2021\/09\/nievre-445x645.jpg 445w, https:\/\/wikicollection.fr\/wp-content\/uploads\/2021\/09\/nievre-207x300.jpg 207w, https:\/\/wikicollection.fr\/wp-content\/uploads\/2021\/09\/nievre-707x1024.jpg 707w, https:\/\/wikicollection.fr\/wp-content\/uploads\/2021\/09\/nievre-768x1113.jpg 768w, https:\/\/wikicollection.fr\/wp-content\/uploads\/2021\/09\/nievre-1060x1536.jpg 1060w, https:\/\/wikicollection.fr\/wp-content\/uploads\/2021\/09\/nievre-1413x2048.jpg 1413w\" sizes=\"auto, (max-width: 600px) 100vw, 600px\" \/><\/a><\/p>\n","protected":false},"excerpt":{"rendered":"<p>Bulletin hors-s\u00e9rie de 42 pages<\/p>\n","protected":false},"featured_media":123900,"comment_status":"open","ping_status":"closed","template":"","meta":[],"product_cat":[203],"product_tag":[],"class_list":{"0":"post-123898","1":"product","2":"type-product","3":"status-publish","4":"has-post-thumbnail","6":"product_cat-etudes","7":"product_shipping_class-livraison-envoi-tres-leger","9":"first","10":"instock","11":"purchasable","12":"product-type-simple"},"_links":{"self":[{"href":"https:\/\/wikicollection.fr\/index.php?rest_route=\/wp\/v2\/product\/123898","targetHints":{"allow":["GET"]}}],"collection":[{"href":"https:\/\/wikicollection.fr\/index.php?rest_route=\/wp\/v2\/product"}],"about":[{"href":"https:\/\/wikicollection.fr\/index.php?rest_route=\/wp\/v2\/types\/product"}],"replies":[{"embeddable":true,"href":"https:\/\/wikicollection.fr\/index.php?rest_route=%2Fwp%2Fv2%2Fcomments&post=123898"}],"wp:featuredmedia":[{"embeddable":true,"href":"https:\/\/wikicollection.fr\/index.php?rest_route=\/wp\/v2\/media\/123900"}],"wp:attachment":[{"href":"https:\/\/wikicollection.fr\/index.php?rest_route=%2Fwp%2Fv2%2Fmedia&parent=123898"}],"wp:term":[{"taxonomy":"product_cat","embeddable":true,"href":"https:\/\/wikicollection.fr\/index.php?rest_route=%2Fwp%2Fv2%2Fproduct_cat&post=123898"},{"taxonomy":"product_tag","embeddable":true,"href":"https:\/\/wikicollection.fr\/index.php?rest_route=%2Fwp%2Fv2%2Fproduct_tag&post=123898"}],"curies":[{"name":"wp","href":"https:\/\/api.w.org\/{rel}","templated":true}]}}