{"id":123892,"date":"2021-09-29T21:12:04","date_gmt":"2021-09-29T20:12:04","guid":{"rendered":"https:\/\/wikicollection.fr\/?post_type=product&#038;p=123892"},"modified":"2021-09-29T21:12:04","modified_gmt":"2021-09-29T20:12:04","slug":"bulletin-acjm-n23","status":"publish","type":"product","link":"https:\/\/wikicollection.fr\/?product=bulletin-acjm-n23","title":{"rendered":"Bulletin ACJM n\u00b023"},"content":{"rendered":"<p>Bulletin ACJM au format papier pr\u00e9sentant les th\u00e9matiques suivantes :<br \/>\n&#8211; La Compagnie des Mines de Fins et Noyant<br \/>\n&#8211; Soci\u00e9t\u00e9 des Mines de Malfidano<br \/>\n&#8211; Les forts de Metz<br \/>\n&#8211; La maison Fisch et ses jetons publicitaires<br \/>\n&#8211; Les bouillons et restaurants Chartier<br \/>\n&#8211; P\u00e9nurie de monnaie \u00e0 Toulouse pendant la 1\u00e8re guerre mondiale<\/p>\n","protected":false},"excerpt":{"rendered":"<p>Bulletin au format papier de 37 pages<\/p>\n","protected":false},"featured_media":123893,"comment_status":"open","ping_status":"closed","template":"","meta":[],"product_cat":[203],"product_tag":[],"class_list":{"0":"post-123892","1":"product","2":"type-product","3":"status-publish","4":"has-post-thumbnail","6":"product_cat-etudes","8":"first","9":"instock","10":"purchasable","11":"product-type-simple"},"_links":{"self":[{"href":"https:\/\/wikicollection.fr\/index.php?rest_route=\/wp\/v2\/product\/123892","targetHints":{"allow":["GET"]}}],"collection":[{"href":"https:\/\/wikicollection.fr\/index.php?rest_route=\/wp\/v2\/product"}],"about":[{"href":"https:\/\/wikicollection.fr\/index.php?rest_route=\/wp\/v2\/types\/product"}],"replies":[{"embeddable":true,"href":"https:\/\/wikicollection.fr\/index.php?rest_route=%2Fwp%2Fv2%2Fcomments&post=123892"}],"wp:featuredmedia":[{"embeddable":true,"href":"https:\/\/wikicollection.fr\/index.php?rest_route=\/wp\/v2\/media\/123893"}],"wp:attachment":[{"href":"https:\/\/wikicollection.fr\/index.php?rest_route=%2Fwp%2Fv2%2Fmedia&parent=123892"}],"wp:term":[{"taxonomy":"product_cat","embeddable":true,"href":"https:\/\/wikicollection.fr\/index.php?rest_route=%2Fwp%2Fv2%2Fproduct_cat&post=123892"},{"taxonomy":"product_tag","embeddable":true,"href":"https:\/\/wikicollection.fr\/index.php?rest_route=%2Fwp%2Fv2%2Fproduct_tag&post=123892"}],"curies":[{"name":"wp","href":"https:\/\/api.w.org\/{rel}","templated":true}]}}