{"id":123886,"date":"2021-09-29T21:02:42","date_gmt":"2021-09-29T20:02:42","guid":{"rendered":"https:\/\/wikicollection.fr\/?post_type=product&#038;p=123886"},"modified":"2021-09-29T21:02:43","modified_gmt":"2021-09-29T20:02:43","slug":"bulletin-acjm-n15","status":"publish","type":"product","link":"https:\/\/wikicollection.fr\/?product=bulletin-acjm-n15","title":{"rendered":"Bulletin ACJM n\u00b015"},"content":{"rendered":"<p>Bulletin ACJM au format papier pr\u00e9sentant les th\u00e9matiques suivantes :<br \/>\n&#8211; La r\u00e9clame chez les dentistes<br \/>\n&#8211; Le myst\u00e8re de la \u00ab\u00a0Mine d&rsquo;Avoine\u00a0\u00bb<br \/>\n&#8211; Les trois Fran\u00e7ois &#8230; \u00e0 Luxembourg<br \/>\n&#8211; Jetons de boulangeries parisiennes de la p\u00e9riode du 2nd Empire<br \/>\n&#8211; Soci\u00e9t\u00e9 des grandes carri\u00e8res des Vosges<br \/>\n&#8211; La Bellevilloise<br \/>\n&#8211; Les jetons-monnaie militaires Belges (2e partie)<br \/>\n&#8211; Les jetons de l&rsquo;Union de Brunstatt<br \/>\n&#8211; Jetons-monnaie des Etablissements Paul Decauville<br \/>\n&#8211; Les Coop\u00e9ratives de l&rsquo;arrondissement de Lille (suite)<\/p>\n","protected":false},"excerpt":{"rendered":"<p>Bulletin au format papier de 33 pages<\/p>\n","protected":false},"featured_media":123887,"comment_status":"open","ping_status":"closed","template":"","meta":[],"product_cat":[203],"product_tag":[],"class_list":{"0":"post-123886","1":"product","2":"type-product","3":"status-publish","4":"has-post-thumbnail","6":"product_cat-etudes","7":"product_shipping_class-livraison-envoi-tres-leger","9":"first","10":"instock","11":"purchasable","12":"product-type-simple"},"_links":{"self":[{"href":"https:\/\/wikicollection.fr\/index.php?rest_route=\/wp\/v2\/product\/123886","targetHints":{"allow":["GET"]}}],"collection":[{"href":"https:\/\/wikicollection.fr\/index.php?rest_route=\/wp\/v2\/product"}],"about":[{"href":"https:\/\/wikicollection.fr\/index.php?rest_route=\/wp\/v2\/types\/product"}],"replies":[{"embeddable":true,"href":"https:\/\/wikicollection.fr\/index.php?rest_route=%2Fwp%2Fv2%2Fcomments&post=123886"}],"wp:featuredmedia":[{"embeddable":true,"href":"https:\/\/wikicollection.fr\/index.php?rest_route=\/wp\/v2\/media\/123887"}],"wp:attachment":[{"href":"https:\/\/wikicollection.fr\/index.php?rest_route=%2Fwp%2Fv2%2Fmedia&parent=123886"}],"wp:term":[{"taxonomy":"product_cat","embeddable":true,"href":"https:\/\/wikicollection.fr\/index.php?rest_route=%2Fwp%2Fv2%2Fproduct_cat&post=123886"},{"taxonomy":"product_tag","embeddable":true,"href":"https:\/\/wikicollection.fr\/index.php?rest_route=%2Fwp%2Fv2%2Fproduct_tag&post=123886"}],"curies":[{"name":"wp","href":"https:\/\/api.w.org\/{rel}","templated":true}]}}