{"id":123877,"date":"2021-09-29T20:44:35","date_gmt":"2021-09-29T19:44:35","guid":{"rendered":"https:\/\/wikicollection.fr\/?post_type=product&#038;p=123877"},"modified":"2021-09-29T20:44:35","modified_gmt":"2021-09-29T19:44:35","slug":"bulletin-acjm-n26","status":"publish","type":"product","link":"https:\/\/wikicollection.fr\/?product=bulletin-acjm-n26","title":{"rendered":"Bulletin ACJM n\u00b026"},"content":{"rendered":"<p>Bulletin ACJM au format papier pr\u00e9sentant les th\u00e9matiques suivantes :<br \/>\n&#8211; Quelques jeton de bal (L. Lariche)<br \/>\n&#8211; Les th\u00e9\u00e2tre de la belle \u00e9poque \u00e0 Bruxelles (A-F Schepers)<br \/>\n&#8211; Jetons de bienfaisance des paroisses de Paris (R. Elie)<br \/>\n&#8211; Table des \u00e9tudes parues dans les bulletin n\u00b01 \u00e0 25<\/p>\n","protected":false},"excerpt":{"rendered":"<p>Bulletin au format papier de 37 pages<\/p>\n","protected":false},"featured_media":123878,"comment_status":"open","ping_status":"closed","template":"","meta":[],"product_cat":[203],"product_tag":[],"class_list":{"0":"post-123877","1":"product","2":"type-product","3":"status-publish","4":"has-post-thumbnail","6":"product_cat-etudes","7":"product_shipping_class-livraison-envoi-tres-leger","9":"first","10":"instock","11":"purchasable","12":"product-type-simple"},"_links":{"self":[{"href":"https:\/\/wikicollection.fr\/index.php?rest_route=\/wp\/v2\/product\/123877","targetHints":{"allow":["GET"]}}],"collection":[{"href":"https:\/\/wikicollection.fr\/index.php?rest_route=\/wp\/v2\/product"}],"about":[{"href":"https:\/\/wikicollection.fr\/index.php?rest_route=\/wp\/v2\/types\/product"}],"replies":[{"embeddable":true,"href":"https:\/\/wikicollection.fr\/index.php?rest_route=%2Fwp%2Fv2%2Fcomments&post=123877"}],"wp:featuredmedia":[{"embeddable":true,"href":"https:\/\/wikicollection.fr\/index.php?rest_route=\/wp\/v2\/media\/123878"}],"wp:attachment":[{"href":"https:\/\/wikicollection.fr\/index.php?rest_route=%2Fwp%2Fv2%2Fmedia&parent=123877"}],"wp:term":[{"taxonomy":"product_cat","embeddable":true,"href":"https:\/\/wikicollection.fr\/index.php?rest_route=%2Fwp%2Fv2%2Fproduct_cat&post=123877"},{"taxonomy":"product_tag","embeddable":true,"href":"https:\/\/wikicollection.fr\/index.php?rest_route=%2Fwp%2Fv2%2Fproduct_tag&post=123877"}],"curies":[{"name":"wp","href":"https:\/\/api.w.org\/{rel}","templated":true}]}}