{"id":123863,"date":"2021-09-27T13:37:58","date_gmt":"2021-09-27T12:37:58","guid":{"rendered":"https:\/\/wikicollection.fr\/?post_type=product&#038;p=123863"},"modified":"2021-09-27T13:37:59","modified_gmt":"2021-09-27T12:37:59","slug":"bulletin-acjm-n20","status":"publish","type":"product","link":"https:\/\/wikicollection.fr\/?product=bulletin-acjm-n20","title":{"rendered":"Bulletin ACJM n\u00b020"},"content":{"rendered":"<p>Bulletin ACJM au format papier pr\u00e9sentant les th\u00e9matiques suivantes :<br \/>\n&#8211; La R\u00e9union, un bal du 19\u00e8me si\u00e8cle<br \/>\n&#8211; Les jetons de St Vincent de Paul de Li\u00e8ge et environs<br \/>\n&#8211; Liste des jetons \u00e0 identifier parus dans les bulletins 2 \u00e0 19<br \/>\n&#8211; R\u00e9capitulatif des planches de jetons \u00e0 identifier parus dans les bulletins 1 \u00e0 8 \u00e9puis\u00e9s<br \/>\n&#8211; Les \u00e9tablissements du Bois de Boulogne<br \/>\n&#8211; Yvette Guilbert une vedette du Concert Parisien<\/p>\n","protected":false},"excerpt":{"rendered":"<p>Bulletin au format papier de 41 pages<\/p>\n","protected":false},"featured_media":87029,"comment_status":"open","ping_status":"closed","template":"","meta":[],"product_cat":[203],"product_tag":[],"class_list":{"0":"post-123863","1":"product","2":"type-product","3":"status-publish","4":"has-post-thumbnail","6":"product_cat-etudes","7":"product_shipping_class-livraison-envoi-tres-leger","9":"first","10":"instock","11":"purchasable","12":"product-type-simple"},"_links":{"self":[{"href":"https:\/\/wikicollection.fr\/index.php?rest_route=\/wp\/v2\/product\/123863","targetHints":{"allow":["GET"]}}],"collection":[{"href":"https:\/\/wikicollection.fr\/index.php?rest_route=\/wp\/v2\/product"}],"about":[{"href":"https:\/\/wikicollection.fr\/index.php?rest_route=\/wp\/v2\/types\/product"}],"replies":[{"embeddable":true,"href":"https:\/\/wikicollection.fr\/index.php?rest_route=%2Fwp%2Fv2%2Fcomments&post=123863"}],"wp:featuredmedia":[{"embeddable":true,"href":"https:\/\/wikicollection.fr\/index.php?rest_route=\/wp\/v2\/media\/87029"}],"wp:attachment":[{"href":"https:\/\/wikicollection.fr\/index.php?rest_route=%2Fwp%2Fv2%2Fmedia&parent=123863"}],"wp:term":[{"taxonomy":"product_cat","embeddable":true,"href":"https:\/\/wikicollection.fr\/index.php?rest_route=%2Fwp%2Fv2%2Fproduct_cat&post=123863"},{"taxonomy":"product_tag","embeddable":true,"href":"https:\/\/wikicollection.fr\/index.php?rest_route=%2Fwp%2Fv2%2Fproduct_tag&post=123863"}],"curies":[{"name":"wp","href":"https:\/\/api.w.org\/{rel}","templated":true}]}}