{"id":123860,"date":"2021-09-27T13:28:38","date_gmt":"2021-09-27T12:28:38","guid":{"rendered":"https:\/\/wikicollection.fr\/?post_type=product&#038;p=123860"},"modified":"2022-10-17T13:56:31","modified_gmt":"2022-10-17T12:56:31","slug":"bulletin-acjm-n28","status":"publish","type":"product","link":"https:\/\/wikicollection.fr\/?product=bulletin-acjm-n28","title":{"rendered":"Bulletin ACJM n\u00b028"},"content":{"rendered":"<p>Bulletin ACJM au format papier pr\u00e9sentant les th\u00e9matiques suivantes :<br \/>\n&#8211; Compl\u00e9ment au catalogue des jetons de transport R. Elie<br \/>\n&#8211; Jetons \u00e0 identifier<br \/>\n&#8211; La fonderie royale de canons et l&rsquo;arsenal de Rocourt (M. Rocour)<br \/>\n&#8211; Les monnaies m\u00e9talliques de la ville de gand (A-F Schepers)<br \/>\n&#8211; Un si\u00e8cle de coop\u00e9ratives de consommation illustr\u00e9 par la numismatique (R. Elie)<br \/>\n&#8211; Reims et ses fortifications (R. Elie)<\/p>\n","protected":false},"excerpt":{"rendered":"<p>Bulletin au format papier de 32 pages<\/p>\n","protected":false},"featured_media":122647,"comment_status":"open","ping_status":"closed","template":"","meta":[],"product_cat":[203],"product_tag":[],"class_list":{"0":"post-123860","1":"product","2":"type-product","3":"status-publish","4":"has-post-thumbnail","6":"product_cat-etudes","7":"product_shipping_class-livraison-envoi-tres-leger","9":"first","10":"outofstock","11":"purchasable","12":"product-type-simple"},"_links":{"self":[{"href":"https:\/\/wikicollection.fr\/index.php?rest_route=\/wp\/v2\/product\/123860","targetHints":{"allow":["GET"]}}],"collection":[{"href":"https:\/\/wikicollection.fr\/index.php?rest_route=\/wp\/v2\/product"}],"about":[{"href":"https:\/\/wikicollection.fr\/index.php?rest_route=\/wp\/v2\/types\/product"}],"replies":[{"embeddable":true,"href":"https:\/\/wikicollection.fr\/index.php?rest_route=%2Fwp%2Fv2%2Fcomments&post=123860"}],"wp:featuredmedia":[{"embeddable":true,"href":"https:\/\/wikicollection.fr\/index.php?rest_route=\/wp\/v2\/media\/122647"}],"wp:attachment":[{"href":"https:\/\/wikicollection.fr\/index.php?rest_route=%2Fwp%2Fv2%2Fmedia&parent=123860"}],"wp:term":[{"taxonomy":"product_cat","embeddable":true,"href":"https:\/\/wikicollection.fr\/index.php?rest_route=%2Fwp%2Fv2%2Fproduct_cat&post=123860"},{"taxonomy":"product_tag","embeddable":true,"href":"https:\/\/wikicollection.fr\/index.php?rest_route=%2Fwp%2Fv2%2Fproduct_tag&post=123860"}],"curies":[{"name":"wp","href":"https:\/\/api.w.org\/{rel}","templated":true}]}}