{"id":123851,"date":"2021-09-27T12:01:54","date_gmt":"2021-09-27T11:01:54","guid":{"rendered":"https:\/\/wikicollection.fr\/?post_type=product&#038;p=123851"},"modified":"2022-04-26T08:40:41","modified_gmt":"2022-04-26T07:40:41","slug":"les-monnaies-de-necessite-francaises-et-coloniales-par-j-manasselian","status":"publish","type":"product","link":"https:\/\/wikicollection.fr\/?product=les-monnaies-de-necessite-francaises-et-coloniales-par-j-manasselian","title":{"rendered":"Les Monnaies de N\u00e9cessit\u00e9 Fran\u00e7aises et Coloniales par J. Manasselian"},"content":{"rendered":"<div class=\"lineHeight15\"><strong>Auteur :<\/strong>\u00a0<span class=\"strong\">MANASSELIAN J.<\/span><\/div>\n<div class=\"lineHeight15\"><strong>Caract\u00e9ristiques :\u00a0<\/strong><span class=\"strong\">Marseille, 1982, broch\u00e9, (15,8 x 23,5cm), 265p., dont nombreuses illustrations noir et blanc.<\/span><\/div>\n<div class=\"lineHeight15\"><strong>Poids :<\/strong>\u00a0<span class=\"strong\">465 g.<\/span><\/div>\n<p><a href=\"https:\/\/wikicollection.fr\/wp-content\/uploads\/2021\/09\/manasselian.jpg\" data-rel=\"lightbox-image-0\" data-magnific_type=\"image\" data-rl_title=\"\" data-rl_caption=\"\" title=\"\"><img loading=\"lazy\" decoding=\"async\" class=\"alignnone wp-image-123853 \" src=\"https:\/\/wikicollection.fr\/wp-content\/uploads\/2021\/09\/manasselian.jpg\" alt=\"\" width=\"508\" height=\"736\" srcset=\"https:\/\/wikicollection.fr\/wp-content\/uploads\/2021\/09\/manasselian.jpg 860w, https:\/\/wikicollection.fr\/wp-content\/uploads\/2021\/09\/manasselian-445x645.jpg 445w, https:\/\/wikicollection.fr\/wp-content\/uploads\/2021\/09\/manasselian-207x300.jpg 207w, https:\/\/wikicollection.fr\/wp-content\/uploads\/2021\/09\/manasselian-707x1024.jpg 707w, https:\/\/wikicollection.fr\/wp-content\/uploads\/2021\/09\/manasselian-768x1113.jpg 768w\" sizes=\"auto, (max-width: 508px) 100vw, 508px\" \/><\/a><\/p>\n","protected":false},"excerpt":{"rendered":"<p><span class=\"strong\">Ouvrage d&rsquo;occasion en bon \u00e9tat g\u00e9n\u00e9ral de conservation<\/span><\/p>\n","protected":false},"featured_media":123852,"comment_status":"open","ping_status":"closed","template":"","meta":[],"product_cat":[],"product_tag":[],"class_list":{"0":"post-123851","1":"product","2":"type-product","3":"status-publish","4":"has-post-thumbnail","6":"product_shipping_class-livraison-colissimo-petit-envoi","8":"first","9":"outofstock","10":"purchasable","11":"product-type-simple"},"_links":{"self":[{"href":"https:\/\/wikicollection.fr\/index.php?rest_route=\/wp\/v2\/product\/123851","targetHints":{"allow":["GET"]}}],"collection":[{"href":"https:\/\/wikicollection.fr\/index.php?rest_route=\/wp\/v2\/product"}],"about":[{"href":"https:\/\/wikicollection.fr\/index.php?rest_route=\/wp\/v2\/types\/product"}],"replies":[{"embeddable":true,"href":"https:\/\/wikicollection.fr\/index.php?rest_route=%2Fwp%2Fv2%2Fcomments&post=123851"}],"wp:featuredmedia":[{"embeddable":true,"href":"https:\/\/wikicollection.fr\/index.php?rest_route=\/wp\/v2\/media\/123852"}],"wp:attachment":[{"href":"https:\/\/wikicollection.fr\/index.php?rest_route=%2Fwp%2Fv2%2Fmedia&parent=123851"}],"wp:term":[{"taxonomy":"product_cat","embeddable":true,"href":"https:\/\/wikicollection.fr\/index.php?rest_route=%2Fwp%2Fv2%2Fproduct_cat&post=123851"},{"taxonomy":"product_tag","embeddable":true,"href":"https:\/\/wikicollection.fr\/index.php?rest_route=%2Fwp%2Fv2%2Fproduct_tag&post=123851"}],"curies":[{"name":"wp","href":"https:\/\/api.w.org\/{rel}","templated":true}]}}