{"id":122612,"date":"2021-04-05T10:08:42","date_gmt":"2021-04-05T09:08:42","guid":{"rendered":"https:\/\/wikicollection.fr\/?post_type=product&#038;p=122612"},"modified":"2021-04-05T10:08:43","modified_gmt":"2021-04-05T09:08:43","slug":"article-numerique-acjm-jetons-monnaie-du-departement-de-lorne","status":"publish","type":"product","link":"https:\/\/wikicollection.fr\/?product=article-numerique-acjm-jetons-monnaie-du-departement-de-lorne","title":{"rendered":"Article num\u00e9rique ACJM \u2013 Jetons-monnaie du d\u00e9partement de l&rsquo;Orne"},"content":{"rendered":"<p><strong>Jetons-monnaie du d\u00e9partement de l&rsquo;Orne par Christian Parent<\/strong><\/p>\n<p>Cet article de 13 pages fait un recensement des jetons de ce d\u00e9partement. Outre, une Union Commerciale (Vimoutiers) de ce d\u00e9partement a \u00e9mis de monnaies de n\u00e9cessite, cet article rassemble ceux \u00e9mis par les organismes caritatifs, les boulangeries, les maisons de plaisirs, l&rsquo;arm\u00e9e,\u00a0 la publicit\u00e9 et le commerce, l&rsquo;industrie et les taxes sur les chiens.<\/p>\n<p>Les filatures des Vaux de v\u00e8re \u00e0 Athis sur Orne et les tissages de Caligny et de Pernelle fr\u00e8res \u00e0 Flers font l&rsquo;objet d&rsquo;un d\u00e9veloppement particulier.<\/p>\n<p>Les jetons sont pr\u00e9sent\u00e9s en frottis, avec leur caract\u00e9ristiques particuli\u00e8res, leur valeur d&rsquo;\u00e9mission et le mat\u00e9riau utilis\u00e9.<\/p>\n<p>Des cartes postales et documents commerciaux illustrent et accr\u00e9ditent l&rsquo;existence de certains \u00e9metteurs.<\/p>\n<p>Il servira de base au catalogue \u00e9mis en 1997 sur les jetons de Normandie, aujourd&rsquo;hui \u00e9puis\u00e9<\/p>\n","protected":false},"excerpt":{"rendered":"<p>Jetons-monnaie du d\u00e9partement de l&rsquo;Orne par Christian Parent Cet article de 13 pages fait un recensement des jetons de ce<\/p>\n","protected":false},"featured_media":122613,"comment_status":"open","ping_status":"closed","template":"","meta":[],"product_cat":[],"product_tag":[],"class_list":{"0":"post-122612","1":"product","2":"type-product","3":"status-publish","4":"has-post-thumbnail","7":"first","8":"instock","9":"downloadable","10":"virtual","11":"purchasable","12":"product-type-simple"},"_links":{"self":[{"href":"https:\/\/wikicollection.fr\/index.php?rest_route=\/wp\/v2\/product\/122612","targetHints":{"allow":["GET"]}}],"collection":[{"href":"https:\/\/wikicollection.fr\/index.php?rest_route=\/wp\/v2\/product"}],"about":[{"href":"https:\/\/wikicollection.fr\/index.php?rest_route=\/wp\/v2\/types\/product"}],"replies":[{"embeddable":true,"href":"https:\/\/wikicollection.fr\/index.php?rest_route=%2Fwp%2Fv2%2Fcomments&post=122612"}],"wp:featuredmedia":[{"embeddable":true,"href":"https:\/\/wikicollection.fr\/index.php?rest_route=\/wp\/v2\/media\/122613"}],"wp:attachment":[{"href":"https:\/\/wikicollection.fr\/index.php?rest_route=%2Fwp%2Fv2%2Fmedia&parent=122612"}],"wp:term":[{"taxonomy":"product_cat","embeddable":true,"href":"https:\/\/wikicollection.fr\/index.php?rest_route=%2Fwp%2Fv2%2Fproduct_cat&post=122612"},{"taxonomy":"product_tag","embeddable":true,"href":"https:\/\/wikicollection.fr\/index.php?rest_route=%2Fwp%2Fv2%2Fproduct_tag&post=122612"}],"curies":[{"name":"wp","href":"https:\/\/api.w.org\/{rel}","templated":true}]}}