{"id":122608,"date":"2021-04-05T09:51:45","date_gmt":"2021-04-05T08:51:45","guid":{"rendered":"https:\/\/wikicollection.fr\/?post_type=product&#038;p=122608"},"modified":"2024-10-11T22:05:18","modified_gmt":"2024-10-11T21:05:18","slug":"article-numerique-acjm-jetons-monnaie-du-departement-de-leure","status":"publish","type":"product","link":"https:\/\/wikicollection.fr\/?product=article-numerique-acjm-jetons-monnaie-du-departement-de-leure","title":{"rendered":"Article num\u00e9rique ACJM \u2013 Jetons-monnaie du d\u00e9partement de l&rsquo;Eure"},"content":{"rendered":"<p class=\"Standard\"><b>Jetons-monnaie du d\u00e9partement de l&rsquo;Eure par J et B Marquigny<\/b><\/p>\n<p class=\"Standard\">Cet article de 14 pages fait un recensement des jetons de ce d\u00e9partement.<\/p>\n<p class=\"Standard\">Les Unions Commerciales et Chambre de commerce de ce d\u00e9partement y sont repr\u00e9sent\u00e9es au nombre de 4 mais aussi le commerce, l&rsquo;industrie et l&rsquo;artisanat qui ont largement utilis\u00e9 ces jetons.<br \/>\nOn trouvera aussi un patronage, un bureau de bienfaisance, un bal, un casino, , un bac \u00e0 vapeur et des jetons \u00e9mis par l&rsquo;arm\u00e9e. Des jetons publicitaires dont un concernant une maison de tol\u00e9rance agr\u00e9mentent aussi cet article.<\/p>\n<p class=\"Standard\">Les jetons sont pr\u00e9sent\u00e9s en frottis, avec leur caract\u00e9ristiques particuli\u00e8res, leur valeur d&rsquo;\u00e9mission et le mat\u00e9riau utilis\u00e9.<\/p>\n<p class=\"Standard\">Des cartes postales et documents commerciaux illustrent et accr\u00e9ditent l&rsquo;existence de certains \u00e9metteurs.<\/p>\n<p class=\"Standard\">Il servira de base au catalogue \u00e9mis en 1997 sur les jetons de Normandie, aujourd&rsquo;hui \u00e9puis\u00e9<\/p>\n","protected":false},"excerpt":{"rendered":"<p>Cet article est gratuit pour les adh\u00e9rents ACJM \u00e0 jour de leurs cotisations annuelles (utiliser l&rsquo;option paiement \u00e0 la livraison).<\/p>\n","protected":false},"featured_media":122611,"comment_status":"open","ping_status":"closed","template":"","meta":[],"product_cat":[203],"product_tag":[],"class_list":{"0":"post-122608","1":"product","2":"type-product","3":"status-publish","4":"has-post-thumbnail","6":"product_cat-etudes","8":"first","9":"instock","10":"downloadable","11":"virtual","12":"purchasable","13":"product-type-simple"},"_links":{"self":[{"href":"https:\/\/wikicollection.fr\/index.php?rest_route=\/wp\/v2\/product\/122608","targetHints":{"allow":["GET"]}}],"collection":[{"href":"https:\/\/wikicollection.fr\/index.php?rest_route=\/wp\/v2\/product"}],"about":[{"href":"https:\/\/wikicollection.fr\/index.php?rest_route=\/wp\/v2\/types\/product"}],"replies":[{"embeddable":true,"href":"https:\/\/wikicollection.fr\/index.php?rest_route=%2Fwp%2Fv2%2Fcomments&post=122608"}],"wp:featuredmedia":[{"embeddable":true,"href":"https:\/\/wikicollection.fr\/index.php?rest_route=\/wp\/v2\/media\/122611"}],"wp:attachment":[{"href":"https:\/\/wikicollection.fr\/index.php?rest_route=%2Fwp%2Fv2%2Fmedia&parent=122608"}],"wp:term":[{"taxonomy":"product_cat","embeddable":true,"href":"https:\/\/wikicollection.fr\/index.php?rest_route=%2Fwp%2Fv2%2Fproduct_cat&post=122608"},{"taxonomy":"product_tag","embeddable":true,"href":"https:\/\/wikicollection.fr\/index.php?rest_route=%2Fwp%2Fv2%2Fproduct_tag&post=122608"}],"curies":[{"name":"wp","href":"https:\/\/api.w.org\/{rel}","templated":true}]}}