{"id":121666,"date":"2021-01-17T12:25:18","date_gmt":"2021-01-17T11:25:18","guid":{"rendered":"https:\/\/wikicollection.fr\/?post_type=product&#038;p=121666"},"modified":"2021-01-17T12:25:34","modified_gmt":"2021-01-17T11:25:34","slug":"article-numerique-acjm-les-antognoli-par-aime-francois-schepers","status":"publish","type":"product","link":"https:\/\/wikicollection.fr\/?product=article-numerique-acjm-les-antognoli-par-aime-francois-schepers","title":{"rendered":"Article num\u00e9rique ACJM &#8211; Les \u00ab\u00a0Antognoli\u00a0\u00bb par Aim\u00e9-Fran\u00e7ois Schepers"},"content":{"rendered":"<p><strong>Les \u00ab\u00a0Antognoli\u00a0\u00bb par Aim\u00e9-Fran\u00e7ois Schepers num\u00e9ro 41 pages 4-8<br \/>\n<\/strong><\/p>\n<p>Les \u00ab\u00a0Antignoli\u00a0\u00bb \u00e9taient des n\u00e9gociants en conserves alimentaires et en vins. Cette famille allait exploiter un h\u00f4tel tr\u00e8s prestigieux \u00e0 Bruxelles.<\/p>\n","protected":false},"excerpt":{"rendered":"<p>Cet article est gratuit pour les adh\u00e9rents ACJM \u00e0 jour de leurs cotisations annuelles (utiliser l&rsquo;option paiement \u00e0 la livraison).<\/p>\n","protected":false},"featured_media":121668,"comment_status":"open","ping_status":"closed","template":"","meta":[],"product_cat":[203],"product_tag":[],"class_list":{"0":"post-121666","1":"product","2":"type-product","3":"status-publish","4":"has-post-thumbnail","6":"product_cat-etudes","8":"first","9":"instock","10":"downloadable","11":"virtual","12":"purchasable","13":"product-type-simple"},"_links":{"self":[{"href":"https:\/\/wikicollection.fr\/index.php?rest_route=\/wp\/v2\/product\/121666","targetHints":{"allow":["GET"]}}],"collection":[{"href":"https:\/\/wikicollection.fr\/index.php?rest_route=\/wp\/v2\/product"}],"about":[{"href":"https:\/\/wikicollection.fr\/index.php?rest_route=\/wp\/v2\/types\/product"}],"replies":[{"embeddable":true,"href":"https:\/\/wikicollection.fr\/index.php?rest_route=%2Fwp%2Fv2%2Fcomments&post=121666"}],"wp:featuredmedia":[{"embeddable":true,"href":"https:\/\/wikicollection.fr\/index.php?rest_route=\/wp\/v2\/media\/121668"}],"wp:attachment":[{"href":"https:\/\/wikicollection.fr\/index.php?rest_route=%2Fwp%2Fv2%2Fmedia&parent=121666"}],"wp:term":[{"taxonomy":"product_cat","embeddable":true,"href":"https:\/\/wikicollection.fr\/index.php?rest_route=%2Fwp%2Fv2%2Fproduct_cat&post=121666"},{"taxonomy":"product_tag","embeddable":true,"href":"https:\/\/wikicollection.fr\/index.php?rest_route=%2Fwp%2Fv2%2Fproduct_tag&post=121666"}],"curies":[{"name":"wp","href":"https:\/\/api.w.org\/{rel}","templated":true}]}}