{"id":121077,"date":"2020-12-15T23:44:28","date_gmt":"2020-12-15T22:44:28","guid":{"rendered":"https:\/\/wikicollection.fr\/?post_type=product&#038;p=121077"},"modified":"2020-12-15T23:44:28","modified_gmt":"2020-12-15T22:44:28","slug":"article-numerique-acjm-les-jetons-des-associations-et-societes-alimentaires-de-lyon-et-villeurbanne-par-r-bontemps-et-r-elie","status":"publish","type":"product","link":"https:\/\/wikicollection.fr\/?product=article-numerique-acjm-les-jetons-des-associations-et-societes-alimentaires-de-lyon-et-villeurbanne-par-r-bontemps-et-r-elie","title":{"rendered":"Article num\u00e9rique ACJM &#8211; Les jetons des associations et soci\u00e9t\u00e9s alimentaires de Lyon et Villeurbanne par R. Bontemps et R. Elie"},"content":{"rendered":"<p><strong>Les jetons des associations et soci\u00e9t\u00e9s alimentaires de Lyon et Villeurbanne par R. Bontemps et R. Elie num\u00e9ro 2\u00a0 pages 10-16 + compl\u00e9ment num\u00e9ro 3<br \/>\n<\/strong><\/p>\n<p>De 1850 \u00e0 1900 de nombreuses structures se sont cr\u00e9\u00e9es en Suisse, France et Belgique avec pour objet de permettre aux \u00ab n\u00e9cessiteux \u00bb de trouver \u00e0 se restaurer dans un cadre collectif (cantine, fourneau \u00e9conomique, association alimentaire, &#8230; selon les d\u00e9nominations). L&rsquo;article traite de la r\u00e9gion lyonnaise et des diff\u00e9rents jetons utilis\u00e9s pour b\u00e9n\u00e9ficier de ces repas, et de leurs \u00e9metteurs qu&rsquo;ils aient \u00e9t\u00e9 produit par des municipalit\u00e9s ou par des \u0153uvres priv\u00e9es philanthropiques.<\/p>\n<p>Cet article sera le premier \u00e0 traiter de ce sujet. D&rsquo;autres suivront qui d\u00e9tailleront avec pr\u00e9cisions ces actions en Belgique et dans d&rsquo;autres villes en France ainsi que d&rsquo;une mani\u00e8re plus g\u00e9n\u00e9rale l&rsquo;action de diff\u00e9rentes associations (St Vincent de Paul, paroisses de Paris \u2026).<\/p>\n","protected":false},"excerpt":{"rendered":"<p>Cet article est gratuit pour les adh\u00e9rents ACJM \u00e0 jour de leurs cotisations annuelles (utiliser l&rsquo;option paiement \u00e0 la livraison).<\/p>\n","protected":false},"featured_media":121078,"comment_status":"open","ping_status":"closed","template":"","meta":[],"product_cat":[203],"product_tag":[],"class_list":{"0":"post-121077","1":"product","2":"type-product","3":"status-publish","4":"has-post-thumbnail","6":"product_cat-etudes","8":"first","9":"instock","10":"downloadable","11":"virtual","12":"purchasable","13":"product-type-simple"},"_links":{"self":[{"href":"https:\/\/wikicollection.fr\/index.php?rest_route=\/wp\/v2\/product\/121077","targetHints":{"allow":["GET"]}}],"collection":[{"href":"https:\/\/wikicollection.fr\/index.php?rest_route=\/wp\/v2\/product"}],"about":[{"href":"https:\/\/wikicollection.fr\/index.php?rest_route=\/wp\/v2\/types\/product"}],"replies":[{"embeddable":true,"href":"https:\/\/wikicollection.fr\/index.php?rest_route=%2Fwp%2Fv2%2Fcomments&post=121077"}],"wp:featuredmedia":[{"embeddable":true,"href":"https:\/\/wikicollection.fr\/index.php?rest_route=\/wp\/v2\/media\/121078"}],"wp:attachment":[{"href":"https:\/\/wikicollection.fr\/index.php?rest_route=%2Fwp%2Fv2%2Fmedia&parent=121077"}],"wp:term":[{"taxonomy":"product_cat","embeddable":true,"href":"https:\/\/wikicollection.fr\/index.php?rest_route=%2Fwp%2Fv2%2Fproduct_cat&post=121077"},{"taxonomy":"product_tag","embeddable":true,"href":"https:\/\/wikicollection.fr\/index.php?rest_route=%2Fwp%2Fv2%2Fproduct_tag&post=121077"}],"curies":[{"name":"wp","href":"https:\/\/api.w.org\/{rel}","templated":true}]}}