{"id":118499,"date":"2020-04-23T13:52:53","date_gmt":"2020-04-23T12:52:53","guid":{"rendered":"https:\/\/wikicollection.fr\/?post_type=product&#038;p=118499"},"modified":"2023-05-28T16:26:10","modified_gmt":"2023-05-28T15:26:10","slug":"monnaies-et-jetons-des-colonies-francaises-par-jean-lecompte","status":"publish","type":"product","link":"https:\/\/wikicollection.fr\/?product=monnaies-et-jetons-des-colonies-francaises-par-jean-lecompte","title":{"rendered":"Monnaies et Jetons des Colonies Fran\u00e7aises par Jean Lecompte"},"content":{"rendered":"<p>Monnaies et Jetons des Colonies Fran\u00e7aises, d\u00e9couvrez leurs cotes pour 3 \u00e9tats de conservation et avec pr\u00e8s de 3000 photographies.<br \/>\nCe catalogue numismatique reproduit 3000 illustrations de monnaies.<\/p>\n<p><strong>Titre :<\/strong> Monnaies et Jetons des Colonies Fran\u00e7aises<br \/>\n<strong>Auteur :<\/strong>\u00a0Jean Lecompte<br \/>\n<strong>Editeur :<\/strong>\u00a0Victor Gadoury<br \/>\n<strong>Ann\u00e9e d\u2019\u00e9dition :<\/strong> 2007<br \/>\n<strong>Format :<\/strong>\u00a015\u00d721<br \/>\n<strong>Langue :<\/strong>\u00a0Fran\u00e7ais<br \/>\n<strong>Nombre de pages :<\/strong> 736<br \/>\n<strong>Prix public :<\/strong>\u00a049\u20ac<br \/>\n<strong>Note :<\/strong>\u00a0Ouvrage reli\u00e9 avec couverture simili.<\/p>\n<p><a href=\"https:\/\/wikicollection.fr\/wp-content\/uploads\/2020\/04\/Monnaies-et-Jetons-des-Colonies-Fran\u00e7aises.jpg\" data-rel=\"lightbox-image-0\" data-magnific_type=\"image\" data-rl_title=\"\" data-rl_caption=\"\" title=\"\"><img loading=\"lazy\" decoding=\"async\" class=\"alignnone wp-image-118500 size-large\" src=\"https:\/\/wikicollection.fr\/wp-content\/uploads\/2020\/04\/Monnaies-et-Jetons-des-Colonies-Fran\u00e7aises-713x1024.jpg\" alt=\"\" width=\"713\" height=\"1024\" srcset=\"https:\/\/wikicollection.fr\/wp-content\/uploads\/2020\/04\/Monnaies-et-Jetons-des-Colonies-Fran\u00e7aises-713x1024.jpg 713w, https:\/\/wikicollection.fr\/wp-content\/uploads\/2020\/04\/Monnaies-et-Jetons-des-Colonies-Fran\u00e7aises-445x639.jpg 445w, https:\/\/wikicollection.fr\/wp-content\/uploads\/2020\/04\/Monnaies-et-Jetons-des-Colonies-Fran\u00e7aises-209x300.jpg 209w, https:\/\/wikicollection.fr\/wp-content\/uploads\/2020\/04\/Monnaies-et-Jetons-des-Colonies-Fran\u00e7aises-768x1103.jpg 768w, https:\/\/wikicollection.fr\/wp-content\/uploads\/2020\/04\/Monnaies-et-Jetons-des-Colonies-Fran\u00e7aises.jpg 878w\" sizes=\"auto, (max-width: 713px) 100vw, 713px\" \/><\/a><\/p>\n","protected":false},"excerpt":{"rendered":"<p>Monnaies et Jetons des Colonies Fran\u00e7aises, d\u00e9couvrez leurs cotes pour 3 \u00e9tats de conservation et avec pr\u00e8s de 3000 photographies.<\/p>\n","protected":false},"featured_media":118501,"comment_status":"open","ping_status":"closed","template":"","meta":[],"product_cat":[45],"product_tag":[],"class_list":{"0":"post-118499","1":"product","2":"type-product","3":"status-publish","4":"has-post-thumbnail","6":"product_cat-bibliographie","7":"product_shipping_class-livraison-colissimo","9":"first","10":"outofstock","11":"sale","12":"purchasable","13":"product-type-simple"},"_links":{"self":[{"href":"https:\/\/wikicollection.fr\/index.php?rest_route=\/wp\/v2\/product\/118499","targetHints":{"allow":["GET"]}}],"collection":[{"href":"https:\/\/wikicollection.fr\/index.php?rest_route=\/wp\/v2\/product"}],"about":[{"href":"https:\/\/wikicollection.fr\/index.php?rest_route=\/wp\/v2\/types\/product"}],"replies":[{"embeddable":true,"href":"https:\/\/wikicollection.fr\/index.php?rest_route=%2Fwp%2Fv2%2Fcomments&post=118499"}],"wp:featuredmedia":[{"embeddable":true,"href":"https:\/\/wikicollection.fr\/index.php?rest_route=\/wp\/v2\/media\/118501"}],"wp:attachment":[{"href":"https:\/\/wikicollection.fr\/index.php?rest_route=%2Fwp%2Fv2%2Fmedia&parent=118499"}],"wp:term":[{"taxonomy":"product_cat","embeddable":true,"href":"https:\/\/wikicollection.fr\/index.php?rest_route=%2Fwp%2Fv2%2Fproduct_cat&post=118499"},{"taxonomy":"product_tag","embeddable":true,"href":"https:\/\/wikicollection.fr\/index.php?rest_route=%2Fwp%2Fv2%2Fproduct_tag&post=118499"}],"curies":[{"name":"wp","href":"https:\/\/api.w.org\/{rel}","templated":true}]}}