{"id":118496,"date":"2020-04-23T11:40:58","date_gmt":"2020-04-23T10:40:58","guid":{"rendered":"https:\/\/wikicollection.fr\/?post_type=product&#038;p=118496"},"modified":"2020-05-18T20:42:23","modified_gmt":"2020-05-18T19:42:23","slug":"monnaies-et-jetons-de-lindochine-francaise-par-jean-lecompte","status":"publish","type":"product","link":"https:\/\/wikicollection.fr\/?product=monnaies-et-jetons-de-lindochine-francaise-par-jean-lecompte","title":{"rendered":"Monnaies et Jetons de l\u2019Indochine Fran\u00e7aise par Jean Lecompte"},"content":{"rendered":"<p>Monnaies et Jetons de l\u2019Indochine Fran\u00e7aise, 800 monnaies r\u00e9pertori\u00e9es et cot\u00e9es pour 4 \u00e9tats de conservation.<br \/>\nCe catalogue numismatique reproduit 700 illustrations de monnaies en couleurs.<\/p>\n<p><strong>Titre :<\/strong> Monnaies et Jetons de l\u2019Indochine Fran\u00e7aise<br \/>\n<strong>Auteur :<\/strong> Jean Lecompte<br \/>\n<strong>Editeur :<\/strong> Victor Gadoury<br \/>\n<strong>Ann\u00e9e d\u2019\u00e9dition :<\/strong> 2013<br \/>\n<strong>Format :<\/strong> 15\u00d721<br \/>\n<strong>Langue :<\/strong>\u00a0Fran\u00e7ais<br \/>\n<strong>Nombre de pages :<\/strong> 168 en couleur<br \/>\n<strong>Prix public :<\/strong> 49\u20ac<br \/>\n<strong>Note :<\/strong>\u00a0Ouvrage reli\u00e9 avec couverture simili.<\/p>\n<p><a href=\"https:\/\/wikicollection.fr\/wp-content\/uploads\/2020\/04\/Monnaies-et-Jetons-de-l\u2019Indochine-Fran\u00e7aise.jpg\" data-rel=\"lightbox-image-0\" data-magnific_type=\"image\" data-rl_title=\"\" data-rl_caption=\"\" title=\"\"><img loading=\"lazy\" decoding=\"async\" class=\"alignnone wp-image-118497 size-large\" src=\"https:\/\/wikicollection.fr\/wp-content\/uploads\/2020\/04\/Monnaies-et-Jetons-de-l\u2019Indochine-Fran\u00e7aise-728x1024.jpg\" alt=\"\" width=\"728\" height=\"1024\" srcset=\"https:\/\/wikicollection.fr\/wp-content\/uploads\/2020\/04\/Monnaies-et-Jetons-de-l\u2019Indochine-Fran\u00e7aise-728x1024.jpg 728w, https:\/\/wikicollection.fr\/wp-content\/uploads\/2020\/04\/Monnaies-et-Jetons-de-l\u2019Indochine-Fran\u00e7aise-445x626.jpg 445w, https:\/\/wikicollection.fr\/wp-content\/uploads\/2020\/04\/Monnaies-et-Jetons-de-l\u2019Indochine-Fran\u00e7aise-213x300.jpg 213w, https:\/\/wikicollection.fr\/wp-content\/uploads\/2020\/04\/Monnaies-et-Jetons-de-l\u2019Indochine-Fran\u00e7aise-768x1080.jpg 768w, https:\/\/wikicollection.fr\/wp-content\/uploads\/2020\/04\/Monnaies-et-Jetons-de-l\u2019Indochine-Fran\u00e7aise-1093x1536.jpg 1093w, https:\/\/wikicollection.fr\/wp-content\/uploads\/2020\/04\/Monnaies-et-Jetons-de-l\u2019Indochine-Fran\u00e7aise.jpg 1210w\" sizes=\"auto, (max-width: 728px) 100vw, 728px\" \/><\/a><\/p>\n","protected":false},"excerpt":{"rendered":"<p>Monnaies et Jetons de l\u2019Indochine Fran\u00e7aise, 800 monnaies r\u00e9pertori\u00e9es et cot\u00e9es pour 4 \u00e9tats de conservation. Ce catalogue numismatique reproduit<\/p>\n","protected":false},"featured_media":118498,"comment_status":"open","ping_status":"closed","template":"","meta":[],"product_cat":[45],"product_tag":[],"class_list":{"0":"post-118496","1":"product","2":"type-product","3":"status-publish","4":"has-post-thumbnail","6":"product_cat-bibliographie","7":"product_shipping_class-livraison-colissimo","9":"first","10":"instock","11":"sale","12":"purchasable","13":"product-type-simple"},"_links":{"self":[{"href":"https:\/\/wikicollection.fr\/index.php?rest_route=\/wp\/v2\/product\/118496","targetHints":{"allow":["GET"]}}],"collection":[{"href":"https:\/\/wikicollection.fr\/index.php?rest_route=\/wp\/v2\/product"}],"about":[{"href":"https:\/\/wikicollection.fr\/index.php?rest_route=\/wp\/v2\/types\/product"}],"replies":[{"embeddable":true,"href":"https:\/\/wikicollection.fr\/index.php?rest_route=%2Fwp%2Fv2%2Fcomments&post=118496"}],"wp:featuredmedia":[{"embeddable":true,"href":"https:\/\/wikicollection.fr\/index.php?rest_route=\/wp\/v2\/media\/118498"}],"wp:attachment":[{"href":"https:\/\/wikicollection.fr\/index.php?rest_route=%2Fwp%2Fv2%2Fmedia&parent=118496"}],"wp:term":[{"taxonomy":"product_cat","embeddable":true,"href":"https:\/\/wikicollection.fr\/index.php?rest_route=%2Fwp%2Fv2%2Fproduct_cat&post=118496"},{"taxonomy":"product_tag","embeddable":true,"href":"https:\/\/wikicollection.fr\/index.php?rest_route=%2Fwp%2Fv2%2Fproduct_tag&post=118496"}],"curies":[{"name":"wp","href":"https:\/\/api.w.org\/{rel}","templated":true}]}}