{"id":110294,"date":"2019-10-16T23:00:22","date_gmt":"2019-10-16T22:00:22","guid":{"rendered":"https:\/\/wikicollection.fr\/?post_type=product&#038;p=110294"},"modified":"2019-11-23T10:39:33","modified_gmt":"2019-11-23T09:39:33","slug":"article-numerique-acjm-les-jetons-de-manufrance-s-dufour","status":"publish","type":"product","link":"https:\/\/wikicollection.fr\/?product=article-numerique-acjm-les-jetons-de-manufrance-s-dufour","title":{"rendered":"Article num\u00e9rique ACJM &#8211;  Les jetons de Manufrance (S. Dufour)"},"content":{"rendered":"<p class=\"Corpsdutexte\" style=\"margin-top: 0cm; text-indent: 0cm; line-height: 150%; background: transparent;\"><span class=\"CharStyle6\"><span style=\"font-size: 12.0pt; line-height: 150%; font-weight: normal;\"><strong>Les jetons de Manufrance (S. Dufour)<br \/>\n<\/strong>Tir\u00e9 des num\u00e9ros 29-31 (8 pages)<\/span><\/span><\/p>\n<p>La soci\u00e9t\u00e9 Manufrance occupe une place de choix dans la fabrication de jetons ou tout du moins la commercialisation des jetons qu&rsquo;elle appelait \u00ab\u00a0dits de contr\u00f4le\u00a0\u00bb comme en t\u00e9moignent les catalogues consult\u00e9s par l&rsquo;auteur. L&rsquo;importance de cette utilisation numismatique dans le d\u00e9partement de la Loire est sans doute li\u00e9e \u00e0 la proximit\u00e9 de ces lieux de production, mais l&rsquo;article r\u00e9v\u00e8le que la \u00ab\u00a0Manu\u00a0\u00bb a \u00e9t\u00e9 jusqu&rsquo;\u00e0 la veille de la seconde guerre mondiale un producteur pour le monde entier (France et Colonies) de ces jetons qui font l&rsquo;objet de votre collection.<\/p>\n","protected":false},"excerpt":{"rendered":"<p>Cet article est gratuit pour les adh\u00e9rents ACJM \u00e0 jour de leurs cotisations annuelles (utiliser l&rsquo;option paiement \u00e0 la livraison).<\/p>\n","protected":false},"featured_media":110297,"comment_status":"open","ping_status":"closed","template":"","meta":[],"product_cat":[203],"product_tag":[],"class_list":{"0":"post-110294","1":"product","2":"type-product","3":"status-publish","4":"has-post-thumbnail","6":"product_cat-etudes","8":"first","9":"instock","10":"downloadable","11":"virtual","12":"purchasable","13":"product-type-simple"},"_links":{"self":[{"href":"https:\/\/wikicollection.fr\/index.php?rest_route=\/wp\/v2\/product\/110294","targetHints":{"allow":["GET"]}}],"collection":[{"href":"https:\/\/wikicollection.fr\/index.php?rest_route=\/wp\/v2\/product"}],"about":[{"href":"https:\/\/wikicollection.fr\/index.php?rest_route=\/wp\/v2\/types\/product"}],"replies":[{"embeddable":true,"href":"https:\/\/wikicollection.fr\/index.php?rest_route=%2Fwp%2Fv2%2Fcomments&post=110294"}],"wp:featuredmedia":[{"embeddable":true,"href":"https:\/\/wikicollection.fr\/index.php?rest_route=\/wp\/v2\/media\/110297"}],"wp:attachment":[{"href":"https:\/\/wikicollection.fr\/index.php?rest_route=%2Fwp%2Fv2%2Fmedia&parent=110294"}],"wp:term":[{"taxonomy":"product_cat","embeddable":true,"href":"https:\/\/wikicollection.fr\/index.php?rest_route=%2Fwp%2Fv2%2Fproduct_cat&post=110294"},{"taxonomy":"product_tag","embeddable":true,"href":"https:\/\/wikicollection.fr\/index.php?rest_route=%2Fwp%2Fv2%2Fproduct_tag&post=110294"}],"curies":[{"name":"wp","href":"https:\/\/api.w.org\/{rel}","templated":true}]}}