{"id":10015,"date":"2015-10-21T07:04:24","date_gmt":"2015-10-21T06:04:24","guid":{"rendered":"http:\/\/wikicollection.fr\/?post_type=product&#038;p=10015"},"modified":"2018-03-25T14:25:23","modified_gmt":"2018-03-25T13:25:23","slug":"catalogue-des-billets-metaux","status":"publish","type":"product","link":"https:\/\/wikicollection.fr\/?product=catalogue-des-billets-metaux","title":{"rendered":"Catalogue des billets m\u00e9taux"},"content":{"rendered":"<p><b>Catalogue des \u00e9missions de titres de rationnement Fran\u00e7ais de 1939 \u00e0 1950 pour les produits industriels par Laurent NESLY<br \/>\n<\/b><em>OCRPI &#8211; Section des fontes, fers et aciers (A), des m\u00e9taux ferreux et produits finis (P) et des m\u00e9taux non ferreux(B)<\/em><b><br \/>\n<\/b><br \/>\nDans ce volume est d\u00e9crit la \u00a0\u00bb monnaie-mati\u00e8re \u00a0\u00bb \u00e9mise par la section des fontes, fers et aciers (OFFA), et des sections des m\u00e9taux ferreux et produits finis ainsi que des m\u00e9taux non ferreux. Il nous a paru opportun de les rassembler dans un m\u00eame fascicule.<br \/>\nCet inventaire pr\u00e9sente un th\u00e8me de collection tr\u00e8s riche, apparent\u00e9 \u00e0 la numismatique puisqu&rsquo;il s&rsquo;agit d&rsquo;\u00e9mission de billets mais au-del\u00e0 des billets c&rsquo;est un th\u00e8me tout aussi riche qui passionne certains d&rsquo;entre nous depuis de longues ann\u00e9es, le rationnement et tous ces documents qui ont touch\u00e9s la vie des Fran\u00e7ais durant l&rsquo;occupation et apr\u00e8s la lib\u00e9ration jusqu&rsquo;en 1949 en France et dans les colonies.<br \/>\nCe th\u00e8me de collection peut s&rsquo;aborder de diverses mani\u00e8res et c&rsquo;est pour cette raison que l&rsquo;auteur a voulu y pr\u00e9senter toutes les vari\u00e9t\u00e9s qui constituent cet ensemble et pour lequel il reste encore beaucoup \u00e0 d\u00e9couvrir.<br \/>\n&#8211; Les \u00e9missions avec ses tonnages<br \/>\n&#8211; Les dates d&rsquo;\u00e9mission pour lequel il existe toujours quelques incertitudes<br \/>\n&#8211; Les surcharges diverses que l&rsquo;on peut rencontrer<br \/>\n&#8211; Les variantes d&rsquo;impression<br \/>\n&#8211; Les billets non \u00e9mis et ceux avec d\u00e9fauts d&rsquo;impression<br \/>\n&#8211; Les cachets \u00e0 l&rsquo;endos pour les r\u00e9gionalistes et les \u00e9missions locales ou coloniales<br \/>\n&#8211; Les faux billets<\/p>\n<p>Etude de 247 pages, en couleur<br \/>\nPrix d&rsquo;achat : 10\u20ac format num\u00e9rique<\/p>\n<p>Quelques exemples de pages<\/p>\n<p><a href=\"http:\/\/www.wikicollection.fr\/wp-content\/uploads\/Acier0.jpg\" data-rel=\"lightbox-image-0\" data-magnific_type=\"image\" data-rl_title=\"\" data-rl_caption=\"\" title=\"\"><img loading=\"lazy\" decoding=\"async\" class=\"alignnone size-full wp-image-44\" src=\"http:\/\/www.wikicollection.fr\/wp-content\/uploads\/Acier0.jpg\" alt=\"Acier0\" width=\"988\" height=\"692\" srcset=\"https:\/\/wikicollection.fr\/wp-content\/uploads\/Acier0.jpg 988w, https:\/\/wikicollection.fr\/wp-content\/uploads\/Acier0-300x210.jpg 300w, https:\/\/wikicollection.fr\/wp-content\/uploads\/Acier0-130x90.jpg 130w\" sizes=\"auto, (max-width: 988px) 100vw, 988px\" \/><\/a><\/p>\n<p><a href=\"http:\/\/www.wikicollection.fr\/wp-content\/uploads\/Acier1.jpg\" data-rel=\"lightbox-image-1\" data-magnific_type=\"image\" data-rl_title=\"\" data-rl_caption=\"\" title=\"\"><img loading=\"lazy\" decoding=\"async\" class=\"alignnone size-full wp-image-45\" src=\"http:\/\/www.wikicollection.fr\/wp-content\/uploads\/Acier1.jpg\" alt=\"Acier1\" width=\"986\" height=\"692\" srcset=\"https:\/\/wikicollection.fr\/wp-content\/uploads\/Acier1.jpg 986w, https:\/\/wikicollection.fr\/wp-content\/uploads\/Acier1-300x211.jpg 300w, https:\/\/wikicollection.fr\/wp-content\/uploads\/Acier1-130x90.jpg 130w\" sizes=\"auto, (max-width: 986px) 100vw, 986px\" \/><br \/>\n<\/a><\/p>\n<p><a href=\"http:\/\/www.wikicollection.fr\/wp-content\/uploads\/Acier2.jpg\" data-rel=\"lightbox-image-2\" data-magnific_type=\"image\" data-rl_title=\"\" data-rl_caption=\"\" title=\"\"><img loading=\"lazy\" decoding=\"async\" class=\"alignnone size-full wp-image-46\" src=\"http:\/\/www.wikicollection.fr\/wp-content\/uploads\/Acier2.jpg\" alt=\"Acier2\" width=\"989\" height=\"692\" srcset=\"https:\/\/wikicollection.fr\/wp-content\/uploads\/Acier2.jpg 989w, https:\/\/wikicollection.fr\/wp-content\/uploads\/Acier2-300x210.jpg 300w, https:\/\/wikicollection.fr\/wp-content\/uploads\/Acier2-130x90.jpg 130w\" sizes=\"auto, (max-width: 989px) 100vw, 989px\" \/><\/a><\/p>\n<p>&nbsp;<\/p>\n<div id=\"dc_vk_code\" style=\"display: none;\"><\/div>\n","protected":false},"excerpt":{"rendered":"<p>Dans ce volume au format num\u00e9rique est d\u00e9crit la \u00a0\u00bb monnaie-mati\u00e8re \u00a0\u00bb \u00e9mise par la section des fontes, fers et aciers (OFFA), et des sections des m\u00e9taux ferreux et produits finis ainsi que des m\u00e9taux non ferreux.<\/p>\n<div id=\"dc_vk_code\" style=\"display: none;\"><\/div>\n","protected":false},"featured_media":85811,"comment_status":"open","ping_status":"closed","template":"","meta":[],"product_cat":[45],"product_tag":[],"class_list":{"0":"post-10015","1":"product","2":"type-product","3":"status-publish","4":"has-post-thumbnail","6":"product_cat-bibliographie","8":"first","9":"instock","10":"downloadable","11":"virtual","12":"purchasable","13":"product-type-simple"},"_links":{"self":[{"href":"https:\/\/wikicollection.fr\/index.php?rest_route=\/wp\/v2\/product\/10015","targetHints":{"allow":["GET"]}}],"collection":[{"href":"https:\/\/wikicollection.fr\/index.php?rest_route=\/wp\/v2\/product"}],"about":[{"href":"https:\/\/wikicollection.fr\/index.php?rest_route=\/wp\/v2\/types\/product"}],"replies":[{"embeddable":true,"href":"https:\/\/wikicollection.fr\/index.php?rest_route=%2Fwp%2Fv2%2Fcomments&post=10015"}],"wp:featuredmedia":[{"embeddable":true,"href":"https:\/\/wikicollection.fr\/index.php?rest_route=\/wp\/v2\/media\/85811"}],"wp:attachment":[{"href":"https:\/\/wikicollection.fr\/index.php?rest_route=%2Fwp%2Fv2%2Fmedia&parent=10015"}],"wp:term":[{"taxonomy":"product_cat","embeddable":true,"href":"https:\/\/wikicollection.fr\/index.php?rest_route=%2Fwp%2Fv2%2Fproduct_cat&post=10015"},{"taxonomy":"product_tag","embeddable":true,"href":"https:\/\/wikicollection.fr\/index.php?rest_route=%2Fwp%2Fv2%2Fproduct_tag&post=10015"}],"curies":[{"name":"wp","href":"https:\/\/api.w.org\/{rel}","templated":true}]}}