{"id":10006,"date":"2015-10-20T09:10:37","date_gmt":"2015-10-20T08:10:37","guid":{"rendered":"http:\/\/wikicollection.fr\/?post_type=product&#038;p=10006"},"modified":"2018-03-25T16:15:48","modified_gmt":"2018-03-25T15:15:48","slug":"les-comptes-de-points-textiles-bancaires-et-postaux","status":"publish","type":"product","link":"https:\/\/wikicollection.fr\/?product=les-comptes-de-points-textiles-bancaires-et-postaux","title":{"rendered":"Les comptes de points textiles bancaires et postaux"},"content":{"rendered":"<p>Lorsqu\u2019il y a quelques ann\u00e9es, je me suis int\u00e9ress\u00e9 aux aspects philat\u00e9liques de la r\u00e9glementation des points-textiles mis en place pendant la derni\u00e8re guerre, je ne soup\u00e7onnais pas que d\u2019autres personnes faisaient des recherches parall\u00e8les sur ce sujet aust\u00e8re, et que mon article susciterait l\u2019int\u00e9r\u00eat sympathique de plusieurs lecteurs.<\/p>\n<p>Daniel GIRAULT, passionn\u00e9 et grand sp\u00e9cialiste de tout ce qui a trait au rationnement pendant la p\u00e9riode 1940\/1950, domaine dans lequel il a rassembl\u00e9 plusieurs milliers de documents, a \u00e9largi l\u2019\u00e9tude \u00e0 de nombreux aspects que j\u2019avais laiss\u00e9 de c\u00f4t\u00e9. Il a eu la bonne id\u00e9e d\u2019\u00e9tendre son travail \u00e0 l\u2019ensemble des documents et vignettes mis en service pour les besoins du rationnement dans le domaine textile.<\/p>\n<p>L\u2019Union Marcophile lui offre la possibilit\u00e9 d\u2019exposer de fa\u00e7on compl\u00e8te le fruit de ses recherches sur ce sujet, \u00e0 la fois myst\u00e9rieux et passionnant, sur lequel il n\u2019existe pratiquement aucune litt\u00e9rature. Sont ainsi abord\u00e9s, outre les aspects marcophiles, la r\u00e9glementation \u00e9conomique mise en place, les formulaires n\u00e9cessaires au service des points, les vignettes utilis\u00e9es dans les diff\u00e9rents cas pr\u00e9vus par les textes, etc\u2026<\/p>\n<p>Extrait de la pr\u00e9face par G\u00e9rard DESARNAUD de l\u2019Acad\u00e9mie de Philat\u00e9lie<\/p>\n<p><strong>Titre :<\/strong> Les comptes de points textiles bancaires et postaux<strong><br \/>\nAuteur :<\/strong> Daniel GIRAULT<br \/>\n<strong>Prix :<\/strong> 16\u20ac (port inclus) aupr\u00e8s de l\u2019association<br \/>\nLes feuilles marcophiles \u2013 suppl\u00e9ment au n\u00b0326<br \/>\nRevue fran\u00e7aise de marcophilie et d\u2019histoire postale<\/p>\n<p>&nbsp;<\/p>\n","protected":false},"excerpt":{"rendered":"<p>Les comptes de points textiles bancaires et postaux<\/p>\n<div id=\"dc_vk_code\" style=\"display: none;\"><\/div>\n","protected":false},"featured_media":85817,"comment_status":"open","ping_status":"closed","template":"","meta":[],"product_cat":[45],"product_tag":[],"class_list":{"0":"post-10006","1":"product","2":"type-product","3":"status-publish","4":"has-post-thumbnail","6":"product_cat-bibliographie","7":"product_shipping_class-livraison-envoi-tres-leger","9":"first","10":"instock","11":"purchasable","12":"product-type-simple"},"_links":{"self":[{"href":"https:\/\/wikicollection.fr\/index.php?rest_route=\/wp\/v2\/product\/10006","targetHints":{"allow":["GET"]}}],"collection":[{"href":"https:\/\/wikicollection.fr\/index.php?rest_route=\/wp\/v2\/product"}],"about":[{"href":"https:\/\/wikicollection.fr\/index.php?rest_route=\/wp\/v2\/types\/product"}],"replies":[{"embeddable":true,"href":"https:\/\/wikicollection.fr\/index.php?rest_route=%2Fwp%2Fv2%2Fcomments&post=10006"}],"wp:featuredmedia":[{"embeddable":true,"href":"https:\/\/wikicollection.fr\/index.php?rest_route=\/wp\/v2\/media\/85817"}],"wp:attachment":[{"href":"https:\/\/wikicollection.fr\/index.php?rest_route=%2Fwp%2Fv2%2Fmedia&parent=10006"}],"wp:term":[{"taxonomy":"product_cat","embeddable":true,"href":"https:\/\/wikicollection.fr\/index.php?rest_route=%2Fwp%2Fv2%2Fproduct_cat&post=10006"},{"taxonomy":"product_tag","embeddable":true,"href":"https:\/\/wikicollection.fr\/index.php?rest_route=%2Fwp%2Fv2%2Fproduct_tag&post=10006"}],"curies":[{"name":"wp","href":"https:\/\/api.w.org\/{rel}","templated":true}]}}