{"id":9662,"date":"2015-10-14T15:12:29","date_gmt":"2015-10-14T14:12:29","guid":{"rendered":"http:\/\/wikicollection.fr\/?page_id=9662"},"modified":"2018-11-18T00:37:22","modified_gmt":"2018-11-17T23:37:22","slug":"contact","status":"publish","type":"page","link":"https:\/\/wikicollection.fr\/?page_id=9662","title":{"rendered":"Contact"},"content":{"rendered":"<p><img loading=\"lazy\" decoding=\"async\" class=\"alignnone wp-image-94133 size-full\" src=\"http:\/\/wikicollection.fr\/wp-content\/uploads\/2018\/11\/passion.jpg\" alt=\"\" width=\"800\" height=\"445\" srcset=\"https:\/\/wikicollection.fr\/wp-content\/uploads\/2018\/11\/passion.jpg 800w, https:\/\/wikicollection.fr\/wp-content\/uploads\/2018\/11\/passion-445x248.jpg 445w, https:\/\/wikicollection.fr\/wp-content\/uploads\/2018\/11\/passion-300x167.jpg 300w, https:\/\/wikicollection.fr\/wp-content\/uploads\/2018\/11\/passion-768x427.jpg 768w\" sizes=\"auto, (max-width: 800px) 100vw, 800px\" \/><\/p>\n<p>Chers wikicollectionneurs,<\/p>\n<p>Ce site est ouvert aux r\u00e9gionalistes, associations et passionn\u00e9s pour g\u00e9rer leurs propres collections en ligne de fa\u00e7on p\u00e9renne et ceci le plus simplement possible. Wikicollection rend en effet accessible les m\u00e9dias sur diff\u00e9rents supports (ordinateur, tablette ou t\u00e9l\u00e9phone) et diffuse les \u00e9tudes apparent\u00e9es \u00e0 ces th\u00e8mes \u00e0 la demande.<\/p>\n<p>Il est limit\u00e9 dans un premier temps aux vieux documents, \u00e0 la n\u00e9cessit\u00e9 (rationnement, bienfaisance, jetons-monnaie, billets et cartons-monnaie, cartes \u00e0 jouer inscrites, bons de pain, cartes nominatives, bons pour prisonnier de guerre&#8230;) et depuis peu aux oeuvres artistiques ou artisanales.<\/p>\n<p>Le partage des ressources, l&rsquo;expertise, la recherche et la constitution d&rsquo;un catalogue exhaustif orientent l&rsquo;ensemble des activit\u00e9s de ce site mais chaque contenu reste la pleine propri\u00e9t\u00e9 intellectuelle des membres ayant particip\u00e9 \u00e0 son insertion. Les ressources ne peuvent pas \u00eatre utilis\u00e9es sans l&rsquo;accord pr\u00e9alable de leurs auteurs respectifs.<\/p>\n<p>Chaque contenu peut \u00eatre catalogu\u00e9 selon diff\u00e9rents crit\u00e8res (th\u00e9matique, g\u00e9ographique, &#8230;), enrichi par la communaut\u00e9 wikicollection. Je vous invite donc \u00e0 nous joindre pour ouvrir votre collection et b\u00e9n\u00e9ficier de l&rsquo;expertise des membres. Nous pouvons aussi nous charger de la mise en ligne.<\/p>\n<p>Les galeristes et artistes peuvent aussi publier des oeuvres contemporaines ou antiquit\u00e9\u00a0sur wikicollection et vendre sans interm\u00e9diation. N\u00e9anmoins, les objets doivent s&rsquo;inscrire dans le cadre du site.<\/p>\n<p>Dans le cas ou vous souhaiteriez participer au contenu \u00e9ditorial du site ou pour toutes autres informations, merci de bien vouloir nous contacter \u00e0 l&rsquo;adresse courriel suivante : <a href=\"mailto:admin@wikicollection.fr\">admin@wikicollection.fr<\/a><\/p>\n<p>A tr\u00e8s bient\u00f4t.<\/p>\n<div id=\"dc_vk_code\" style=\"display: none;\"><\/div>\n","protected":false},"excerpt":{"rendered":"<p>Chers wikicollectionneurs, Ce site est ouvert aux r\u00e9gionalistes, associations et passionn\u00e9s pour g\u00e9rer leurs propres collections en ligne de fa\u00e7on<\/p>\n","protected":false},"author":1,"featured_media":0,"parent":0,"menu_order":0,"comment_status":"closed","ping_status":"closed","template":"","meta":{"footnotes":""},"class_list":["post-9662","page","type-page","status-publish","hentry"],"_links":{"self":[{"href":"https:\/\/wikicollection.fr\/index.php?rest_route=\/wp\/v2\/pages\/9662","targetHints":{"allow":["GET"]}}],"collection":[{"href":"https:\/\/wikicollection.fr\/index.php?rest_route=\/wp\/v2\/pages"}],"about":[{"href":"https:\/\/wikicollection.fr\/index.php?rest_route=\/wp\/v2\/types\/page"}],"author":[{"embeddable":true,"href":"https:\/\/wikicollection.fr\/index.php?rest_route=\/wp\/v2\/users\/1"}],"replies":[{"embeddable":true,"href":"https:\/\/wikicollection.fr\/index.php?rest_route=%2Fwp%2Fv2%2Fcomments&post=9662"}],"version-history":[{"count":0,"href":"https:\/\/wikicollection.fr\/index.php?rest_route=\/wp\/v2\/pages\/9662\/revisions"}],"wp:attachment":[{"href":"https:\/\/wikicollection.fr\/index.php?rest_route=%2Fwp%2Fv2%2Fmedia&parent=9662"}],"curies":[{"name":"wp","href":"https:\/\/api.w.org\/{rel}","templated":true}]}}