{"id":85926,"date":"2018-03-29T11:09:01","date_gmt":"2018-03-29T10:09:01","guid":{"rendered":"http:\/\/wikicollection.fr\/?page_id=85926"},"modified":"2018-04-01T14:01:23","modified_gmt":"2018-04-01T13:01:23","slug":"s","status":"publish","type":"page","link":"https:\/\/wikicollection.fr\/?page_id=85926","title":{"rendered":"Les ventes ou \u00e9changes en cours"},"content":{"rendered":"<p>Wikicollection permet <strong>d&rsquo;acheter, de vendre ou d&rsquo;\u00e9changer<\/strong> des objets simplement. Lorsqu&rsquo;un objet est disponible \u00e0 la vente ou \u00e0 l&rsquo;\u00e9change, vous devez cliquer sur rechercher et automatiquement le vendeur se mettra en relation avec vous et \u00e9changera plus d&rsquo;information (num\u00e9risation ou photo, \u00e9tat, prix, exp\u00e9dition&#8230;). il est recommand\u00e9 de suivre la cotation indicative lorsqu&rsquo;elle est disponible pour une transaction r\u00e9ussie.<br \/>\nBonnes transactions<\/p>\n<p><a href=\"http:\/\/wikicollection.fr\/wp-content\/uploads\/2018\/03\/rech2.jpg\" data-rel=\"lightbox-image-0\" data-magnific_type=\"image\" data-rl_title=\"\" data-rl_caption=\"\" title=\"\"><img loading=\"lazy\" decoding=\"async\" class=\"alignnone wp-image-86091\" src=\"http:\/\/wikicollection.fr\/wp-content\/uploads\/2018\/03\/rech2.jpg\" alt=\"\" width=\"489\" height=\"280\" srcset=\"https:\/\/wikicollection.fr\/wp-content\/uploads\/2018\/03\/rech2.jpg 906w, https:\/\/wikicollection.fr\/wp-content\/uploads\/2018\/03\/rech2-445x255.jpg 445w, https:\/\/wikicollection.fr\/wp-content\/uploads\/2018\/03\/rech2-300x172.jpg 300w, https:\/\/wikicollection.fr\/wp-content\/uploads\/2018\/03\/rech2-768x440.jpg 768w\" sizes=\"auto, (max-width: 489px) 100vw, 489px\" \/><\/a><\/p>\n<table width=\"400\">\n<tbody>\n<tr>\n<td>Cette zone de recherche permet de s\u00e9lectionner les objets sur tout wikicollection selon vos crit\u00e8res.<br \/>\nExemple : jeton, rationnement, &#8230;<br \/>\n<form role=\"search\" method=\"get\" id=\"searchform\" class=\"searchform\" action=\"\/\"><div><label class=\"screen-reader-text\" for=\"s\">Crit res de recherche:<\/label><input type=\"text\" value=\"\" name=\"s\" id=\"s\" \/><input type=\"hidden\" name=\"cat\" value=\"215\" \/><input type=\"submit\" id=\"searchsubmit\" value=\"Rechercher\" \/><\/div><\/form><\/td>\n<\/tr>\n<\/tbody>\n<\/table>\n<p>&nbsp;<\/p>\n<p><a href=\"http:\/\/wikicollection.fr\/?cat=215\"><img loading=\"lazy\" decoding=\"async\" class=\"alignnone wp-image-8488\" src=\"http:\/\/wikicollection.fr\/wp-content\/uploads\/2015\/09\/fleche1.jpg\" alt=\"fleche\" width=\"20\" height=\"20\" \/>\u00a0Afficher toutes les ventes <\/a><\/p>\n","protected":false},"excerpt":{"rendered":"<p>Wikicollection permet d&rsquo;acheter, de vendre ou d&rsquo;\u00e9changer des objets simplement. Lorsqu&rsquo;un objet est disponible \u00e0 la vente ou \u00e0 l&rsquo;\u00e9change,<\/p>\n","protected":false},"author":1,"featured_media":0,"parent":0,"menu_order":0,"comment_status":"closed","ping_status":"closed","template":"","meta":{"footnotes":""},"class_list":["post-85926","page","type-page","status-publish","hentry"],"_links":{"self":[{"href":"https:\/\/wikicollection.fr\/index.php?rest_route=\/wp\/v2\/pages\/85926","targetHints":{"allow":["GET"]}}],"collection":[{"href":"https:\/\/wikicollection.fr\/index.php?rest_route=\/wp\/v2\/pages"}],"about":[{"href":"https:\/\/wikicollection.fr\/index.php?rest_route=\/wp\/v2\/types\/page"}],"author":[{"embeddable":true,"href":"https:\/\/wikicollection.fr\/index.php?rest_route=\/wp\/v2\/users\/1"}],"replies":[{"embeddable":true,"href":"https:\/\/wikicollection.fr\/index.php?rest_route=%2Fwp%2Fv2%2Fcomments&post=85926"}],"version-history":[{"count":0,"href":"https:\/\/wikicollection.fr\/index.php?rest_route=\/wp\/v2\/pages\/85926\/revisions"}],"wp:attachment":[{"href":"https:\/\/wikicollection.fr\/index.php?rest_route=%2Fwp%2Fv2%2Fmedia&parent=85926"}],"curies":[{"name":"wp","href":"https:\/\/api.w.org\/{rel}","templated":true}]}}